{"id":45392,"date":"2026-02-10T11:39:22","date_gmt":"2026-02-10T09:39:22","guid":{"rendered":"https:\/\/toidupakk.ee\/toode\/universali-moduline-kisene-su-lipniu-uzsegimu-mil-tec\/"},"modified":"2026-04-03T22:01:02","modified_gmt":"2026-04-03T19:01:02","slug":"universali-moduline-kisene-su-lipniu-uzsegimu-mil-tec","status":"publish","type":"product","link":"https:\/\/toidupakk.ee\/lt\/toode\/universali-moduline-kisene-su-lipniu-uzsegimu-mil-tec\/","title":{"rendered":"Universali modulin\u0117 ki\u0161en\u0117 su lipniu u\u017esegimu MIL-TEC\u00ae"},"content":{"rendered":"<h2>Universali modulin\u0117 ki\u0161en\u0117 su lipniu u\u017esegimu MIL-TEC\u00ae \u2013 prakti\u0161kas palydovas bet kokioje situacijoje<\/h2>\n<h2><img fetchpriority=\"high\" decoding=\"async\" class=\"alignright wp-image-44908 \" src=\"https:\/\/toidupakk.ee\/wp-content\/uploads\/2026\/02\/tasku1.webp\" alt=\"ki\u0161en\u0117s su lipniu u\u017esegimu vaizdas i\u0161 priekio\" width=\"400\" height=\"400\" srcset=\"https:\/\/toidupakk.ee\/wp-content\/uploads\/2026\/02\/tasku1.webp 800w, https:\/\/toidupakk.ee\/wp-content\/uploads\/2026\/02\/tasku1-300x300.webp 300w, https:\/\/toidupakk.ee\/wp-content\/uploads\/2026\/02\/tasku1-500x500.webp 500w, https:\/\/toidupakk.ee\/wp-content\/uploads\/2026\/02\/tasku1-768x768.webp 768w, https:\/\/toidupakk.ee\/wp-content\/uploads\/2026\/02\/tasku1-400x400.webp 400w, https:\/\/toidupakk.ee\/wp-content\/uploads\/2026\/02\/tasku1-100x100.webp 100w, https:\/\/toidupakk.ee\/wp-content\/uploads\/2026\/02\/tasku1-50x50.webp 50w\" sizes=\"(max-width: 400px) 100vw, 400px\" \/><\/h2>\n<p data-start=\"169\" data-end=\"569\">Universali MIL-TEC\u00ae ki\u0161en\u0117 su lipniu u\u017esegimu yra kompakti\u0161kas ir apgalvotas sprendimas tiems, kuriems reikia papildomos vietos patogiam smulki\u0173 daikt\u0173, \u012franki\u0173 ar \u012frangos laikymui.<\/p>\n<p data-start=\"169\" data-end=\"569\"> Modulin\u0117 ki\u0161en\u0117s konstrukcija leid\u017eia j\u0105 greitai ir saugiai pritvirtinti d\u0117l visoje nugar\u0117l\u0117je esan\u010dio lipnaus u\u017esegimo. D\u0117l to \u0161i ki\u0161en\u0117 yra idealus palydovas tiek taktin\u0117se u\u017eduotyse, tiek \u017eygiuose ar kasdieniuose lauko darbuose. <\/p>\n<p data-start=\"571\" data-end=\"1076\">Priekin\u0117je ki\u0161en\u0117s dalyje yra nuimamas MIL-TEC\u00ae antsiuvas, suteikiantis galimyb\u0119 personalizuoti. Ma\u017ea priekin\u0117 ki\u0161en\u0117 su u\u017etrauktuku puikiai tinka raktams, kortel\u0117ms ar kitiems lengvai pasiekiamiems smulkiems daiktams. Pagrindinis skyrius turi dvipus\u012f u\u017etrauktuk\u0105 ir vidin\u0119 tinklin\u0119 ki\u0161en\u0119 saugiam laikymui ir geresnei ap\u017evalgai. Be to, viduje yra dvi atviros ki\u0161en\u0117s ir plati gumin\u0117 juosta daiktams pritvirtinti, kuri i\u0161laiko visus reikmenis vietoje net aktyviai judant.   <\/p>\n<p data-start=\"1078\" data-end=\"1466\">Apatin\u0117je ki\u0161en\u0117s dalyje yra \u201eMolle\u201c dir\u017eeliai, leid\u017eiantys j\u0105 pritvirtinti prie papildomos \u012frangos arba derinti su kitais \u201eMolle\u201c komponentais. Kokybi\u0161kas 100 % poliesterio audinys, padengtas poliuretanu, u\u017etikrina patvarum\u0105 ir ilgaam\u017ei\u0161kum\u0105 net at\u0161iauriomis s\u0105lygomis. Kompakti\u0161kas dydis \u2013 15 \u00d7 5,5 \u00d7 17,5 cm \u2013 paver\u010dia ki\u0161en\u0119 lengvu ir patogiu, ta\u010diau steb\u0117tinai talpiu sprendimu.  <\/p>\n<p data-start=\"1468\" data-end=\"1775\">Universali MIL-TEC\u00ae ki\u0161en\u0117 su lipniu u\u017esegimu yra prakti\u0161ka, greitai pasiekiama ir modulin\u0117. Ji puikiai tinka \u017eygiams, taktin\u0117ms i\u0161vykoms, darbui ar kasdieniam naudojimui, u\u017etikrindama saug\u0173 ir tvarking\u0105 vis\u0173 smulki\u0173 daikt\u0173, kuri\u0173 tau reikia po ranka, laikym\u0105. <\/p>\n<p><img decoding=\"async\" class=\"alignnone wp-image-44909\" src=\"https:\/\/toidupakk.ee\/wp-content\/uploads\/2026\/02\/tasku2-300x300.webp\" alt=\"\" width=\"391\" height=\"391\" srcset=\"https:\/\/toidupakk.ee\/wp-content\/uploads\/2026\/02\/tasku2-300x300.webp 300w, https:\/\/toidupakk.ee\/wp-content\/uploads\/2026\/02\/tasku2-500x500.webp 500w, https:\/\/toidupakk.ee\/wp-content\/uploads\/2026\/02\/tasku2-768x768.webp 768w, https:\/\/toidupakk.ee\/wp-content\/uploads\/2026\/02\/tasku2-400x400.webp 400w, https:\/\/toidupakk.ee\/wp-content\/uploads\/2026\/02\/tasku2-100x100.webp 100w, https:\/\/toidupakk.ee\/wp-content\/uploads\/2026\/02\/tasku2-50x50.webp 50w, https:\/\/toidupakk.ee\/wp-content\/uploads\/2026\/02\/tasku2.webp 800w\" sizes=\"(max-width: 391px) 100vw, 391px\" \/><\/p>\n<p>Daugiau \u017eygio reikmen\u0173 rasi <a href=\"https:\/\/toidupakk.ee\/lt\/tootekategooria\/zygio-iranga\/#section-3-79\">\u010cIA<\/a><\/p>\n<p>Pasisemk \u012fkv\u0117pimo kitiems nuotykiams \u201eToidupakk\u201c <a href=\"https:\/\/www.instagram.com\/toidupakk\/\">Instagram<\/a> ir <a href=\"https:\/\/www.facebook.com\/Toidupakk\/\">Facebook<\/a> paskyrose.<\/p>\n","protected":false},"excerpt":{"rendered":"<p data-start=\"75\" data-end=\"441\"><strong>Universali MIL-TEC\u00ae ki\u0161en\u0117 su lipniu u\u017esegimu yra kompakti\u0161kas ir universalus sprendimas papildomai \u012frangai laikyti. Tinka tvirtinti prie dir\u017eo, kuprin\u0117s ar kitos MOLLE sistemos, u\u017etikrinant greit\u0105 prieig\u0105 ir saug\u0173 laikym\u0105. Ki\u0161en\u0117s nugar\u0117l\u0117je yra lipnus u\u017esegimas, leid\u017eiantis lengvai j\u0105 u\u017ed\u0117ti ir nuimti, o priekyje \u2013 nuimama zona su \u201eMil-Tec\u00ae\u201c emblema.  <\/strong><\/p>\n<ul>\n<li data-start=\"445\" data-end=\"512\">Ma\u017ea priekin\u0117 ki\u0161en\u0117 su u\u017etrauktuku greitam smulki\u0173 daikt\u0173 laikymui<\/li>\n<li data-start=\"515\" data-end=\"550\">Didelis pagrindinis skyrius su dvipusiu u\u017etrauktuku<\/li>\n<li data-start=\"553\" data-end=\"608\">Vidin\u0117 tinklin\u0117 ki\u0161en\u0117 su u\u017etrauktuku ir dvi paprastos vidin\u0117s ki\u0161en\u0117s<\/li>\n<li data-start=\"654\" data-end=\"702\">MOLLE kilpos apa\u010dioje papildomai \u012frangai tvirtinti<\/li>\n<li data-start=\"705\" data-end=\"754\">Med\u017eiaga: 100 % poliesteris, padengtas poliuretanu<\/li>\n<li data-start=\"757\" data-end=\"785\">Matmenys: 15 \u00d7 5,5 \u00d7 17,5 cm<\/li>\n<\/ul>\n<p data-start=\"787\" data-end=\"828\" data-is-last-node=\"\" data-is-only-node=\"\">\u2705 Turime sand\u0117lyje, greitas pristatymas per 1\u20133 darbo dienas<\/p>\n","protected":false},"featured_media":44908,"comment_status":"open","ping_status":"closed","template":"","meta":{"_acf_changed":false},"product_brand":[],"product_cat":[193,192,189,190],"product_tag":[194],"class_list":{"0":"post-45392","1":"product","2":"type-product","3":"status-publish","4":"has-post-thumbnail","6":"product_cat-karine-ekipuote","7":"product_cat-molle-deklai-ir-priedai","8":"product_cat-zygio-iranga","9":"product_cat-zygio-prekes","10":"product_tag-no_ads","12":"first","13":"instock","14":"taxable","15":"shipping-taxable","16":"purchasable","17":"product-type-simple"},"bundled_by":[],"bundle_stock_status":"instock","bundle_stock_quantity":5,"bundle_virtual":false,"bundle_layout":"","bundle_add_to_cart_form_location":"","bundle_editable_in_cart":false,"bundle_sold_individually_context":"","bundle_item_grouping":"","bundle_min_size":"","bundle_max_size":"","bundle_price":[],"bundled_items":[],"bundle_sell_ids":[],"acf":[],"yoast_head":"<!-- This site is optimized with the Yoast SEO plugin v27.1.1 - https:\/\/yoast.com\/product\/yoast-seo-wordpress\/ -->\n<title>Universali modulin\u0117 ki\u0161en\u0117 su lipniu u\u017esegimu MIL-TEC\u00ae<\/title>\n<meta name=\"description\" content=\"Universali MIL-TEC\u00ae ki\u0161en\u0117 su lipniu u\u017esegimu \u2013 tai kompakti\u0161ka ir modulin\u0117 ki\u0161en\u0117 greitai pasiekiam\u0173 smulki\u0173 daikt\u0173 laikymui.\" \/>\n<meta name=\"robots\" content=\"index, follow, max-snippet:-1, max-image-preview:large, max-video-preview:-1\" \/>\n<link rel=\"canonical\" href=\"https:\/\/toidupakk.ee\/lt\/toode\/universali-moduline-kisene-su-lipniu-uzsegimu-mil-tec\/\" \/>\n<meta property=\"og:locale\" content=\"lt_LT\" \/>\n<meta property=\"og:type\" content=\"article\" \/>\n<meta property=\"og:title\" content=\"Universali modulin\u0117 ki\u0161en\u0117 su lipniu u\u017esegimu MIL-TEC\u00ae\" \/>\n<meta property=\"og:description\" content=\"Universali MIL-TEC\u00ae ki\u0161en\u0117 su lipniu u\u017esegimu \u2013 tai kompakti\u0161ka ir modulin\u0117 ki\u0161en\u0117 greitai pasiekiam\u0173 smulki\u0173 daikt\u0173 laikymui.\" \/>\n<meta property=\"og:url\" content=\"https:\/\/toidupakk.ee\/lt\/toode\/universali-moduline-kisene-su-lipniu-uzsegimu-mil-tec\/\" \/>\n<meta property=\"og:site_name\" content=\"Toidupakk.ee - Tactical Foodpack toidupakid\" \/>\n<meta property=\"article:publisher\" content=\"https:\/\/www.facebook.com\/Toidupakk\" \/>\n<meta property=\"article:modified_time\" content=\"2026-04-03T19:01:02+00:00\" \/>\n<meta property=\"og:image\" content=\"https:\/\/toidupakk.ee\/wp-content\/uploads\/2026\/02\/tasku1.webp\" \/>\n\t<meta property=\"og:image:width\" content=\"800\" \/>\n\t<meta property=\"og:image:height\" content=\"800\" \/>\n\t<meta property=\"og:image:type\" content=\"image\/webp\" \/>\n<meta name=\"twitter:card\" content=\"summary_large_image\" \/>\n<meta name=\"twitter:label1\" content=\"Est. reading time\" \/>\n\t<meta name=\"twitter:data1\" content=\"1 minut\u0117\" \/>\n<script type=\"application\/ld+json\" class=\"yoast-schema-graph\">{\"@context\":\"https:\/\/schema.org\",\"@graph\":[{\"@type\":\"WebPage\",\"@id\":\"https:\/\/toidupakk.ee\/lt\/toode\/universali-moduline-kisene-su-lipniu-uzsegimu-mil-tec\/\",\"url\":\"https:\/\/toidupakk.ee\/lt\/toode\/universali-moduline-kisene-su-lipniu-uzsegimu-mil-tec\/\",\"name\":\"Universali modulin\u0117 ki\u0161en\u0117 su lipniu u\u017esegimu MIL-TEC\u00ae\",\"isPartOf\":{\"@id\":\"https:\/\/toidupakk.ee\/lt\/#website\"},\"primaryImageOfPage\":{\"@id\":\"https:\/\/toidupakk.ee\/lt\/toode\/universali-moduline-kisene-su-lipniu-uzsegimu-mil-tec\/#primaryimage\"},\"image\":{\"@id\":\"https:\/\/toidupakk.ee\/lt\/toode\/universali-moduline-kisene-su-lipniu-uzsegimu-mil-tec\/#primaryimage\"},\"thumbnailUrl\":\"https:\/\/toidupakk.ee\/wp-content\/uploads\/2026\/02\/tasku1.webp\",\"datePublished\":\"2026-02-10T09:39:22+00:00\",\"dateModified\":\"2026-04-03T19:01:02+00:00\",\"description\":\"Universali MIL-TEC\u00ae ki\u0161en\u0117 su lipniu u\u017esegimu \u2013 tai kompakti\u0161ka ir modulin\u0117 ki\u0161en\u0117 greitai pasiekiam\u0173 smulki\u0173 daikt\u0173 laikymui.\",\"breadcrumb\":{\"@id\":\"https:\/\/toidupakk.ee\/lt\/toode\/universali-moduline-kisene-su-lipniu-uzsegimu-mil-tec\/#breadcrumb\"},\"inLanguage\":\"lt-LT\",\"potentialAction\":[{\"@type\":\"ReadAction\",\"target\":[\"https:\/\/toidupakk.ee\/lt\/toode\/universali-moduline-kisene-su-lipniu-uzsegimu-mil-tec\/\"]}]},{\"@type\":\"ImageObject\",\"inLanguage\":\"lt-LT\",\"@id\":\"https:\/\/toidupakk.ee\/lt\/toode\/universali-moduline-kisene-su-lipniu-uzsegimu-mil-tec\/#primaryimage\",\"url\":\"https:\/\/toidupakk.ee\/wp-content\/uploads\/2026\/02\/tasku1.webp\",\"contentUrl\":\"https:\/\/toidupakk.ee\/wp-content\/uploads\/2026\/02\/tasku1.webp\",\"width\":800,\"height\":800,\"caption\":\"takjakinnitusega tasku eestvaade\"},{\"@type\":\"BreadcrumbList\",\"@id\":\"https:\/\/toidupakk.ee\/lt\/toode\/universali-moduline-kisene-su-lipniu-uzsegimu-mil-tec\/#breadcrumb\",\"itemListElement\":[{\"@type\":\"ListItem\",\"position\":1,\"name\":\"Avaleht\",\"item\":\"https:\/\/toidupakk.ee\/lt\/\"},{\"@type\":\"ListItem\",\"position\":2,\"name\":\"El. parduotuv\u0117\",\"item\":\"https:\/\/toidupakk.ee\/lt\/el-parduotuve\/\"},{\"@type\":\"ListItem\",\"position\":3,\"name\":\"Universali modulin\u0117 ki\u0161en\u0117 su lipniu u\u017esegimu MIL-TEC\u00ae\"}]},{\"@type\":\"WebSite\",\"@id\":\"https:\/\/toidupakk.ee\/lt\/#website\",\"url\":\"https:\/\/toidupakk.ee\/lt\/\",\"name\":\"Toidupakk.ee - Tactical Foodpack toidupakid\",\"description\":\"Tactical Foodpack k\u00fclmkuivatatud toidupakid ja matkaeined\",\"publisher\":{\"@id\":\"https:\/\/toidupakk.ee\/lt\/#organization\"},\"potentialAction\":[{\"@type\":\"SearchAction\",\"target\":{\"@type\":\"EntryPoint\",\"urlTemplate\":\"https:\/\/toidupakk.ee\/lt\/?s={search_term_string}\"},\"query-input\":{\"@type\":\"PropertyValueSpecification\",\"valueRequired\":true,\"valueName\":\"search_term_string\"}}],\"inLanguage\":\"lt-LT\"},{\"@type\":\"Organization\",\"@id\":\"https:\/\/toidupakk.ee\/lt\/#organization\",\"name\":\"Tactical Foodpack matkaeined\",\"url\":\"https:\/\/toidupakk.ee\/lt\/\",\"logo\":{\"@type\":\"ImageObject\",\"inLanguage\":\"lt-LT\",\"@id\":\"https:\/\/toidupakk.ee\/lt\/#\/schema\/logo\/image\/\",\"url\":\"https:\/\/toidupakk.ee\/wp-content\/uploads\/2022\/01\/Toidupakk-matkapood-logo-transparent.png\",\"contentUrl\":\"https:\/\/toidupakk.ee\/wp-content\/uploads\/2022\/01\/Toidupakk-matkapood-logo-transparent.png\",\"width\":500,\"height\":500,\"caption\":\"Tactical Foodpack matkaeined\"},\"image\":{\"@id\":\"https:\/\/toidupakk.ee\/lt\/#\/schema\/logo\/image\/\"},\"sameAs\":[\"https:\/\/www.facebook.com\/Toidupakk\",\"https:\/\/www.instagram.com\/toidupakk\/\"]}]}<\/script>\n<!-- \/ Yoast SEO plugin. -->","yoast_head_json":{"title":"Universali modulin\u0117 ki\u0161en\u0117 su lipniu u\u017esegimu MIL-TEC\u00ae","description":"Universali MIL-TEC\u00ae ki\u0161en\u0117 su lipniu u\u017esegimu \u2013 tai kompakti\u0161ka ir modulin\u0117 ki\u0161en\u0117 greitai pasiekiam\u0173 smulki\u0173 daikt\u0173 laikymui.","robots":{"index":"index","follow":"follow","max-snippet":"max-snippet:-1","max-image-preview":"max-image-preview:large","max-video-preview":"max-video-preview:-1"},"canonical":"https:\/\/toidupakk.ee\/lt\/toode\/universali-moduline-kisene-su-lipniu-uzsegimu-mil-tec\/","og_locale":"lt_LT","og_type":"article","og_title":"Universali modulin\u0117 ki\u0161en\u0117 su lipniu u\u017esegimu MIL-TEC\u00ae","og_description":"Universali MIL-TEC\u00ae ki\u0161en\u0117 su lipniu u\u017esegimu \u2013 tai kompakti\u0161ka ir modulin\u0117 ki\u0161en\u0117 greitai pasiekiam\u0173 smulki\u0173 daikt\u0173 laikymui.","og_url":"https:\/\/toidupakk.ee\/lt\/toode\/universali-moduline-kisene-su-lipniu-uzsegimu-mil-tec\/","og_site_name":"Toidupakk.ee - Tactical Foodpack toidupakid","article_publisher":"https:\/\/www.facebook.com\/Toidupakk","article_modified_time":"2026-04-03T19:01:02+00:00","og_image":[{"width":800,"height":800,"url":"https:\/\/toidupakk.ee\/wp-content\/uploads\/2026\/02\/tasku1.webp","type":"image\/webp"}],"twitter_card":"summary_large_image","twitter_misc":{"Est. reading time":"1 minut\u0117"},"schema":{"@context":"https:\/\/schema.org","@graph":[{"@type":"WebPage","@id":"https:\/\/toidupakk.ee\/lt\/toode\/universali-moduline-kisene-su-lipniu-uzsegimu-mil-tec\/","url":"https:\/\/toidupakk.ee\/lt\/toode\/universali-moduline-kisene-su-lipniu-uzsegimu-mil-tec\/","name":"Universali modulin\u0117 ki\u0161en\u0117 su lipniu u\u017esegimu MIL-TEC\u00ae","isPartOf":{"@id":"https:\/\/toidupakk.ee\/lt\/#website"},"primaryImageOfPage":{"@id":"https:\/\/toidupakk.ee\/lt\/toode\/universali-moduline-kisene-su-lipniu-uzsegimu-mil-tec\/#primaryimage"},"image":{"@id":"https:\/\/toidupakk.ee\/lt\/toode\/universali-moduline-kisene-su-lipniu-uzsegimu-mil-tec\/#primaryimage"},"thumbnailUrl":"https:\/\/toidupakk.ee\/wp-content\/uploads\/2026\/02\/tasku1.webp","datePublished":"2026-02-10T09:39:22+00:00","dateModified":"2026-04-03T19:01:02+00:00","description":"Universali MIL-TEC\u00ae ki\u0161en\u0117 su lipniu u\u017esegimu \u2013 tai kompakti\u0161ka ir modulin\u0117 ki\u0161en\u0117 greitai pasiekiam\u0173 smulki\u0173 daikt\u0173 laikymui.","breadcrumb":{"@id":"https:\/\/toidupakk.ee\/lt\/toode\/universali-moduline-kisene-su-lipniu-uzsegimu-mil-tec\/#breadcrumb"},"inLanguage":"lt-LT","potentialAction":[{"@type":"ReadAction","target":["https:\/\/toidupakk.ee\/lt\/toode\/universali-moduline-kisene-su-lipniu-uzsegimu-mil-tec\/"]}]},{"@type":"ImageObject","inLanguage":"lt-LT","@id":"https:\/\/toidupakk.ee\/lt\/toode\/universali-moduline-kisene-su-lipniu-uzsegimu-mil-tec\/#primaryimage","url":"https:\/\/toidupakk.ee\/wp-content\/uploads\/2026\/02\/tasku1.webp","contentUrl":"https:\/\/toidupakk.ee\/wp-content\/uploads\/2026\/02\/tasku1.webp","width":800,"height":800,"caption":"takjakinnitusega tasku eestvaade"},{"@type":"BreadcrumbList","@id":"https:\/\/toidupakk.ee\/lt\/toode\/universali-moduline-kisene-su-lipniu-uzsegimu-mil-tec\/#breadcrumb","itemListElement":[{"@type":"ListItem","position":1,"name":"Avaleht","item":"https:\/\/toidupakk.ee\/lt\/"},{"@type":"ListItem","position":2,"name":"El. parduotuv\u0117","item":"https:\/\/toidupakk.ee\/lt\/el-parduotuve\/"},{"@type":"ListItem","position":3,"name":"Universali modulin\u0117 ki\u0161en\u0117 su lipniu u\u017esegimu MIL-TEC\u00ae"}]},{"@type":"WebSite","@id":"https:\/\/toidupakk.ee\/lt\/#website","url":"https:\/\/toidupakk.ee\/lt\/","name":"Toidupakk.ee - Tactical Foodpack toidupakid","description":"Tactical Foodpack k\u00fclmkuivatatud toidupakid ja matkaeined","publisher":{"@id":"https:\/\/toidupakk.ee\/lt\/#organization"},"potentialAction":[{"@type":"SearchAction","target":{"@type":"EntryPoint","urlTemplate":"https:\/\/toidupakk.ee\/lt\/?s={search_term_string}"},"query-input":{"@type":"PropertyValueSpecification","valueRequired":true,"valueName":"search_term_string"}}],"inLanguage":"lt-LT"},{"@type":"Organization","@id":"https:\/\/toidupakk.ee\/lt\/#organization","name":"Tactical Foodpack matkaeined","url":"https:\/\/toidupakk.ee\/lt\/","logo":{"@type":"ImageObject","inLanguage":"lt-LT","@id":"https:\/\/toidupakk.ee\/lt\/#\/schema\/logo\/image\/","url":"https:\/\/toidupakk.ee\/wp-content\/uploads\/2022\/01\/Toidupakk-matkapood-logo-transparent.png","contentUrl":"https:\/\/toidupakk.ee\/wp-content\/uploads\/2022\/01\/Toidupakk-matkapood-logo-transparent.png","width":500,"height":500,"caption":"Tactical Foodpack matkaeined"},"image":{"@id":"https:\/\/toidupakk.ee\/lt\/#\/schema\/logo\/image\/"},"sameAs":["https:\/\/www.facebook.com\/Toidupakk","https:\/\/www.instagram.com\/toidupakk\/"]}]}},"jetpack_sharing_enabled":true,"_links":{"self":[{"href":"https:\/\/toidupakk.ee\/lt\/wp-json\/wp\/v2\/product\/45392","targetHints":{"allow":["GET"]}}],"collection":[{"href":"https:\/\/toidupakk.ee\/lt\/wp-json\/wp\/v2\/product"}],"about":[{"href":"https:\/\/toidupakk.ee\/lt\/wp-json\/wp\/v2\/types\/product"}],"replies":[{"embeddable":true,"href":"https:\/\/toidupakk.ee\/lt\/wp-json\/wp\/v2\/comments?post=45392"}],"wp:featuredmedia":[{"embeddable":true,"href":"https:\/\/toidupakk.ee\/lt\/wp-json\/wp\/v2\/media\/44908"}],"wp:attachment":[{"href":"https:\/\/toidupakk.ee\/lt\/wp-json\/wp\/v2\/media?parent=45392"}],"wp:term":[{"taxonomy":"product_brand","embeddable":true,"href":"https:\/\/toidupakk.ee\/lt\/wp-json\/wp\/v2\/product_brand?post=45392"},{"taxonomy":"product_cat","embeddable":true,"href":"https:\/\/toidupakk.ee\/lt\/wp-json\/wp\/v2\/product_cat?post=45392"},{"taxonomy":"product_tag","embeddable":true,"href":"https:\/\/toidupakk.ee\/lt\/wp-json\/wp\/v2\/product_tag?post=45392"}],"curies":[{"name":"wp","href":"https:\/\/api.w.org\/{rel}","templated":true}]}}