{"id":45388,"date":"2025-05-06T13:25:59","date_gmt":"2025-05-06T10:25:59","guid":{"rendered":"https:\/\/toidupakk.ee\/toode\/vandeniui-atsparus-deklas-telefonui-ir-dokumentams-16x9-cm\/"},"modified":"2026-04-21T13:30:54","modified_gmt":"2026-04-21T10:30:54","slug":"vandeniui-atsparus-deklas-telefonui-ir-dokumentams-16x9-cm","status":"publish","type":"product","link":"https:\/\/toidupakk.ee\/lt\/toode\/vandeniui-atsparus-deklas-telefonui-ir-dokumentams-16x9-cm\/","title":{"rendered":"Vandeniui atsparus d\u0117klas telefonui ir dokumentams 16&#215;9 cm"},"content":{"rendered":"<h2 data-start=\"326\" data-end=\"410\">Vandeniui atsparus d\u0117klas telefonui ir dokumentams 16&#215;9 cm \u2013 kompakti\u0161ka ir prakti\u0161ka apsauga<\/h2>\n<p class=\"\" data-start=\"412\" data-end=\"874\">Vandeniui atsparus d\u0117klas telefonui ir dokumentams 16&#215;9 cm sukurtas u\u017etikrinti patikim\u0105 smulkesni\u0173 daikt\u0173, pavyzd\u017eiui, mobili\u0173j\u0173 telefon\u0173 ir svarbi\u0173 dokument\u0173, apsaug\u0105. \u0160is d\u0117klas yra puikus pasirinkimas bet kokioje situacijoje, kai reikia u\u017etikrinti daikt\u0173 sausum\u0105 ir \u0161var\u0105 \u2013 nesvarbu, ar tai b\u016bt\u0173 \u017eygis, diena papl\u016bdimyje, ar kasdienis jud\u0117jimas mieste. Tvirta vandeniui atspari med\u017eiaga ir paprastas dizainas paver\u010dia j\u012f prakti\u0161ku ir patvariu palydovu visur, kur oro s\u0105lygos gali kelti i\u0161\u0161\u016bki\u0173.  <\/p>\n<p data-start=\"412\" data-end=\"874\"><img fetchpriority=\"high\" decoding=\"async\" class=\"alignnone wp-image-34426 size-thumbnail\" src=\"https:\/\/toidupakk.ee\/wp-content\/uploads\/2025\/04\/3-7-500x500.png\" alt=\"Vandeniui atsparus d\u0117klas telefonui ir dokumentams 16x9 cm ant manekeno, matoma skaidri priekin\u0117 dalis ir virvel\u0117 ant kaklo.\" width=\"500\" height=\"500\" srcset=\"https:\/\/toidupakk.ee\/wp-content\/uploads\/2025\/04\/3-7-500x500.png 500w, https:\/\/toidupakk.ee\/wp-content\/uploads\/2025\/04\/3-7-400x400.png 400w, https:\/\/toidupakk.ee\/wp-content\/uploads\/2025\/04\/3-7-100x100.png 100w, https:\/\/toidupakk.ee\/wp-content\/uploads\/2025\/04\/3-7-600x600.png 600w, https:\/\/toidupakk.ee\/wp-content\/uploads\/2025\/04\/3-7-300x300.png 300w, https:\/\/toidupakk.ee\/wp-content\/uploads\/2025\/04\/3-7-768x768.png 768w, https:\/\/toidupakk.ee\/wp-content\/uploads\/2025\/04\/3-7.png 800w\" sizes=\"(max-width: 500px) 100vw, 500px\" \/><\/p>\n<h3 data-start=\"876\" data-end=\"926\"><strong data-start=\"876\" data-end=\"926\">Kompakti\u0161kas ir lengvas vandeniui atsparus sprendimas<\/strong><\/h3>\n<p class=\"\" data-start=\"928\" data-end=\"1435\">Vandeniui atsparaus d\u0117klo matmenys yra 16 \u00d7 9 cm, tod\u0117l jis idealiai tinka saugiam smulkesni\u0173 daikt\u0173 laikymui. D\u0117l savo kompakti\u0161kumo j\u012f galima lengvai \u012fsid\u0117ti \u012f kuprin\u0119, juosmens krep\u0161\u012f arba ne\u0161iotis ki\u0161en\u0117je. Nepaisant ma\u017eo dyd\u017eio, d\u0117klas suteikia pakankam\u0105 apsaug\u0105 nuo vandens ir purvo, leisdamas tau saugiai ir be r\u016bpes\u010di\u0173 ne\u0161iotis vertingus daiktus su savimi. Tai idealus sprendimas tiems, kurie vertina prakti\u0161kum\u0105 ir nori, kad j\u0173 \u012franga b\u016bt\u0173 lengva bei tvarkinga.   <\/p>\n<h3 data-start=\"1437\" data-end=\"1492\"><strong data-start=\"1437\" data-end=\"1492\">Skaidrus dizainas ir virvel\u0117 patogiam naudojimui<\/strong><\/h3>\n<p class=\"\" data-start=\"1494\" data-end=\"1968\">Skaidri d\u0117klo priekin\u0117 dalis leid\u017eia greitai ir lengvai atpa\u017einti turin\u012f jo neatidarius, o tai ypa\u010d patogu skubant. Skaidri med\u017eiaga padeda i\u0161laikyti daiktus matomus ir lengvai pasiekiamus. Be to, vandeniui atsparus d\u0117klas turi tvirt\u0105 virvel\u0119, kuri\u0105 galima reguliuoti pagal poreikius. Tai leid\u017eia patogiai ne\u0161iotis d\u0117kl\u0105 ant kaklo arba prireikus pritvirtinti j\u012f prie krep\u0161io ar kitos \u012frangos, paliekant rankas laisvas.   <\/p>\n<p data-start=\"1494\" data-end=\"1968\"><img decoding=\"async\" class=\"alignnone wp-image-34425 size-thumbnail\" src=\"https:\/\/toidupakk.ee\/wp-content\/uploads\/2025\/04\/2-7-500x500.png\" alt=\"Vandeniui atsparus d\u0117klas telefonui ir dokumentams 16x9 cm su reguliuojama virvele ir \u201eM-Tac\u201c logotipu, skaidriu priekiu.\" width=\"500\" height=\"500\" srcset=\"https:\/\/toidupakk.ee\/wp-content\/uploads\/2025\/04\/2-7-500x500.png 500w, https:\/\/toidupakk.ee\/wp-content\/uploads\/2025\/04\/2-7-400x400.png 400w, https:\/\/toidupakk.ee\/wp-content\/uploads\/2025\/04\/2-7-100x100.png 100w, https:\/\/toidupakk.ee\/wp-content\/uploads\/2025\/04\/2-7-600x600.png 600w, https:\/\/toidupakk.ee\/wp-content\/uploads\/2025\/04\/2-7-300x300.png 300w, https:\/\/toidupakk.ee\/wp-content\/uploads\/2025\/04\/2-7-768x768.png 768w, https:\/\/toidupakk.ee\/wp-content\/uploads\/2025\/04\/2-7.png 800w\" sizes=\"(max-width: 500px) 100vw, 500px\" \/><\/p>\n<h3 data-start=\"1970\" data-end=\"2009\"><strong data-start=\"1970\" data-end=\"2009\">Prakti\u0161kas pasirinkimas \u012fvairioms situacijoms<\/strong><\/h3>\n<p class=\"\" data-start=\"2011\" data-end=\"2454\">Vandeniui atsparus d\u0117klas telefonui ir dokumentams tinka naudoti pa\u010diomis \u012fvairiausiomis s\u0105lygomis. Tai idealus palydovas \u017eygiuose, u\u017esiimant vandens sportu, judant mieste ar keliaujant, kur netik\u0117tos oro ar aplinkos s\u0105lygos gali kelti gr\u0117sm\u0119 svarbiems dokumentams ir \u012frenginiams. D\u0117l savo ma\u017eo svorio ir kompakti\u0161kumo \u0161is d\u0117klas neprideda papildomo svorio ir leid\u017eia tau b\u016bti pasiruo\u0161usiam bet kokioje situacijoje, visada saugant savo svarbius daiktus.  <\/p>\n<h3 data-start=\"2011\" data-end=\"2454\">Techniniai duomenys \u2013 Vandeniui atsparus d\u0117klas telefonui ir dokumentams 16&#215;9 cm<\/h3>\n<ul>\n<li>Matmenys: 16 \u00d7 9 cm<\/li>\n<li>Med\u017eiaga: vandeniui atspari<\/li>\n<li>Naudojimas: dokument\u0173 ir smulki\u0173 daikt\u0173 apsauga nuo dr\u0117gm\u0117s ir purvo<\/li>\n<li>Skaidri priekin\u0117 dalis<\/li>\n<li>Virvel\u0117 pridedama<\/li>\n<\/ul>\n<p>\u017dygio maist\u0105, kur\u012f verta pasiimti kartu, per\u017ei\u016br\u0117k <a href=\"https:\/\/toidupakk.ee\/lt\/el-parduotuve\/\">\u010cIA<\/a><\/p>\n<p>Pasisemk \u012fkv\u0117pimo kitiems nuotykiams \u201eToidupakk\u201c <a href=\"https:\/\/www.instagram.com\/toidupakk\/\">Instagram<\/a> ir <a href=\"https:\/\/www.facebook.com\/Toidupakk\/\">Facebook<\/a> paskyrose.<\/p>\n","protected":false},"excerpt":{"rendered":"<p class=\"\" data-start=\"348\" data-end=\"698\"><strong>Vandeniui atsparus d\u0117klas telefonui ir dokumentams 16&#215;9 cm padeda apsaugoti smulkius daiktus, pavyzd\u017eiui, telefon\u0105 ar dokumentus, nuo dr\u0117gm\u0117s. D\u0117klas turi virvel\u0119, kuri leid\u017eia j\u012f patogiai ne\u0161iotis ant kaklo. D\u0117l skaidrios med\u017eiagos d\u0117klo turin\u012f galima matyti jo neatidarius. 16 \u00d7 9 cm matmenys puikiai tinka saugiam smulkesni\u0173 daikt\u0173 laikymui.   <\/strong><\/p>\n<ul>\n<li data-start=\"700\" data-end=\"971\">Vandeniui atspari apsauga smulkesniems daiktams<\/li>\n<li data-start=\"700\" data-end=\"971\">Tinka dokumentams ar telefonui laikyti<\/li>\n<li data-start=\"700\" data-end=\"971\">Virvel\u0117 patogiam ne\u0161iojimui<\/li>\n<li data-start=\"700\" data-end=\"971\">Skaidrus dizainas leid\u017eia matyti turin\u012f<\/li>\n<li data-start=\"700\" data-end=\"971\">Matmenys: 16 \u00d7 9 cm<\/li>\n<\/ul>\n<p>\u2705 Turime sand\u0117lyje, greitas pristatymas per 1\u20133 d. d.<\/p>\n","protected":false},"featured_media":34424,"comment_status":"open","ping_status":"closed","template":"","meta":{"_acf_changed":false},"product_brand":[],"product_cat":[202,189,190],"product_tag":[194],"class_list":{"0":"post-45388","1":"product","2":"type-product","3":"status-publish","4":"has-post-thumbnail","6":"product_cat-krepsiai","7":"product_cat-zygio-iranga","8":"product_cat-zygio-prekes","9":"product_tag-no_ads","11":"first","12":"instock","13":"taxable","14":"shipping-taxable","15":"purchasable","16":"product-type-simple"},"bundled_by":[],"bundle_stock_status":"instock","bundle_stock_quantity":9,"bundle_virtual":false,"bundle_layout":"","bundle_add_to_cart_form_location":"","bundle_editable_in_cart":false,"bundle_sold_individually_context":"","bundle_item_grouping":"","bundle_min_size":"","bundle_max_size":"","bundle_price":[],"bundled_items":[],"bundle_sell_ids":[],"acf":[],"yoast_head":"<!-- This site is optimized with the Yoast SEO plugin v27.3 - https:\/\/yoast.com\/product\/yoast-seo-wordpress\/ -->\n<title>Vandeniui atsparus d\u0117klas telefonui ir dokumentams 16x9 cm<\/title>\n<meta name=\"description\" content=\"Vandeniui atsparus d\u0117klas telefonui ir dokumentams 16x9 cm saugo smulkius daiktus nuo dr\u0117gm\u0117s. Kompakti\u0161kas, skaidrus ir su virvele ant kaklo.\" \/>\n<meta name=\"robots\" content=\"index, follow, max-snippet:-1, max-image-preview:large, max-video-preview:-1\" \/>\n<link rel=\"canonical\" href=\"https:\/\/toidupakk.ee\/lt\/toode\/vandeniui-atsparus-deklas-telefonui-ir-dokumentams-16x9-cm\/\" \/>\n<meta property=\"og:locale\" content=\"lt_LT\" \/>\n<meta property=\"og:type\" content=\"article\" \/>\n<meta property=\"og:title\" content=\"Vandeniui atsparus d\u0117klas telefonui ir dokumentams 16x9 cm\" \/>\n<meta property=\"og:description\" content=\"Vandeniui atsparus d\u0117klas telefonui ir dokumentams 16x9 cm saugo smulkius daiktus nuo dr\u0117gm\u0117s. Kompakti\u0161kas, skaidrus ir su virvele ant kaklo.\" \/>\n<meta property=\"og:url\" content=\"https:\/\/toidupakk.ee\/lt\/toode\/vandeniui-atsparus-deklas-telefonui-ir-dokumentams-16x9-cm\/\" \/>\n<meta property=\"og:site_name\" content=\"Toidupakk.ee - Tactical Foodpack toidupakid\" \/>\n<meta property=\"article:publisher\" content=\"https:\/\/www.facebook.com\/Toidupakk\" \/>\n<meta property=\"article:modified_time\" content=\"2026-04-21T10:30:54+00:00\" \/>\n<meta property=\"og:image\" content=\"https:\/\/toidupakk.ee\/wp-content\/uploads\/2025\/04\/1-8.png\" \/>\n\t<meta property=\"og:image:width\" content=\"800\" \/>\n\t<meta property=\"og:image:height\" content=\"800\" \/>\n\t<meta property=\"og:image:type\" content=\"image\/png\" \/>\n<meta name=\"twitter:card\" content=\"summary_large_image\" \/>\n<meta name=\"twitter:label1\" content=\"Est. reading time\" \/>\n\t<meta name=\"twitter:data1\" content=\"2 minut\u0117s\" \/>\n<script type=\"application\/ld+json\" class=\"yoast-schema-graph\">{\"@context\":\"https:\\\/\\\/schema.org\",\"@graph\":[{\"@type\":\"WebPage\",\"@id\":\"https:\\\/\\\/toidupakk.ee\\\/lt\\\/toode\\\/vandeniui-atsparus-deklas-telefonui-ir-dokumentams-16x9-cm\\\/\",\"url\":\"https:\\\/\\\/toidupakk.ee\\\/lt\\\/toode\\\/vandeniui-atsparus-deklas-telefonui-ir-dokumentams-16x9-cm\\\/\",\"name\":\"Vandeniui atsparus d\u0117klas telefonui ir dokumentams 16x9 cm\",\"isPartOf\":{\"@id\":\"https:\\\/\\\/toidupakk.ee\\\/lt\\\/#website\"},\"primaryImageOfPage\":{\"@id\":\"https:\\\/\\\/toidupakk.ee\\\/lt\\\/toode\\\/vandeniui-atsparus-deklas-telefonui-ir-dokumentams-16x9-cm\\\/#primaryimage\"},\"image\":{\"@id\":\"https:\\\/\\\/toidupakk.ee\\\/lt\\\/toode\\\/vandeniui-atsparus-deklas-telefonui-ir-dokumentams-16x9-cm\\\/#primaryimage\"},\"thumbnailUrl\":\"https:\\\/\\\/toidupakk.ee\\\/wp-content\\\/uploads\\\/2025\\\/04\\\/1-8.png\",\"datePublished\":\"2025-05-06T10:25:59+00:00\",\"dateModified\":\"2026-04-21T10:30:54+00:00\",\"description\":\"Vandeniui atsparus d\u0117klas telefonui ir dokumentams 16x9 cm saugo smulkius daiktus nuo dr\u0117gm\u0117s. Kompakti\u0161kas, skaidrus ir su virvele ant kaklo.\",\"breadcrumb\":{\"@id\":\"https:\\\/\\\/toidupakk.ee\\\/lt\\\/toode\\\/vandeniui-atsparus-deklas-telefonui-ir-dokumentams-16x9-cm\\\/#breadcrumb\"},\"inLanguage\":\"lt-LT\",\"potentialAction\":[{\"@type\":\"ReadAction\",\"target\":[\"https:\\\/\\\/toidupakk.ee\\\/lt\\\/toode\\\/vandeniui-atsparus-deklas-telefonui-ir-dokumentams-16x9-cm\\\/\"]}]},{\"@type\":\"ImageObject\",\"inLanguage\":\"lt-LT\",\"@id\":\"https:\\\/\\\/toidupakk.ee\\\/lt\\\/toode\\\/vandeniui-atsparus-deklas-telefonui-ir-dokumentams-16x9-cm\\\/#primaryimage\",\"url\":\"https:\\\/\\\/toidupakk.ee\\\/wp-content\\\/uploads\\\/2025\\\/04\\\/1-8.png\",\"contentUrl\":\"https:\\\/\\\/toidupakk.ee\\\/wp-content\\\/uploads\\\/2025\\\/04\\\/1-8.png\",\"width\":800,\"height\":800},{\"@type\":\"BreadcrumbList\",\"@id\":\"https:\\\/\\\/toidupakk.ee\\\/lt\\\/toode\\\/vandeniui-atsparus-deklas-telefonui-ir-dokumentams-16x9-cm\\\/#breadcrumb\",\"itemListElement\":[{\"@type\":\"ListItem\",\"position\":1,\"name\":\"Avaleht\",\"item\":\"https:\\\/\\\/toidupakk.ee\\\/lt\\\/\"},{\"@type\":\"ListItem\",\"position\":2,\"name\":\"El. parduotuv\u0117\",\"item\":\"https:\\\/\\\/toidupakk.ee\\\/lt\\\/el-parduotuve\\\/\"},{\"@type\":\"ListItem\",\"position\":3,\"name\":\"Vandeniui atsparus d\u0117klas telefonui ir dokumentams 16&#215;9 cm\"}]},{\"@type\":\"WebSite\",\"@id\":\"https:\\\/\\\/toidupakk.ee\\\/lt\\\/#website\",\"url\":\"https:\\\/\\\/toidupakk.ee\\\/lt\\\/\",\"name\":\"Toidupakk.ee - Tactical Foodpack toidupakid\",\"description\":\"Tactical Foodpack k\u00fclmkuivatatud toidupakid ja matkaeined\",\"publisher\":{\"@id\":\"https:\\\/\\\/toidupakk.ee\\\/lt\\\/#organization\"},\"potentialAction\":[{\"@type\":\"SearchAction\",\"target\":{\"@type\":\"EntryPoint\",\"urlTemplate\":\"https:\\\/\\\/toidupakk.ee\\\/lt\\\/?s={search_term_string}\"},\"query-input\":{\"@type\":\"PropertyValueSpecification\",\"valueRequired\":true,\"valueName\":\"search_term_string\"}}],\"inLanguage\":\"lt-LT\"},{\"@type\":\"Organization\",\"@id\":\"https:\\\/\\\/toidupakk.ee\\\/lt\\\/#organization\",\"name\":\"Tactical Foodpack matkaeined\",\"url\":\"https:\\\/\\\/toidupakk.ee\\\/lt\\\/\",\"logo\":{\"@type\":\"ImageObject\",\"inLanguage\":\"lt-LT\",\"@id\":\"https:\\\/\\\/toidupakk.ee\\\/lt\\\/#\\\/schema\\\/logo\\\/image\\\/\",\"url\":\"https:\\\/\\\/toidupakk.ee\\\/wp-content\\\/uploads\\\/2022\\\/01\\\/Toidupakk-matkapood-logo-transparent.png\",\"contentUrl\":\"https:\\\/\\\/toidupakk.ee\\\/wp-content\\\/uploads\\\/2022\\\/01\\\/Toidupakk-matkapood-logo-transparent.png\",\"width\":500,\"height\":500,\"caption\":\"Tactical Foodpack matkaeined\"},\"image\":{\"@id\":\"https:\\\/\\\/toidupakk.ee\\\/lt\\\/#\\\/schema\\\/logo\\\/image\\\/\"},\"sameAs\":[\"https:\\\/\\\/www.facebook.com\\\/Toidupakk\",\"https:\\\/\\\/www.instagram.com\\\/toidupakk\\\/\"]}]}<\/script>\n<!-- \/ Yoast SEO plugin. -->","yoast_head_json":{"title":"Vandeniui atsparus d\u0117klas telefonui ir dokumentams 16x9 cm","description":"Vandeniui atsparus d\u0117klas telefonui ir dokumentams 16x9 cm saugo smulkius daiktus nuo dr\u0117gm\u0117s. Kompakti\u0161kas, skaidrus ir su virvele ant kaklo.","robots":{"index":"index","follow":"follow","max-snippet":"max-snippet:-1","max-image-preview":"max-image-preview:large","max-video-preview":"max-video-preview:-1"},"canonical":"https:\/\/toidupakk.ee\/lt\/toode\/vandeniui-atsparus-deklas-telefonui-ir-dokumentams-16x9-cm\/","og_locale":"lt_LT","og_type":"article","og_title":"Vandeniui atsparus d\u0117klas telefonui ir dokumentams 16x9 cm","og_description":"Vandeniui atsparus d\u0117klas telefonui ir dokumentams 16x9 cm saugo smulkius daiktus nuo dr\u0117gm\u0117s. Kompakti\u0161kas, skaidrus ir su virvele ant kaklo.","og_url":"https:\/\/toidupakk.ee\/lt\/toode\/vandeniui-atsparus-deklas-telefonui-ir-dokumentams-16x9-cm\/","og_site_name":"Toidupakk.ee - Tactical Foodpack toidupakid","article_publisher":"https:\/\/www.facebook.com\/Toidupakk","article_modified_time":"2026-04-21T10:30:54+00:00","og_image":[{"width":800,"height":800,"url":"https:\/\/toidupakk.ee\/wp-content\/uploads\/2025\/04\/1-8.png","type":"image\/png"}],"twitter_card":"summary_large_image","twitter_misc":{"Est. reading time":"2 minut\u0117s"},"schema":{"@context":"https:\/\/schema.org","@graph":[{"@type":"WebPage","@id":"https:\/\/toidupakk.ee\/lt\/toode\/vandeniui-atsparus-deklas-telefonui-ir-dokumentams-16x9-cm\/","url":"https:\/\/toidupakk.ee\/lt\/toode\/vandeniui-atsparus-deklas-telefonui-ir-dokumentams-16x9-cm\/","name":"Vandeniui atsparus d\u0117klas telefonui ir dokumentams 16x9 cm","isPartOf":{"@id":"https:\/\/toidupakk.ee\/lt\/#website"},"primaryImageOfPage":{"@id":"https:\/\/toidupakk.ee\/lt\/toode\/vandeniui-atsparus-deklas-telefonui-ir-dokumentams-16x9-cm\/#primaryimage"},"image":{"@id":"https:\/\/toidupakk.ee\/lt\/toode\/vandeniui-atsparus-deklas-telefonui-ir-dokumentams-16x9-cm\/#primaryimage"},"thumbnailUrl":"https:\/\/toidupakk.ee\/wp-content\/uploads\/2025\/04\/1-8.png","datePublished":"2025-05-06T10:25:59+00:00","dateModified":"2026-04-21T10:30:54+00:00","description":"Vandeniui atsparus d\u0117klas telefonui ir dokumentams 16x9 cm saugo smulkius daiktus nuo dr\u0117gm\u0117s. Kompakti\u0161kas, skaidrus ir su virvele ant kaklo.","breadcrumb":{"@id":"https:\/\/toidupakk.ee\/lt\/toode\/vandeniui-atsparus-deklas-telefonui-ir-dokumentams-16x9-cm\/#breadcrumb"},"inLanguage":"lt-LT","potentialAction":[{"@type":"ReadAction","target":["https:\/\/toidupakk.ee\/lt\/toode\/vandeniui-atsparus-deklas-telefonui-ir-dokumentams-16x9-cm\/"]}]},{"@type":"ImageObject","inLanguage":"lt-LT","@id":"https:\/\/toidupakk.ee\/lt\/toode\/vandeniui-atsparus-deklas-telefonui-ir-dokumentams-16x9-cm\/#primaryimage","url":"https:\/\/toidupakk.ee\/wp-content\/uploads\/2025\/04\/1-8.png","contentUrl":"https:\/\/toidupakk.ee\/wp-content\/uploads\/2025\/04\/1-8.png","width":800,"height":800},{"@type":"BreadcrumbList","@id":"https:\/\/toidupakk.ee\/lt\/toode\/vandeniui-atsparus-deklas-telefonui-ir-dokumentams-16x9-cm\/#breadcrumb","itemListElement":[{"@type":"ListItem","position":1,"name":"Avaleht","item":"https:\/\/toidupakk.ee\/lt\/"},{"@type":"ListItem","position":2,"name":"El. parduotuv\u0117","item":"https:\/\/toidupakk.ee\/lt\/el-parduotuve\/"},{"@type":"ListItem","position":3,"name":"Vandeniui atsparus d\u0117klas telefonui ir dokumentams 16&#215;9 cm"}]},{"@type":"WebSite","@id":"https:\/\/toidupakk.ee\/lt\/#website","url":"https:\/\/toidupakk.ee\/lt\/","name":"Toidupakk.ee - Tactical Foodpack toidupakid","description":"Tactical Foodpack k\u00fclmkuivatatud toidupakid ja matkaeined","publisher":{"@id":"https:\/\/toidupakk.ee\/lt\/#organization"},"potentialAction":[{"@type":"SearchAction","target":{"@type":"EntryPoint","urlTemplate":"https:\/\/toidupakk.ee\/lt\/?s={search_term_string}"},"query-input":{"@type":"PropertyValueSpecification","valueRequired":true,"valueName":"search_term_string"}}],"inLanguage":"lt-LT"},{"@type":"Organization","@id":"https:\/\/toidupakk.ee\/lt\/#organization","name":"Tactical Foodpack matkaeined","url":"https:\/\/toidupakk.ee\/lt\/","logo":{"@type":"ImageObject","inLanguage":"lt-LT","@id":"https:\/\/toidupakk.ee\/lt\/#\/schema\/logo\/image\/","url":"https:\/\/toidupakk.ee\/wp-content\/uploads\/2022\/01\/Toidupakk-matkapood-logo-transparent.png","contentUrl":"https:\/\/toidupakk.ee\/wp-content\/uploads\/2022\/01\/Toidupakk-matkapood-logo-transparent.png","width":500,"height":500,"caption":"Tactical Foodpack matkaeined"},"image":{"@id":"https:\/\/toidupakk.ee\/lt\/#\/schema\/logo\/image\/"},"sameAs":["https:\/\/www.facebook.com\/Toidupakk","https:\/\/www.instagram.com\/toidupakk\/"]}]}},"jetpack_sharing_enabled":true,"_links":{"self":[{"href":"https:\/\/toidupakk.ee\/lt\/wp-json\/wp\/v2\/product\/45388","targetHints":{"allow":["GET"]}}],"collection":[{"href":"https:\/\/toidupakk.ee\/lt\/wp-json\/wp\/v2\/product"}],"about":[{"href":"https:\/\/toidupakk.ee\/lt\/wp-json\/wp\/v2\/types\/product"}],"replies":[{"embeddable":true,"href":"https:\/\/toidupakk.ee\/lt\/wp-json\/wp\/v2\/comments?post=45388"}],"wp:featuredmedia":[{"embeddable":true,"href":"https:\/\/toidupakk.ee\/lt\/wp-json\/wp\/v2\/media\/34424"}],"wp:attachment":[{"href":"https:\/\/toidupakk.ee\/lt\/wp-json\/wp\/v2\/media?parent=45388"}],"wp:term":[{"taxonomy":"product_brand","embeddable":true,"href":"https:\/\/toidupakk.ee\/lt\/wp-json\/wp\/v2\/product_brand?post=45388"},{"taxonomy":"product_cat","embeddable":true,"href":"https:\/\/toidupakk.ee\/lt\/wp-json\/wp\/v2\/product_cat?post=45388"},{"taxonomy":"product_tag","embeddable":true,"href":"https:\/\/toidupakk.ee\/lt\/wp-json\/wp\/v2\/product_tag?post=45388"}],"curies":[{"name":"wp","href":"https:\/\/api.w.org\/{rel}","templated":true}]}}