{"id":45383,"date":"2025-04-23T09:36:37","date_gmt":"2025-04-23T06:36:37","guid":{"rendered":"https:\/\/toidupakk.ee\/toode\/lesiu-strogonovas\/"},"modified":"2026-04-16T05:31:07","modified_gmt":"2026-04-16T02:31:07","slug":"lesiu-strogonovas","status":"publish","type":"product","link":"https:\/\/toidupakk.ee\/lt\/toode\/lesiu-strogonovas\/","title":{"rendered":"L\u0119\u0161i\u0173 strogonovas"},"content":{"rendered":"<h2 data-start=\"217\" data-end=\"258\"><strong data-start=\"221\" data-end=\"258\">Tactical Foodpack l\u0119\u0161i\u0173 strogonovas<\/strong><\/h2>\n<p class=\"\" data-start=\"260\" data-end=\"663\"><strong data-start=\"260\" data-end=\"302\">Tactical Foodpack l\u0119\u0161i\u0173 strogonovas 120 g<\/strong> yra augalinis, kreminis ir sotus patiekalas, kuriame dera raudonieji l\u0119\u0161iai, dar\u017eov\u0117s ir lengvas a\u0161trumas. \u0160is sodrus receptas u\u017etikrina subalansuot\u0105 maist\u0105 gamtoje, darbe ar namuose. Lengva ir kompakti\u0161ka \u0161al\u010diu d\u017eiovinto maisto pakuot\u0117 garantuoja ilg\u0105 galiojimo laik\u0105 ir i\u0161saugot\u0105 maistin\u0119 vert\u0119, tod\u0117l puikiai tinka ilgesn\u0117ms i\u0161vykoms ar atsargoms kriz\u0117s atvejui.  <\/p>\n<p data-start=\"260\" data-end=\"663\"><img fetchpriority=\"high\" decoding=\"async\" class=\"wp-image-34069 size-thumbnail alignnone\" src=\"https:\/\/toidupakk.ee\/wp-content\/uploads\/2025\/04\/lentils_stroganoff_REGULAR_240x180mm-Front-camping-foodpack-500x500.png\" alt=\"Tactical Foodpack l\u0119\u0161i\u0173 strogonovas 120 g pakuot\u0117 \u2013 \u0161al\u010diu d\u017eiovintas vegani\u0161kas patiekalas, 511 kcal porcijoje\" width=\"500\" height=\"500\" srcset=\"https:\/\/toidupakk.ee\/wp-content\/uploads\/2025\/04\/lentils_stroganoff_REGULAR_240x180mm-Front-camping-foodpack-500x500.png 500w, https:\/\/toidupakk.ee\/wp-content\/uploads\/2025\/04\/lentils_stroganoff_REGULAR_240x180mm-Front-camping-foodpack-400x400.png 400w, https:\/\/toidupakk.ee\/wp-content\/uploads\/2025\/04\/lentils_stroganoff_REGULAR_240x180mm-Front-camping-foodpack-100x100.png 100w\" sizes=\"(max-width: 500px) 100vw, 500px\" \/><\/p>\n<h3 data-start=\"260\" data-end=\"663\"><strong data-start=\"673\" data-end=\"705\">Kod\u0117l verta rinktis l\u0119\u0161i\u0173 strogonov\u0105?<\/strong><\/h3>\n<p class=\"\" data-start=\"707\" data-end=\"1025\"><strong data-start=\"707\" data-end=\"726\">L\u0119\u0161i\u0173 strogonovas<\/strong> yra \u012fvairiapusis ir maistingas vegetari\u0161kas maistas, pasi\u017eymintis puikiu skoniu ir suteikiantis pakankamai energijos visai dienai.<br data-start=\"828\" data-end=\"831\"><strong data-start=\"831\" data-end=\"852\">Tactical Foodpack<\/strong> gars\u0117ja savo kokybi\u0161kais bei lengvai paruo\u0161iamais patiekalais, si\u016blydamas funkcional\u0173 ir skan\u0173 sprendim\u0105 kiekvienam gamtos myl\u0117tojui, nuotyki\u0173 ie\u0161kotojui ar kasdienybei.<\/p>\n<ul>\n<li data-start=\"1027\" data-end=\"1152\"><strong data-start=\"1029\" data-end=\"1051\">Lengva paruo\u0161ti:<\/strong> \u012e pakuot\u0119 \u012fpilk 320 ml kar\u0161to vandens ir palauk 8 minutes \u2013 greitas ir patogus b\u016bdas gauti \u0161ilto maisto.<\/li>\n<li data-start=\"1027\" data-end=\"1152\">D<strong data-start=\"1156\" data-end=\"1182\">idel\u0117 energin\u0117 vert\u0117:<\/strong> Viena porcija turi 511 kcal \u2013 pakankamas energijos u\u017etaisas bet kuriuo metu.<\/li>\n<li data-start=\"1027\" data-end=\"1152\"><strong data-start=\"1258\" data-end=\"1281\">Nat\u016brali sud\u0117tis:<\/strong> Be konservant\u0173 ir dirbtini\u0173 pried\u0173 \u2013 tik kokybi\u0161ki ir nat\u016bral\u016bs ingredientai sveikam ir skaniam patiekalui u\u017etikrinti.<\/li>\n<li data-start=\"1027\" data-end=\"1152\"><strong data-start=\"1423\" data-end=\"1444\">Ilgas galiojimo laikas:<\/strong> Geriausias 8 metus nuo pagaminimo datos \u2013 tinka \u017eygiams, atsargoms ekstremalioms situacijoms ar kasdieniam pasiruo\u0161imui.<\/li>\n<li data-start=\"1027\" data-end=\"1152\"><strong data-start=\"1567\" data-end=\"1590\">Pagaminta Vokietijoje:<\/strong> Auk\u0161tos kokyb\u0117s maistas, kurio skonis ir vert\u0117 i\u0161lieka net ir po ilgo laiko.<\/li>\n<\/ul>\n<h2 class=\"\" data-start=\"1674\" data-end=\"1733\"><strong data-start=\"1677\" data-end=\"1733\">Kuo l\u0119\u0161i\u0173 strogonovas ypatingas?<\/strong><\/h2>\n<p class=\"\" data-start=\"1735\" data-end=\"2105\"><strong data-start=\"1735\" data-end=\"1754\">L\u0119\u0161i\u0173 strogonovas<\/strong> sujungia raudonuosius l\u0119\u0161ius, bulves, batatus, morkas ir paprikas \u012f sodraus skonio, lengvai a\u0161tr\u0173 patiekal\u0105. Kokos\u0173 g\u0117rimas ir pomidor\u0173 tyr\u0117 suteikia kremin\u0119 tekst\u016br\u0105, o marinuoti agurkai ir baltieji pipirai prideda subalansuoto skonio gylio. Visavertis patiekalas, puikiai tinkantis tiek veganams, tiek tiesiog ger\u0105 skon\u012f vertinantiems gurmanams.  <\/p>\n<table style=\"border-collapse: collapse; width: 477px; background-color: #f4f0eb; font-family: inherit; height: 446px;\">\n<thead>\n<tr>\n<th style=\"border: 1px solid #ccc; padding: 8px 12px; background-color: #e0dcd7;\">Maistin\u0117 vert\u0117<\/th>\n<th style=\"border: 1px solid #ccc; padding: 8px 12px; background-color: #e0dcd7;\">Porcijoje<\/th>\n<th style=\"border: 1px solid #ccc; padding: 8px 12px; background-color: #e0dcd7;\">100 g<\/th>\n<\/tr>\n<\/thead>\n<tbody>\n<tr>\n<td style=\"border: 1px solid #ccc; padding: 8px 12px;\">Energija<\/td>\n<td style=\"border: 1px solid #ccc; padding: 8px 12px;\">2135 kJ \/ 511 kcal<\/td>\n<td style=\"border: 1px solid #ccc; padding: 8px 12px;\">1779 kJ \/ 426 kcal<\/td>\n<\/tr>\n<tr>\n<td style=\"border: 1px solid #ccc; padding: 8px 12px;\">Riebalai<\/td>\n<td style=\"border: 1px solid #ccc; padding: 8px 12px;\">22 g<\/td>\n<td style=\"border: 1px solid #ccc; padding: 8px 12px;\">18,4 g<\/td>\n<\/tr>\n<tr>\n<td style=\"border: 1px solid #ccc; padding: 8px 12px;\">\u2013 i\u0161 kuri\u0173 so\u010di\u0173j\u0173 riebal\u0173 r\u016bg\u0161\u010di\u0173<\/td>\n<td style=\"border: 1px solid #ccc; padding: 8px 12px;\">15 g<\/td>\n<td style=\"border: 1px solid #ccc; padding: 8px 12px;\">12,3 g<\/td>\n<\/tr>\n<tr>\n<td style=\"border: 1px solid #ccc; padding: 8px 12px;\">Angliavandeniai<\/td>\n<td style=\"border: 1px solid #ccc; padding: 8px 12px;\">51 g<\/td>\n<td style=\"border: 1px solid #ccc; padding: 8px 12px;\">42,1 g<\/td>\n<\/tr>\n<tr>\n<td style=\"border: 1px solid #ccc; padding: 8px 12px;\">\u2013 i\u0161 kuri\u0173 cukr\u0173<\/td>\n<td style=\"border: 1px solid #ccc; padding: 8px 12px;\">11 g<\/td>\n<td style=\"border: 1px solid #ccc; padding: 8px 12px;\">9,3 g<\/td>\n<\/tr>\n<tr>\n<td style=\"border: 1px solid #ccc; padding: 8px 12px;\">Skaidulin\u0117s med\u017eiagos<\/td>\n<td style=\"border: 1px solid #ccc; padding: 8px 12px;\">15 g<\/td>\n<td style=\"border: 1px solid #ccc; padding: 8px 12px;\">12,8 g<\/td>\n<\/tr>\n<tr>\n<td style=\"border: 1px solid #ccc; padding: 8px 12px;\">Baltymai<\/td>\n<td style=\"border: 1px solid #ccc; padding: 8px 12px;\">20 g<\/td>\n<td style=\"border: 1px solid #ccc; padding: 8px 12px;\">16,5 g<\/td>\n<\/tr>\n<tr>\n<td style=\"border: 1px solid #ccc; padding: 8px 12px;\">Druska<\/td>\n<td style=\"border: 1px solid #ccc; padding: 8px 12px;\">2,3 g<\/td>\n<td style=\"border: 1px solid #ccc; padding: 8px 12px;\">1,93 g<\/td>\n<\/tr>\n<\/tbody>\n<\/table>\n<p>&nbsp;<\/p>\n<h4><strong>\u0160al\u010diu d\u017eiovinto maisto privalumai<\/strong><\/h4>\n<p>D\u017eiovinimas \u0161al\u010diu (liofilizacija) u\u017etikrina maisto \u0161vie\u017eum\u0105, tekst\u016br\u0105 ir maistin\u0117s vert\u0117s i\u0161saugojim\u0105, pa\u0161alinant vanden\u012f \u017eemoje temperat\u016broje. <strong data-start=\"296\" data-end=\"317\">Tactical Foodpack<\/strong> naudoja \u0161i\u0105 technologij\u0105, kad pasi\u016blyt\u0173 lengvai transportuojamus ir ilgai galiojan\u010dius patiekalus, kurie i\u0161laiko savo skon\u012f ir vert\u0119 net po keleri\u0173 met\u0173. <\/p>\n<h4><strong>Kam skirtas l\u0119\u0161i\u0173 strogonovas?<\/strong><\/h4>\n<ul>\n<li><strong data-start=\"525\" data-end=\"556\">\u017dygeiviams ir stovyklautojams:<\/strong> Lengva paruo\u0161ti ir patogu pasiimti \u2013 idealus maistas \u017eygiams.<\/li>\n<li><strong data-start=\"622\" data-end=\"656\">Nuotyki\u0173 ie\u0161kotojams ir i\u0161gyvenimo entuziastams:<\/strong> Ilgas galiojimo laikas ir didel\u0117 energin\u0117 vert\u0117 daro j\u012f patikimu pasirinkimu sunkiomis s\u0105lygomis.<\/li>\n<li><strong data-start=\"761\" data-end=\"796\">Kasdieniam greitam maistui namuose:<\/strong> Kai reikia greito, maistingo patiekalo be gaminimo vargo \u2013 tiesiog \u012fpilk kar\u0161to vandens ir paruo\u0161ta!<\/li>\n<\/ul>\n<h4><strong>Produkto informacija ir laikymo s\u0105lygos<\/strong><\/h4>\n<p><strong data-start=\"937\" data-end=\"974\">Tactical Foodpack l\u0119\u0161i\u0173 strogonovas<\/strong> parduodamas 120 g pakuot\u0117je, i\u0161 kurios paruo\u0161iama apie 440 g \u0161ilto maisto.<br data-start=\"1039\" data-end=\"1042\"><strong data-start=\"1042\" data-end=\"1074\">Geriausia laikymo temperat\u016bra:<\/strong> nuo 10 \u00b0C iki +30 \u00b0C.<br data-start=\"1093\" data-end=\"1096\">Kompakti\u0161ka pakuot\u0117 ir liofilizacijos technologija daro j\u012f puikiu pasirinkimu tiek \u017eygiams, tiek nam\u0173 atsargoms kriz\u0117s atvejui.<\/p>\n<h4><img decoding=\"async\" class=\"alignnone size-full wp-image-676 lazyloaded\" src=\"https:\/\/toidupakk.ee\/wp-content\/uploads\/2021\/12\/TF_logo_RGB-22-16-43-849.png\" alt=\"Tactical Foodpack \u017ealiasis logotipas\" width=\"238\" height=\"100\" data-src=\"https:\/\/toidupakk.ee\/wp-content\/uploads\/2021\/12\/TF_logo_RGB-22-16-43-849.png\" data-eio-rwidth=\"238\" data-eio-rheight=\"100\"><\/h4>\n<h4><strong>Tactical Foodpack patiekalai \u2013 kaip naudoti<\/strong><\/h4>\n<ol>\n<li>Atidaryk pakuot\u0119 ir i\u0161imk deguonies absorbatori\u0173.<\/li>\n<li>\u012epilk 320 ml kar\u0161to vandens ir gerai i\u0161mai\u0161yk.<\/li>\n<li>U\u017edaryk pakuot\u0119 ir palauk 8 minutes.<\/li>\n<li>M\u0117gaukis skaniu strogonovu!<\/li>\n<\/ol>\n<h3>Per\u017ei\u016br\u0117ti visus Tactical Foodpack patiekalus<\/h3>\n<p>Nepamir\u0161k susipa\u017einti ir su kitais <a href=\"https:\/\/toidupakk.ee\/lt\/tootekategooria\/tactical-foodpack-patiekalai\/\">Tactical Foodpack \u017eygi\u0173 patiekalais<\/a>, kad rastum sau tinkam\u0105 maist\u0105 kiekvienam nuotykiui.<\/p>\n<h3>Rask \u012fkv\u0117pimo kitam nuotykiui<\/h3>\n<p>Sek mus <a href=\"https:\/\/www.instagram.com\/toidupakk\/\">Instagram<\/a> ir <a href=\"https:\/\/www.facebook.com\/Toidupakk\/\">Facebook<\/a>, kad gautum \u012fkv\u0117pimo, recept\u0173 ir naujien\u0173 apie m\u016bs\u0173 asortiment\u0105!<\/p>\n","protected":false},"excerpt":{"rendered":"<p class=\"\" data-start=\"128\" data-end=\"192\"><strong data-start=\"128\" data-end=\"192\">L\u0119\u0161i\u0173 strogonovas \u2013 augalinis ir maistingas Tactical Foodpack patiekalas<\/strong><\/p>\n<ul>\n<li data-start=\"196\" data-end=\"247\">Grynasis kiekis <span class=\"relative -mx-px my-[-0.2rem] rounded px-px py-[0.2rem] transition-colors duration-100 ease-in-out\">120 g (prie\u0161 paruo\u0161im\u0105, \u0161al\u010diu d\u017eiovintas)<\/span><\/li>\n<li data-start=\"196\" data-end=\"247\">Paruo\u0161to maisto svoris <span class=\"relative -mx-px my-[-0.2rem] rounded px-px py-[0.2rem] transition-colors duration-100 ease-in-out\">apie 440 g<\/span><\/li>\n<li data-start=\"196\" data-end=\"247\">Energin\u0117 vert\u0117 porcijoje <span class=\"relative -mx-px my-[-0.2rem] rounded px-px py-[0.2rem] transition-colors duration-100 ease-in-out\">2135 kJ \/ 511 kcal<\/span><\/li>\n<li>Paruo\u0161tas maistas \u2013 tik u\u017epilk kar\u0161tu vandeniu ir po 8 min. gal\u0117si m\u0117gautis visaver\u010diu patiekalu<\/li>\n<li><span lang=\"ET\">Nat\u016brali sud\u0117tis, be konservant\u0173 ir pried\u0173<\/span><\/li>\n<li data-start=\"196\" data-end=\"247\">Galiojimo laikas <span class=\"relative -mx-px my-[-0.2rem] rounded px-px py-[0.2rem] transition-colors duration-100 ease-in-out\">8 metai nuo pagaminimo datos<\/span><\/li>\n<li data-start=\"196\" data-end=\"247\">Ideali laikymo temperat\u016bra <span class=\"relative -mx-px my-[-0.2rem] rounded px-px py-[0.2rem] transition-colors duration-100 ease-in-out\">nuo 10 \u00b0C iki +30 \u00b0C<\/span><\/li>\n<li data-start=\"196\" data-end=\"247\">Pagaminta <span class=\"relative -mx-px my-[-0.2rem] rounded px-px py-[0.2rem] transition-colors duration-100 ease-in-out\">Vokietijoje<\/span><\/li>\n<\/ul>\n<p><strong>L\u0119\u0161i\u0173 strogonovo sud\u0117tis<\/strong>:<\/p>\n<p><span class=\"relative -mx-px my-[-0.2rem] rounded px-px py-[0.2rem] transition-colors duration-100 ease-in-out\">Kokos\u0173 g\u0117rimas (kokos\u0173 ekstraktas, vanduo), bulv\u0117s, vanduo, raudonieji l\u0119\u0161iai (30 %), batatai, svog\u016bnai, raudonoji paprika, morkos, pomidor\u0173 tyr\u0117, raps\u0173 aliejus, marinuoti agurkai (agurkai, actas, druska, prieskoni\u0173 ekstraktai, saldiklis: sacharino natrio druska), petra\u017eol\u0117s, joduota druska, paprikos milteliai, baltieji pipirai<\/span><\/p>\n<p class=\"\" data-start=\"729\" data-end=\"816\">\u2705 <span class=\"relative -mx-px my-[-0.2rem] rounded px-px py-[0.2rem] transition-colors duration-100 ease-in-out\">Yra sand\u0117lyje, greitas pristatymas per 1\u20133 darbo dienas<\/span><\/p>\n","protected":false},"featured_media":45387,"comment_status":"open","ping_status":"closed","template":"","meta":{"_acf_changed":false},"product_brand":[],"product_cat":[204,190],"product_tag":[205],"class_list":{"0":"post-45383","1":"product","2":"type-product","3":"status-publish","4":"has-post-thumbnail","6":"product_cat-tactical-foodpack-patiekalai","7":"product_cat-zygio-prekes","8":"product_tag-tactical-foodpack","10":"first","11":"instock","12":"taxable","13":"shipping-taxable","14":"purchasable","15":"product-type-simple"},"bundled_by":[],"bundle_stock_status":"instock","bundle_stock_quantity":11,"bundle_virtual":false,"bundle_layout":"","bundle_add_to_cart_form_location":"","bundle_editable_in_cart":false,"bundle_sold_individually_context":"","bundle_item_grouping":"","bundle_min_size":"","bundle_max_size":"","bundle_price":[],"bundled_items":[],"bundle_sell_ids":[],"acf":[],"yoast_head":"<!-- This site is optimized with the Yoast SEO plugin v27.3 - https:\/\/yoast.com\/product\/yoast-seo-wordpress\/ -->\n<title>L\u0119\u0161i\u0173 strogonovas - Toidupakk.ee - Tactical Foodpack toidupakid<\/title>\n<meta name=\"description\" content=\"L\u0119\u0161i\u0173 strogonovas 120 g \u2013 augalinis, \u0161al\u010diu d\u017eiovintas patiekalas su raudonaisiais l\u0119\u0161iais, dar\u017eov\u0117mis ir kokos\u0173 g\u0117rimu. Tik \u012fpilk vandens ir paruo\u0161ta vos per 8 minutes.\" \/>\n<meta name=\"robots\" content=\"index, follow, max-snippet:-1, max-image-preview:large, max-video-preview:-1\" \/>\n<link rel=\"canonical\" href=\"https:\/\/toidupakk.ee\/lt\/toode\/lesiu-strogonovas\/\" \/>\n<meta property=\"og:locale\" content=\"lt_LT\" \/>\n<meta property=\"og:type\" content=\"article\" \/>\n<meta property=\"og:title\" content=\"L\u0119\u0161i\u0173 strogonovas - Toidupakk.ee - Tactical Foodpack toidupakid\" \/>\n<meta property=\"og:description\" content=\"L\u0119\u0161i\u0173 strogonovas 120 g \u2013 augalinis, \u0161al\u010diu d\u017eiovintas patiekalas su raudonaisiais l\u0119\u0161iais, dar\u017eov\u0117mis ir kokos\u0173 g\u0117rimu. Tik \u012fpilk vandens ir paruo\u0161ta vos per 8 minutes.\" \/>\n<meta property=\"og:url\" content=\"https:\/\/toidupakk.ee\/lt\/toode\/lesiu-strogonovas\/\" \/>\n<meta property=\"og:site_name\" content=\"Toidupakk.ee - Tactical Foodpack toidupakid\" \/>\n<meta property=\"article:publisher\" content=\"https:\/\/www.facebook.com\/Toidupakk\" \/>\n<meta property=\"article:modified_time\" content=\"2026-04-16T02:31:07+00:00\" \/>\n<meta property=\"og:image\" content=\"https:\/\/toidupakk.ee\/wp-content\/uploads\/2025\/04\/Nimetu-kujundus-8.png\" \/>\n\t<meta property=\"og:image:width\" content=\"800\" \/>\n\t<meta property=\"og:image:height\" content=\"800\" \/>\n\t<meta property=\"og:image:type\" content=\"image\/png\" \/>\n<meta name=\"twitter:card\" content=\"summary_large_image\" \/>\n<meta name=\"twitter:label1\" content=\"Est. reading time\" \/>\n\t<meta name=\"twitter:data1\" content=\"3 minut\u0117s\" \/>\n<script type=\"application\/ld+json\" class=\"yoast-schema-graph\">{\"@context\":\"https:\\\/\\\/schema.org\",\"@graph\":[{\"@type\":\"WebPage\",\"@id\":\"https:\\\/\\\/toidupakk.ee\\\/lt\\\/toode\\\/lesiu-strogonovas\\\/\",\"url\":\"https:\\\/\\\/toidupakk.ee\\\/lt\\\/toode\\\/lesiu-strogonovas\\\/\",\"name\":\"L\u0119\u0161i\u0173 strogonovas - Toidupakk.ee - Tactical Foodpack toidupakid\",\"isPartOf\":{\"@id\":\"https:\\\/\\\/toidupakk.ee\\\/lt\\\/#website\"},\"primaryImageOfPage\":{\"@id\":\"https:\\\/\\\/toidupakk.ee\\\/lt\\\/toode\\\/lesiu-strogonovas\\\/#primaryimage\"},\"image\":{\"@id\":\"https:\\\/\\\/toidupakk.ee\\\/lt\\\/toode\\\/lesiu-strogonovas\\\/#primaryimage\"},\"thumbnailUrl\":\"https:\\\/\\\/toidupakk.ee\\\/wp-content\\\/uploads\\\/2025\\\/04\\\/Nimetu-kujundus-8.png\",\"datePublished\":\"2025-04-23T06:36:37+00:00\",\"dateModified\":\"2026-04-16T02:31:07+00:00\",\"description\":\"L\u0119\u0161i\u0173 strogonovas 120 g \u2013 augalinis, \u0161al\u010diu d\u017eiovintas patiekalas su raudonaisiais l\u0119\u0161iais, dar\u017eov\u0117mis ir kokos\u0173 g\u0117rimu. Tik \u012fpilk vandens ir paruo\u0161ta vos per 8 minutes.\",\"breadcrumb\":{\"@id\":\"https:\\\/\\\/toidupakk.ee\\\/lt\\\/toode\\\/lesiu-strogonovas\\\/#breadcrumb\"},\"inLanguage\":\"lt-LT\",\"potentialAction\":[{\"@type\":\"ReadAction\",\"target\":[\"https:\\\/\\\/toidupakk.ee\\\/lt\\\/toode\\\/lesiu-strogonovas\\\/\"]}]},{\"@type\":\"ImageObject\",\"inLanguage\":\"lt-LT\",\"@id\":\"https:\\\/\\\/toidupakk.ee\\\/lt\\\/toode\\\/lesiu-strogonovas\\\/#primaryimage\",\"url\":\"https:\\\/\\\/toidupakk.ee\\\/wp-content\\\/uploads\\\/2025\\\/04\\\/Nimetu-kujundus-8.png\",\"contentUrl\":\"https:\\\/\\\/toidupakk.ee\\\/wp-content\\\/uploads\\\/2025\\\/04\\\/Nimetu-kujundus-8.png\",\"width\":800,\"height\":800},{\"@type\":\"BreadcrumbList\",\"@id\":\"https:\\\/\\\/toidupakk.ee\\\/lt\\\/toode\\\/lesiu-strogonovas\\\/#breadcrumb\",\"itemListElement\":[{\"@type\":\"ListItem\",\"position\":1,\"name\":\"Avaleht\",\"item\":\"https:\\\/\\\/toidupakk.ee\\\/lt\\\/\"},{\"@type\":\"ListItem\",\"position\":2,\"name\":\"El. parduotuv\u0117\",\"item\":\"https:\\\/\\\/toidupakk.ee\\\/lt\\\/el-parduotuve\\\/\"},{\"@type\":\"ListItem\",\"position\":3,\"name\":\"L\u0119\u0161i\u0173 strogonovas\"}]},{\"@type\":\"WebSite\",\"@id\":\"https:\\\/\\\/toidupakk.ee\\\/lt\\\/#website\",\"url\":\"https:\\\/\\\/toidupakk.ee\\\/lt\\\/\",\"name\":\"Toidupakk.ee - Tactical Foodpack toidupakid\",\"description\":\"Tactical Foodpack k\u00fclmkuivatatud toidupakid ja matkaeined\",\"publisher\":{\"@id\":\"https:\\\/\\\/toidupakk.ee\\\/lt\\\/#organization\"},\"potentialAction\":[{\"@type\":\"SearchAction\",\"target\":{\"@type\":\"EntryPoint\",\"urlTemplate\":\"https:\\\/\\\/toidupakk.ee\\\/lt\\\/?s={search_term_string}\"},\"query-input\":{\"@type\":\"PropertyValueSpecification\",\"valueRequired\":true,\"valueName\":\"search_term_string\"}}],\"inLanguage\":\"lt-LT\"},{\"@type\":\"Organization\",\"@id\":\"https:\\\/\\\/toidupakk.ee\\\/lt\\\/#organization\",\"name\":\"Tactical Foodpack matkaeined\",\"url\":\"https:\\\/\\\/toidupakk.ee\\\/lt\\\/\",\"logo\":{\"@type\":\"ImageObject\",\"inLanguage\":\"lt-LT\",\"@id\":\"https:\\\/\\\/toidupakk.ee\\\/lt\\\/#\\\/schema\\\/logo\\\/image\\\/\",\"url\":\"https:\\\/\\\/toidupakk.ee\\\/wp-content\\\/uploads\\\/2022\\\/01\\\/Toidupakk-matkapood-logo-transparent.png\",\"contentUrl\":\"https:\\\/\\\/toidupakk.ee\\\/wp-content\\\/uploads\\\/2022\\\/01\\\/Toidupakk-matkapood-logo-transparent.png\",\"width\":500,\"height\":500,\"caption\":\"Tactical Foodpack matkaeined\"},\"image\":{\"@id\":\"https:\\\/\\\/toidupakk.ee\\\/lt\\\/#\\\/schema\\\/logo\\\/image\\\/\"},\"sameAs\":[\"https:\\\/\\\/www.facebook.com\\\/Toidupakk\",\"https:\\\/\\\/www.instagram.com\\\/toidupakk\\\/\"]}]}<\/script>\n<!-- \/ Yoast SEO plugin. -->","yoast_head_json":{"title":"L\u0119\u0161i\u0173 strogonovas - Toidupakk.ee - Tactical Foodpack toidupakid","description":"L\u0119\u0161i\u0173 strogonovas 120 g \u2013 augalinis, \u0161al\u010diu d\u017eiovintas patiekalas su raudonaisiais l\u0119\u0161iais, dar\u017eov\u0117mis ir kokos\u0173 g\u0117rimu. Tik \u012fpilk vandens ir paruo\u0161ta vos per 8 minutes.","robots":{"index":"index","follow":"follow","max-snippet":"max-snippet:-1","max-image-preview":"max-image-preview:large","max-video-preview":"max-video-preview:-1"},"canonical":"https:\/\/toidupakk.ee\/lt\/toode\/lesiu-strogonovas\/","og_locale":"lt_LT","og_type":"article","og_title":"L\u0119\u0161i\u0173 strogonovas - Toidupakk.ee - Tactical Foodpack toidupakid","og_description":"L\u0119\u0161i\u0173 strogonovas 120 g \u2013 augalinis, \u0161al\u010diu d\u017eiovintas patiekalas su raudonaisiais l\u0119\u0161iais, dar\u017eov\u0117mis ir kokos\u0173 g\u0117rimu. Tik \u012fpilk vandens ir paruo\u0161ta vos per 8 minutes.","og_url":"https:\/\/toidupakk.ee\/lt\/toode\/lesiu-strogonovas\/","og_site_name":"Toidupakk.ee - Tactical Foodpack toidupakid","article_publisher":"https:\/\/www.facebook.com\/Toidupakk","article_modified_time":"2026-04-16T02:31:07+00:00","og_image":[{"width":800,"height":800,"url":"https:\/\/toidupakk.ee\/wp-content\/uploads\/2025\/04\/Nimetu-kujundus-8.png","type":"image\/png"}],"twitter_card":"summary_large_image","twitter_misc":{"Est. reading time":"3 minut\u0117s"},"schema":{"@context":"https:\/\/schema.org","@graph":[{"@type":"WebPage","@id":"https:\/\/toidupakk.ee\/lt\/toode\/lesiu-strogonovas\/","url":"https:\/\/toidupakk.ee\/lt\/toode\/lesiu-strogonovas\/","name":"L\u0119\u0161i\u0173 strogonovas - Toidupakk.ee - Tactical Foodpack toidupakid","isPartOf":{"@id":"https:\/\/toidupakk.ee\/lt\/#website"},"primaryImageOfPage":{"@id":"https:\/\/toidupakk.ee\/lt\/toode\/lesiu-strogonovas\/#primaryimage"},"image":{"@id":"https:\/\/toidupakk.ee\/lt\/toode\/lesiu-strogonovas\/#primaryimage"},"thumbnailUrl":"https:\/\/toidupakk.ee\/wp-content\/uploads\/2025\/04\/Nimetu-kujundus-8.png","datePublished":"2025-04-23T06:36:37+00:00","dateModified":"2026-04-16T02:31:07+00:00","description":"L\u0119\u0161i\u0173 strogonovas 120 g \u2013 augalinis, \u0161al\u010diu d\u017eiovintas patiekalas su raudonaisiais l\u0119\u0161iais, dar\u017eov\u0117mis ir kokos\u0173 g\u0117rimu. Tik \u012fpilk vandens ir paruo\u0161ta vos per 8 minutes.","breadcrumb":{"@id":"https:\/\/toidupakk.ee\/lt\/toode\/lesiu-strogonovas\/#breadcrumb"},"inLanguage":"lt-LT","potentialAction":[{"@type":"ReadAction","target":["https:\/\/toidupakk.ee\/lt\/toode\/lesiu-strogonovas\/"]}]},{"@type":"ImageObject","inLanguage":"lt-LT","@id":"https:\/\/toidupakk.ee\/lt\/toode\/lesiu-strogonovas\/#primaryimage","url":"https:\/\/toidupakk.ee\/wp-content\/uploads\/2025\/04\/Nimetu-kujundus-8.png","contentUrl":"https:\/\/toidupakk.ee\/wp-content\/uploads\/2025\/04\/Nimetu-kujundus-8.png","width":800,"height":800},{"@type":"BreadcrumbList","@id":"https:\/\/toidupakk.ee\/lt\/toode\/lesiu-strogonovas\/#breadcrumb","itemListElement":[{"@type":"ListItem","position":1,"name":"Avaleht","item":"https:\/\/toidupakk.ee\/lt\/"},{"@type":"ListItem","position":2,"name":"El. parduotuv\u0117","item":"https:\/\/toidupakk.ee\/lt\/el-parduotuve\/"},{"@type":"ListItem","position":3,"name":"L\u0119\u0161i\u0173 strogonovas"}]},{"@type":"WebSite","@id":"https:\/\/toidupakk.ee\/lt\/#website","url":"https:\/\/toidupakk.ee\/lt\/","name":"Toidupakk.ee - Tactical Foodpack toidupakid","description":"Tactical Foodpack k\u00fclmkuivatatud toidupakid ja matkaeined","publisher":{"@id":"https:\/\/toidupakk.ee\/lt\/#organization"},"potentialAction":[{"@type":"SearchAction","target":{"@type":"EntryPoint","urlTemplate":"https:\/\/toidupakk.ee\/lt\/?s={search_term_string}"},"query-input":{"@type":"PropertyValueSpecification","valueRequired":true,"valueName":"search_term_string"}}],"inLanguage":"lt-LT"},{"@type":"Organization","@id":"https:\/\/toidupakk.ee\/lt\/#organization","name":"Tactical Foodpack matkaeined","url":"https:\/\/toidupakk.ee\/lt\/","logo":{"@type":"ImageObject","inLanguage":"lt-LT","@id":"https:\/\/toidupakk.ee\/lt\/#\/schema\/logo\/image\/","url":"https:\/\/toidupakk.ee\/wp-content\/uploads\/2022\/01\/Toidupakk-matkapood-logo-transparent.png","contentUrl":"https:\/\/toidupakk.ee\/wp-content\/uploads\/2022\/01\/Toidupakk-matkapood-logo-transparent.png","width":500,"height":500,"caption":"Tactical Foodpack matkaeined"},"image":{"@id":"https:\/\/toidupakk.ee\/lt\/#\/schema\/logo\/image\/"},"sameAs":["https:\/\/www.facebook.com\/Toidupakk","https:\/\/www.instagram.com\/toidupakk\/"]}]}},"jetpack_sharing_enabled":true,"_links":{"self":[{"href":"https:\/\/toidupakk.ee\/lt\/wp-json\/wp\/v2\/product\/45383","targetHints":{"allow":["GET"]}}],"collection":[{"href":"https:\/\/toidupakk.ee\/lt\/wp-json\/wp\/v2\/product"}],"about":[{"href":"https:\/\/toidupakk.ee\/lt\/wp-json\/wp\/v2\/types\/product"}],"replies":[{"embeddable":true,"href":"https:\/\/toidupakk.ee\/lt\/wp-json\/wp\/v2\/comments?post=45383"}],"wp:featuredmedia":[{"embeddable":true,"href":"https:\/\/toidupakk.ee\/lt\/wp-json\/wp\/v2\/media\/45387"}],"wp:attachment":[{"href":"https:\/\/toidupakk.ee\/lt\/wp-json\/wp\/v2\/media?parent=45383"}],"wp:term":[{"taxonomy":"product_brand","embeddable":true,"href":"https:\/\/toidupakk.ee\/lt\/wp-json\/wp\/v2\/product_brand?post=45383"},{"taxonomy":"product_cat","embeddable":true,"href":"https:\/\/toidupakk.ee\/lt\/wp-json\/wp\/v2\/product_cat?post=45383"},{"taxonomy":"product_tag","embeddable":true,"href":"https:\/\/toidupakk.ee\/lt\/wp-json\/wp\/v2\/product_tag?post=45383"}],"curies":[{"name":"wp","href":"https:\/\/api.w.org\/{rel}","templated":true}]}}