{"id":45365,"date":"2025-04-23T09:27:12","date_gmt":"2025-04-23T06:27:12","guid":{"rendered":"https:\/\/toidupakk.ee\/toode\/vandeniui-atsparus-deklas-telefonui\/"},"modified":"2026-04-30T12:31:46","modified_gmt":"2026-04-30T09:31:46","slug":"vandeniui-atsparus-deklas-telefonui","status":"publish","type":"product","link":"https:\/\/toidupakk.ee\/lt\/toode\/vandeniui-atsparus-deklas-telefonui\/","title":{"rendered":"Vandeniui atsparus d\u0117klas telefonui"},"content":{"rendered":"<h2 data-start=\"148\" data-end=\"215\">TF-2215 Waterproof \u2013 vandeniui atsparus d\u0117klas telefonui bet kokiai situacijai<\/h2>\n<p class=\"\" data-start=\"217\" data-end=\"635\">TF-2215 Waterproof yra vandeniui atsparus d\u0117klas telefonui, sukurtas vartotojui, norin\u010diam apsaugoti savo \u012frengin\u012f bet kokiomis aplinkyb\u0117mis \u2013 nesvarbu, ar tai b\u016bt\u0173 diena papl\u016bdimyje, \u017eygis lietingame mi\u0161ke, pasiplaukiojimas valtimi, \u017evejyba ar tiesiog kasdienis pasivaik\u0161\u010diojimas mieste, kur orai gali pasikeisti akimirksniu. D\u0117l vandeniui atsparaus dizaino ir patvarios med\u017eiagos \u0161is d\u0117klas i\u0161laikys tavo telefon\u0105 saus\u0105 ir \u0161var\u0173 net sud\u0117tingiausiomis oro s\u0105lygomis.<br data-start=\"619\" data-end=\"622\">Tai ypa\u010d geras pasirinkimas tiems, kurie nori apsaugoti savo telefon\u0105 neprarandant kasdienio naudojimo patogumo. <\/p>\n<p data-start=\"217\" data-end=\"635\"><img fetchpriority=\"high\" decoding=\"async\" class=\"alignnone wp-image-34003 size-thumbnail\" src=\"https:\/\/toidupakk.ee\/wp-content\/uploads\/2025\/04\/4-4-500x500.png\" alt=\"Per pet\u012f ne\u0161iojamas TF-2215 vandeniui atsparus d\u0117klas telefonui \u2013 kompakti\u0161kas ir saugus sprendimas tavo \u012frenginio apsaugai bet kurioje situacijoje.\" width=\"500\" height=\"500\" srcset=\"https:\/\/toidupakk.ee\/wp-content\/uploads\/2025\/04\/4-4-500x500.png 500w, https:\/\/toidupakk.ee\/wp-content\/uploads\/2025\/04\/4-4-400x400.png 400w, https:\/\/toidupakk.ee\/wp-content\/uploads\/2025\/04\/4-4-100x100.png 100w, https:\/\/toidupakk.ee\/wp-content\/uploads\/2025\/04\/4-4-300x300.png 300w, https:\/\/toidupakk.ee\/wp-content\/uploads\/2025\/04\/4-4-768x768.png 768w, https:\/\/toidupakk.ee\/wp-content\/uploads\/2025\/04\/4-4.png 800w\" sizes=\"(max-width: 500px) 100vw, 500px\" \/><\/p>\n<h3 class=\"\" data-start=\"637\" data-end=\"673\">Patvari ir vandeniui atspari med\u017eiaga<\/h3>\n<p class=\"\" data-start=\"675\" data-end=\"1026\">D\u0117klas pagamintas i\u0161 kokybi\u0161kos ir patvarios <strong data-start=\"736\" data-end=\"758\">500D PVC med\u017eiagos<\/strong>, kuri yra atspari nusid\u0117v\u0117jimui ir nepraleid\u017eia vandens. \u0160is <strong data-start=\"807\" data-end=\"836\">vandeniui atsparus d\u0117klas telefonui<\/strong> saugo tavo \u012frengin\u012f ne tik nuo vandens, bet ir nuo dulki\u0173, purvo, sm\u0117lio bei \u012fbr\u0117\u017eim\u0173. TF-2215 u\u017etikrina, kad netik\u0117tai u\u017eklupus lietui ar pasid\u0117jus d\u0117kl\u0105 ant \u0161lapio pavir\u0161iaus, tavo i\u0161manusis i\u0161liks sausas.  <\/p>\n<h3 class=\"\" data-start=\"1028\" data-end=\"1066\">Patogus, lengvas ir paprastas naudoti<\/h3>\n<p class=\"\" data-start=\"1068\" data-end=\"1344\">D\u0117klas yra kompakti\u0161kas, lengvas ir patogus. D\u0117l savo matmen\u0173 jis telpa \u012f bet kuri\u0105 kuprin\u0119, \u017eygio krep\u0161\u012f ar kasdien\u0119 rankin\u0119. Neutrali i\u0161vaizda tinka bet kokio am\u017eiaus vartotojui \u2013 tiek aktyviems \u017eygeiviams, tiek jauniems nuotyki\u0173 ie\u0161kotojams ar prakti\u0161kiems miestie\u010diams.  <\/p>\n<h3 class=\"\" data-start=\"1346\" data-end=\"1381\">Idealus pasirinkimas aktyviam gyvenimui<\/h3>\n<p class=\"\" data-start=\"1383\" data-end=\"1620\">\u0160is d\u0117klas puikiai tinka tiems, kurie da\u017enai leid\u017eia laik\u0105 lauke. \u017dygiai, va\u017ein\u0117jimas dvira\u010diu, pasiplaukiojimai valtimi, festivaliai, \u017evejyba ar tiesiog lietingos dienos \u2013 visais \u0161iais momentais TF-2215 yra patikimas pasirinkimas. <\/p>\n<h3 class=\"\" data-start=\"1622\" data-end=\"1653\">Prakti\u0161kas ir patikimas<\/h3>\n<p class=\"\" data-start=\"1655\" data-end=\"1915\">D\u0117klo privalumas \u2013 jo paprastumas. Joki\u0173 nereikaling\u0173 u\u017etrauktuk\u0173 ar sud\u0117ting\u0173 mechanizm\u0173 \u2013 telefon\u0105 galima greitai i\u0161imti ir taip pat greitai apsaugoti. Stilingas ir minimalistinis dizainas dera prie bet kokios aprangos, tod\u0117l j\u012f patogu naudoti kasdien.  <\/p>\n<p class=\"\" data-start=\"1917\" data-end=\"2101\">TF-2215 d\u0117klas telefonui suteikia ramyb\u0119 bet kokioje situacijoje, prailgina telefono tarnavimo laik\u0105 ir padeda i\u0161vengti netik\u0117t\u0173 i\u0161laid\u0173. Jis prakti\u0161kas, patvarus ir sukurtas tarnauti ilgai. <\/p>\n<h3 class=\"\" data-start=\"1819\" data-end=\"1873\">Produkto savyb\u0117s \u2013 TF-2215 vandeniui atsparus d\u0117klas telefonui<\/h3>\n<ul>\n<li data-start=\"1877\" data-end=\"1912\"><strong data-start=\"1877\" data-end=\"1890\">Med\u017eiaga:<\/strong> patvarus 500D PVC<\/li>\n<li data-start=\"1877\" data-end=\"1912\"><strong data-start=\"1915\" data-end=\"1924\">Svoris:<\/strong> 650 g<\/li>\n<li data-start=\"1877\" data-end=\"1912\"><strong data-start=\"1935\" data-end=\"1946\">Matmenys:<\/strong> 33 \u00d7 12 cm<\/li>\n<li data-start=\"1877\" data-end=\"1912\"><strong data-start=\"1962\" data-end=\"1976\">Apsauga nuo vandens:<\/strong> Saugo nuo vandens, dulki\u0173 ir sm\u0117lio<\/li>\n<li data-start=\"1877\" data-end=\"1912\"><strong data-start=\"2014\" data-end=\"2036\">Naudojimo sritys:<\/strong> Papl\u016bdimyje, \u017eygiuose, lieting\u0105 dien\u0105, valtyje, gamtoje<\/li>\n<\/ul>\n<p>\u017di\u016br\u0117k \u017eygio reikmenis <a href=\"https:\/\/toidupakk.ee\/lt\/tootekategooria\/zygio-iranga\/#section-3-79\">\u010cIA<\/a><\/p>\n<p>\u017di\u016br\u0117k \u017eygio maist\u0105 <a href=\"https:\/\/toidupakk.ee\/lt\/el-parduotuve\/\">\u010cIA<\/a><\/p>\n<p>Pasisemk \u012fkv\u0117pimo kitiems nuotykiams Toidupakk <a href=\"https:\/\/www.instagram.com\/toidupakk\/\">Instagram<\/a> ir <a href=\"https:\/\/www.facebook.com\/Toidupakk\/\">Facebook<\/a> paskyrose<\/p>\n","protected":false},"excerpt":{"rendered":"<p class=\"\" data-start=\"236\" data-end=\"580\"><strong>TF-2215 vandeniui atsparus d\u0117klas telefonui yra idealus sprendimas, jei nori apsaugoti savo i\u0161man\u0173j\u012f nuo vandens, sm\u0117lio ir dulki\u0173. D\u0117klas pagamintas i\u0161 patvarios 500D PVC med\u017eiagos, kuri u\u017etikrina patikimum\u0105 net dr\u0117gnomis ir sud\u0117tingomis s\u0105lygomis. Nesvarbu, ar tai diena papl\u016bdimyje, \u017eygis ar lietingas oras \u2013 \u0161is d\u0117klas i\u0161laikys tavo \u012frengin\u012f saus\u0105.  <\/strong><\/p>\n<ul>\n<li data-start=\"582\" data-end=\"858\">Pagamintas i\u0161 vandeniui atsparios ir tvirtos 500D PVC med\u017eiagos<\/li>\n<li data-start=\"582\" data-end=\"858\">Efektyviai saugo nuo vandens, dulki\u0173 ir sm\u0117lio<\/li>\n<li data-start=\"582\" data-end=\"858\">Idealiai tinka naudoti papl\u016bdimyje, \u017eygyje ar kasdien<\/li>\n<li data-start=\"582\" data-end=\"858\">Patvarus ir patikimas pasirinkimas telefono apsaugai<\/li>\n<li data-start=\"582\" data-end=\"858\">Matmenys: 33 \u00d7 12 cm, svoris: 650 g<\/li>\n<\/ul>\n<p class=\"\" data-start=\"860\" data-end=\"943\">\u2705 Turime sand\u0117lyje, greitas pristatymas per 1\u20133 darbo dienas<\/p>\n","protected":false},"featured_media":34004,"comment_status":"open","ping_status":"closed","template":"","meta":{"_acf_changed":false},"product_brand":[],"product_cat":[202,189,190],"product_tag":[],"class_list":{"0":"post-45365","1":"product","2":"type-product","3":"status-publish","4":"has-post-thumbnail","6":"product_cat-krepsiai","7":"product_cat-zygio-iranga","8":"product_cat-zygio-prekes","10":"first","11":"instock","12":"taxable","13":"shipping-taxable","14":"purchasable","15":"product-type-variable","16":"has-default-attributes"},"bundled_by":[],"bundle_stock_status":"instock","bundle_stock_quantity":null,"bundle_virtual":false,"bundle_layout":"","bundle_add_to_cart_form_location":"","bundle_editable_in_cart":false,"bundle_sold_individually_context":"","bundle_item_grouping":"","bundle_min_size":"","bundle_max_size":"","bundle_price":[],"bundled_items":[],"bundle_sell_ids":[],"acf":[],"yoast_head":"<!-- This site is optimized with the Yoast SEO plugin v27.3 - https:\/\/yoast.com\/product\/yoast-seo-wordpress\/ -->\n<title>Vandeniui atsparus d\u0117klas telefonui<\/title>\n<meta name=\"description\" content=\"Vandeniui atsparus d\u0117klas telefonui apsaugo tavo i\u0161man\u0173j\u012f nuo vandens, dulki\u0173 ir sm\u0117lio. TF-2215 yra idealus pasirinkimas \u017eygiams, papl\u016bdimiui ar kasdieniam naudojimui.\" \/>\n<meta name=\"robots\" content=\"index, follow, max-snippet:-1, max-image-preview:large, max-video-preview:-1\" \/>\n<link rel=\"canonical\" href=\"https:\/\/toidupakk.ee\/lt\/toode\/vandeniui-atsparus-deklas-telefonui\/\" \/>\n<meta property=\"og:locale\" content=\"lt_LT\" \/>\n<meta property=\"og:type\" content=\"article\" \/>\n<meta property=\"og:title\" content=\"Vandeniui atsparus d\u0117klas telefonui\" \/>\n<meta property=\"og:description\" content=\"Vandeniui atsparus d\u0117klas telefonui apsaugo tavo i\u0161man\u0173j\u012f nuo vandens, dulki\u0173 ir sm\u0117lio. TF-2215 yra idealus pasirinkimas \u017eygiams, papl\u016bdimiui ar kasdieniam naudojimui.\" \/>\n<meta property=\"og:url\" content=\"https:\/\/toidupakk.ee\/lt\/toode\/vandeniui-atsparus-deklas-telefonui\/\" \/>\n<meta property=\"og:site_name\" content=\"Toidupakk.ee - Tactical Foodpack toidupakid\" \/>\n<meta property=\"article:publisher\" content=\"https:\/\/www.facebook.com\/Toidupakk\" \/>\n<meta property=\"article:modified_time\" content=\"2026-04-30T09:31:46+00:00\" \/>\n<meta property=\"og:image\" content=\"https:\/\/toidupakk.ee\/wp-content\/uploads\/2025\/04\/1-5.png\" \/>\n\t<meta property=\"og:image:width\" content=\"800\" \/>\n\t<meta property=\"og:image:height\" content=\"800\" \/>\n\t<meta property=\"og:image:type\" content=\"image\/png\" \/>\n<meta name=\"twitter:card\" content=\"summary_large_image\" \/>\n<meta name=\"twitter:label1\" content=\"Est. reading time\" \/>\n\t<meta name=\"twitter:data1\" content=\"2 minut\u0117s\" \/>\n<script type=\"application\/ld+json\" class=\"yoast-schema-graph\">{\"@context\":\"https:\\\/\\\/schema.org\",\"@graph\":[{\"@type\":\"WebPage\",\"@id\":\"https:\\\/\\\/toidupakk.ee\\\/lt\\\/toode\\\/vandeniui-atsparus-deklas-telefonui\\\/\",\"url\":\"https:\\\/\\\/toidupakk.ee\\\/lt\\\/toode\\\/vandeniui-atsparus-deklas-telefonui\\\/\",\"name\":\"Vandeniui atsparus d\u0117klas telefonui\",\"isPartOf\":{\"@id\":\"https:\\\/\\\/toidupakk.ee\\\/lt\\\/#website\"},\"primaryImageOfPage\":{\"@id\":\"https:\\\/\\\/toidupakk.ee\\\/lt\\\/toode\\\/vandeniui-atsparus-deklas-telefonui\\\/#primaryimage\"},\"image\":{\"@id\":\"https:\\\/\\\/toidupakk.ee\\\/lt\\\/toode\\\/vandeniui-atsparus-deklas-telefonui\\\/#primaryimage\"},\"thumbnailUrl\":\"https:\\\/\\\/toidupakk.ee\\\/wp-content\\\/uploads\\\/2025\\\/04\\\/1-5.png\",\"datePublished\":\"2025-04-23T06:27:12+00:00\",\"dateModified\":\"2026-04-30T09:31:46+00:00\",\"description\":\"Vandeniui atsparus d\u0117klas telefonui apsaugo tavo i\u0161man\u0173j\u012f nuo vandens, dulki\u0173 ir sm\u0117lio. TF-2215 yra idealus pasirinkimas \u017eygiams, papl\u016bdimiui ar kasdieniam naudojimui.\",\"breadcrumb\":{\"@id\":\"https:\\\/\\\/toidupakk.ee\\\/lt\\\/toode\\\/vandeniui-atsparus-deklas-telefonui\\\/#breadcrumb\"},\"inLanguage\":\"lt-LT\",\"potentialAction\":[{\"@type\":\"ReadAction\",\"target\":[\"https:\\\/\\\/toidupakk.ee\\\/lt\\\/toode\\\/vandeniui-atsparus-deklas-telefonui\\\/\"]}]},{\"@type\":\"ImageObject\",\"inLanguage\":\"lt-LT\",\"@id\":\"https:\\\/\\\/toidupakk.ee\\\/lt\\\/toode\\\/vandeniui-atsparus-deklas-telefonui\\\/#primaryimage\",\"url\":\"https:\\\/\\\/toidupakk.ee\\\/wp-content\\\/uploads\\\/2025\\\/04\\\/1-5.png\",\"contentUrl\":\"https:\\\/\\\/toidupakk.ee\\\/wp-content\\\/uploads\\\/2025\\\/04\\\/1-5.png\",\"width\":800,\"height\":800},{\"@type\":\"BreadcrumbList\",\"@id\":\"https:\\\/\\\/toidupakk.ee\\\/lt\\\/toode\\\/vandeniui-atsparus-deklas-telefonui\\\/#breadcrumb\",\"itemListElement\":[{\"@type\":\"ListItem\",\"position\":1,\"name\":\"Avaleht\",\"item\":\"https:\\\/\\\/toidupakk.ee\\\/lt\\\/\"},{\"@type\":\"ListItem\",\"position\":2,\"name\":\"El. parduotuv\u0117\",\"item\":\"https:\\\/\\\/toidupakk.ee\\\/lt\\\/el-parduotuve\\\/\"},{\"@type\":\"ListItem\",\"position\":3,\"name\":\"Vandeniui atsparus d\u0117klas telefonui\"}]},{\"@type\":\"WebSite\",\"@id\":\"https:\\\/\\\/toidupakk.ee\\\/lt\\\/#website\",\"url\":\"https:\\\/\\\/toidupakk.ee\\\/lt\\\/\",\"name\":\"Toidupakk.ee - Tactical Foodpack toidupakid\",\"description\":\"Tactical Foodpack k\u00fclmkuivatatud toidupakid ja matkaeined\",\"publisher\":{\"@id\":\"https:\\\/\\\/toidupakk.ee\\\/lt\\\/#organization\"},\"potentialAction\":[{\"@type\":\"SearchAction\",\"target\":{\"@type\":\"EntryPoint\",\"urlTemplate\":\"https:\\\/\\\/toidupakk.ee\\\/lt\\\/?s={search_term_string}\"},\"query-input\":{\"@type\":\"PropertyValueSpecification\",\"valueRequired\":true,\"valueName\":\"search_term_string\"}}],\"inLanguage\":\"lt-LT\"},{\"@type\":\"Organization\",\"@id\":\"https:\\\/\\\/toidupakk.ee\\\/lt\\\/#organization\",\"name\":\"Tactical Foodpack matkaeined\",\"url\":\"https:\\\/\\\/toidupakk.ee\\\/lt\\\/\",\"logo\":{\"@type\":\"ImageObject\",\"inLanguage\":\"lt-LT\",\"@id\":\"https:\\\/\\\/toidupakk.ee\\\/lt\\\/#\\\/schema\\\/logo\\\/image\\\/\",\"url\":\"https:\\\/\\\/toidupakk.ee\\\/wp-content\\\/uploads\\\/2022\\\/01\\\/Toidupakk-matkapood-logo-transparent.png\",\"contentUrl\":\"https:\\\/\\\/toidupakk.ee\\\/wp-content\\\/uploads\\\/2022\\\/01\\\/Toidupakk-matkapood-logo-transparent.png\",\"width\":500,\"height\":500,\"caption\":\"Tactical Foodpack matkaeined\"},\"image\":{\"@id\":\"https:\\\/\\\/toidupakk.ee\\\/lt\\\/#\\\/schema\\\/logo\\\/image\\\/\"},\"sameAs\":[\"https:\\\/\\\/www.facebook.com\\\/Toidupakk\",\"https:\\\/\\\/www.instagram.com\\\/toidupakk\\\/\"]}]}<\/script>\n<!-- \/ Yoast SEO plugin. -->","yoast_head_json":{"title":"Vandeniui atsparus d\u0117klas telefonui","description":"Vandeniui atsparus d\u0117klas telefonui apsaugo tavo i\u0161man\u0173j\u012f nuo vandens, dulki\u0173 ir sm\u0117lio. TF-2215 yra idealus pasirinkimas \u017eygiams, papl\u016bdimiui ar kasdieniam naudojimui.","robots":{"index":"index","follow":"follow","max-snippet":"max-snippet:-1","max-image-preview":"max-image-preview:large","max-video-preview":"max-video-preview:-1"},"canonical":"https:\/\/toidupakk.ee\/lt\/toode\/vandeniui-atsparus-deklas-telefonui\/","og_locale":"lt_LT","og_type":"article","og_title":"Vandeniui atsparus d\u0117klas telefonui","og_description":"Vandeniui atsparus d\u0117klas telefonui apsaugo tavo i\u0161man\u0173j\u012f nuo vandens, dulki\u0173 ir sm\u0117lio. TF-2215 yra idealus pasirinkimas \u017eygiams, papl\u016bdimiui ar kasdieniam naudojimui.","og_url":"https:\/\/toidupakk.ee\/lt\/toode\/vandeniui-atsparus-deklas-telefonui\/","og_site_name":"Toidupakk.ee - Tactical Foodpack toidupakid","article_publisher":"https:\/\/www.facebook.com\/Toidupakk","article_modified_time":"2026-04-30T09:31:46+00:00","og_image":[{"width":800,"height":800,"url":"https:\/\/toidupakk.ee\/wp-content\/uploads\/2025\/04\/1-5.png","type":"image\/png"}],"twitter_card":"summary_large_image","twitter_misc":{"Est. reading time":"2 minut\u0117s"},"schema":{"@context":"https:\/\/schema.org","@graph":[{"@type":"WebPage","@id":"https:\/\/toidupakk.ee\/lt\/toode\/vandeniui-atsparus-deklas-telefonui\/","url":"https:\/\/toidupakk.ee\/lt\/toode\/vandeniui-atsparus-deklas-telefonui\/","name":"Vandeniui atsparus d\u0117klas telefonui","isPartOf":{"@id":"https:\/\/toidupakk.ee\/lt\/#website"},"primaryImageOfPage":{"@id":"https:\/\/toidupakk.ee\/lt\/toode\/vandeniui-atsparus-deklas-telefonui\/#primaryimage"},"image":{"@id":"https:\/\/toidupakk.ee\/lt\/toode\/vandeniui-atsparus-deklas-telefonui\/#primaryimage"},"thumbnailUrl":"https:\/\/toidupakk.ee\/wp-content\/uploads\/2025\/04\/1-5.png","datePublished":"2025-04-23T06:27:12+00:00","dateModified":"2026-04-30T09:31:46+00:00","description":"Vandeniui atsparus d\u0117klas telefonui apsaugo tavo i\u0161man\u0173j\u012f nuo vandens, dulki\u0173 ir sm\u0117lio. TF-2215 yra idealus pasirinkimas \u017eygiams, papl\u016bdimiui ar kasdieniam naudojimui.","breadcrumb":{"@id":"https:\/\/toidupakk.ee\/lt\/toode\/vandeniui-atsparus-deklas-telefonui\/#breadcrumb"},"inLanguage":"lt-LT","potentialAction":[{"@type":"ReadAction","target":["https:\/\/toidupakk.ee\/lt\/toode\/vandeniui-atsparus-deklas-telefonui\/"]}]},{"@type":"ImageObject","inLanguage":"lt-LT","@id":"https:\/\/toidupakk.ee\/lt\/toode\/vandeniui-atsparus-deklas-telefonui\/#primaryimage","url":"https:\/\/toidupakk.ee\/wp-content\/uploads\/2025\/04\/1-5.png","contentUrl":"https:\/\/toidupakk.ee\/wp-content\/uploads\/2025\/04\/1-5.png","width":800,"height":800},{"@type":"BreadcrumbList","@id":"https:\/\/toidupakk.ee\/lt\/toode\/vandeniui-atsparus-deklas-telefonui\/#breadcrumb","itemListElement":[{"@type":"ListItem","position":1,"name":"Avaleht","item":"https:\/\/toidupakk.ee\/lt\/"},{"@type":"ListItem","position":2,"name":"El. parduotuv\u0117","item":"https:\/\/toidupakk.ee\/lt\/el-parduotuve\/"},{"@type":"ListItem","position":3,"name":"Vandeniui atsparus d\u0117klas telefonui"}]},{"@type":"WebSite","@id":"https:\/\/toidupakk.ee\/lt\/#website","url":"https:\/\/toidupakk.ee\/lt\/","name":"Toidupakk.ee - Tactical Foodpack toidupakid","description":"Tactical Foodpack k\u00fclmkuivatatud toidupakid ja matkaeined","publisher":{"@id":"https:\/\/toidupakk.ee\/lt\/#organization"},"potentialAction":[{"@type":"SearchAction","target":{"@type":"EntryPoint","urlTemplate":"https:\/\/toidupakk.ee\/lt\/?s={search_term_string}"},"query-input":{"@type":"PropertyValueSpecification","valueRequired":true,"valueName":"search_term_string"}}],"inLanguage":"lt-LT"},{"@type":"Organization","@id":"https:\/\/toidupakk.ee\/lt\/#organization","name":"Tactical Foodpack matkaeined","url":"https:\/\/toidupakk.ee\/lt\/","logo":{"@type":"ImageObject","inLanguage":"lt-LT","@id":"https:\/\/toidupakk.ee\/lt\/#\/schema\/logo\/image\/","url":"https:\/\/toidupakk.ee\/wp-content\/uploads\/2022\/01\/Toidupakk-matkapood-logo-transparent.png","contentUrl":"https:\/\/toidupakk.ee\/wp-content\/uploads\/2022\/01\/Toidupakk-matkapood-logo-transparent.png","width":500,"height":500,"caption":"Tactical Foodpack matkaeined"},"image":{"@id":"https:\/\/toidupakk.ee\/lt\/#\/schema\/logo\/image\/"},"sameAs":["https:\/\/www.facebook.com\/Toidupakk","https:\/\/www.instagram.com\/toidupakk\/"]}]}},"jetpack_sharing_enabled":true,"_links":{"self":[{"href":"https:\/\/toidupakk.ee\/lt\/wp-json\/wp\/v2\/product\/45365","targetHints":{"allow":["GET"]}}],"collection":[{"href":"https:\/\/toidupakk.ee\/lt\/wp-json\/wp\/v2\/product"}],"about":[{"href":"https:\/\/toidupakk.ee\/lt\/wp-json\/wp\/v2\/types\/product"}],"replies":[{"embeddable":true,"href":"https:\/\/toidupakk.ee\/lt\/wp-json\/wp\/v2\/comments?post=45365"}],"wp:featuredmedia":[{"embeddable":true,"href":"https:\/\/toidupakk.ee\/lt\/wp-json\/wp\/v2\/media\/34004"}],"wp:attachment":[{"href":"https:\/\/toidupakk.ee\/lt\/wp-json\/wp\/v2\/media?parent=45365"}],"wp:term":[{"taxonomy":"product_brand","embeddable":true,"href":"https:\/\/toidupakk.ee\/lt\/wp-json\/wp\/v2\/product_brand?post=45365"},{"taxonomy":"product_cat","embeddable":true,"href":"https:\/\/toidupakk.ee\/lt\/wp-json\/wp\/v2\/product_cat?post=45365"},{"taxonomy":"product_tag","embeddable":true,"href":"https:\/\/toidupakk.ee\/lt\/wp-json\/wp\/v2\/product_tag?post=45365"}],"curies":[{"name":"wp","href":"https:\/\/api.w.org\/{rel}","templated":true}]}}