{"id":45360,"date":"2025-07-16T09:47:04","date_gmt":"2025-07-16T06:47:04","guid":{"rendered":"https:\/\/toidupakk.ee\/toode\/kuprine-norfin-adventure-55\/"},"modified":"2026-04-29T19:31:34","modified_gmt":"2026-04-29T16:31:34","slug":"kuprine-norfin-adventure-55","status":"publish","type":"product","link":"https:\/\/toidupakk.ee\/lt\/toode\/kuprine-norfin-adventure-55\/","title":{"rendered":"Kuprin\u0117 Norfin ADVENTURE 55"},"content":{"rendered":"<h2 data-start=\"141\" data-end=\"215\">Kuprin\u0117 Norfin ADVENTURE 55 \u2013 tavo patikima palydov\u0117 ilgesniuose \u017eygiuose<\/h2>\n<p data-start=\"217\" data-end=\"650\"><strong data-start=\"217\" data-end=\"250\">Kuprin\u0117 Norfin ADVENTURE 55<\/strong> sukurta \u017eygeiviui, kuriam reikia didesn\u0117s talpos ir patikimos atramos net tada, kai kelion\u0117 \u012f gamt\u0105 trunka kelias dienas. 55 litr\u0173 t\u016bris suteikia pakankamai vietos visai \u012frangai \u2013 nesvarbu, ar tai b\u016bt\u0173 palapin\u0117, miegmai\u0161is, atsarginiai drabu\u017eiai ar \u017eygio maistas. Tvirtas poliesterio audinys (420D ripstop ir 600D Oxford) su PU danga u\u017etikrina, kad kuprin\u0117 atlaikys tiek at\u0161iaurias oro s\u0105lygas, tiek ilg\u0105 naudojim\u0105.  <\/p>\n<p data-start=\"217\" data-end=\"650\"><img fetchpriority=\"high\" decoding=\"async\" class=\"alignnone wp-image-37332 size-thumbnail\" src=\"https:\/\/toidupakk.ee\/wp-content\/uploads\/2025\/07\/1-1-500x500.png\" alt=\"Kuprin\u0117 Norfin ADVENTURE 55 \u2013 tavo patikima palydov\u0117 ilgesniuose \u017eygiuose\" width=\"500\" height=\"500\" srcset=\"https:\/\/toidupakk.ee\/wp-content\/uploads\/2025\/07\/1-1-500x500.png 500w, https:\/\/toidupakk.ee\/wp-content\/uploads\/2025\/07\/1-1-300x300.png 300w, https:\/\/toidupakk.ee\/wp-content\/uploads\/2025\/07\/1-1-768x768.png 768w, https:\/\/toidupakk.ee\/wp-content\/uploads\/2025\/07\/1-1-400x400.png 400w, https:\/\/toidupakk.ee\/wp-content\/uploads\/2025\/07\/1-1-100x100.png 100w, https:\/\/toidupakk.ee\/wp-content\/uploads\/2025\/07\/1-1.png 800w\" sizes=\"(max-width: 500px) 100vw, 500px\" \/><\/p>\n<p data-start=\"652\" data-end=\"1142\">\u0160ios didesn\u0117s \u017eygi\u0173 kuprin\u0117s stipryb\u0117 \u2013 apgalvota ir patogi ne\u0161iojimo sistema. Plat\u016bs anatominiai pe\u010di\u0173 dir\u017eai yra pamink\u0161tinti mink\u0161tomis EVA putomis ir padengti Air Mesh tinkleliu, kuris leid\u017eia cirkuliuoti orui ir padeda i\u0161vengti gausaus prakaitavimo. Reguliuojamas juosmens dir\u017eas ir kr\u016btin\u0117s dir\u017eelis padeda tolygiai paskirstyti svor\u012f, tod\u0117l net sunkesn\u0117 kuprin\u0117 neapkrauna nugaros ir pe\u010di\u0173. D\u0117l <strong data-start=\"1009\" data-end=\"1032\">V-1 ne\u0161iojimo sistemos<\/strong> gali tiksliai sureguliuoti kuprin\u0119 pagal savo nugaros ilg\u012f, tod\u0117l net ilgi \u017eygiai tampa gerokai patogesni.   <\/p>\n<p data-start=\"652\" data-end=\"1142\"><img decoding=\"async\" class=\"alignnone wp-image-37333 size-thumbnail\" src=\"https:\/\/toidupakk.ee\/wp-content\/uploads\/2025\/07\/ryukzak-norfin-adventure-55-500x500.jpg\" alt=\"Kuprin\u0117s Norfin ADVENTURE 55 savyb\u0117s\" width=\"500\" height=\"500\" srcset=\"https:\/\/toidupakk.ee\/wp-content\/uploads\/2025\/07\/ryukzak-norfin-adventure-55-500x500.jpg 500w, https:\/\/toidupakk.ee\/wp-content\/uploads\/2025\/07\/ryukzak-norfin-adventure-55-300x300.jpg 300w, https:\/\/toidupakk.ee\/wp-content\/uploads\/2025\/07\/ryukzak-norfin-adventure-55-768x768.jpg 768w, https:\/\/toidupakk.ee\/wp-content\/uploads\/2025\/07\/ryukzak-norfin-adventure-55-400x400.jpg 400w, https:\/\/toidupakk.ee\/wp-content\/uploads\/2025\/07\/ryukzak-norfin-adventure-55-100x100.jpg 100w, https:\/\/toidupakk.ee\/wp-content\/uploads\/2025\/07\/ryukzak-norfin-adventure-55.jpg 800w\" sizes=\"(max-width: 500px) 100vw, 500px\" \/><\/p>\n<h2 data-start=\"1144\" data-end=\"1185\">Daugiau erdv\u0117s ir apgalvoti sprendimai<\/h2>\n<p data-start=\"1187\" data-end=\"1703\"><strong data-start=\"1187\" data-end=\"1220\">Kuprin\u0117 Norfin ADVENTURE 55<\/strong> leid\u017eia lengvai susid\u0117ti ir rasti \u012frang\u0105. Pagrindinis skyrius i\u0161maniai padalintas \u012f dvi dalis membrana \u2013 taip \u012franga turi savo viet\u0105, o reikalingi daiktai nepasimeta kuprin\u0117s dugne. Pagrindin\u0119 dal\u012f patogiai pasieksi tiek i\u0161 vir\u0161aus, tiek i\u0161 apa\u010dios, o tai suteikia didelio lankstumo. Be to, kuprin\u0117 turi reguliuojam\u0105 vir\u0161utin\u012f dangt\u012f ir didel\u0119 priekin\u0119 ki\u0161en\u0119 su fastex u\u017esegimais, kurios t\u016br\u012f galima pritaikyti pagal poreik\u012f. Prakti\u0161kos \u0161onin\u0117s tinklin\u0117s ki\u0161en\u0117s ir priekin\u0117 ki\u0161en\u0117 su u\u017etrauktuku leid\u017eia smulkius reikmenis tur\u0117ti po ranka.    <\/p>\n<p data-start=\"1705\" data-end=\"2152\">Apgalvotos ir ma\u017eos, bet svarbios detal\u0117s \u2013 pavyzd\u017eiui, kuprin\u0117 turi \u201ehose portals\u201c g\u0117rimo vamzdeliui, tod\u0117l gerti judant yra ypa\u010d patogu. Komplekte esantis u\u017edangalas nuo lietaus saugo kuprin\u0119 nuo netik\u0117to krituli\u0173, o nugarin\u0117je dalyje esanti aliuminio plok\u0161t\u0117 suteikia tvirt\u0105 atram\u0105 nugarai, kai kuprin\u0117 yra stipriau pakrauta. Taip pat yra laikikliai \u017eygio lazdoms ir kaln\u0173 \u012frangai tvirtinti \u2013 idealu, jei tavo planas veda \u012f sud\u0117tingesnius takus.  <\/p>\n<h2 data-start=\"2154\" data-end=\"2198\">Didel\u0117 ir patvari \u2013 pasiruo\u0161usi kiekvienam \u017eygiui<\/h2>\n<p data-start=\"2200\" data-end=\"2504\">55 litr\u0173 <strong data-start=\"2212\" data-end=\"2245\">Kuprin\u0117 Norfin ADVENTURE 55<\/strong> tinka visiems, kurie m\u0117gsta ilgiau leisti laik\u0105 gamtoje ir tam ie\u0161ko pakankamai talpios, bet patogios kuprin\u0117s. Tvirtos med\u017eiagos, i\u0161man\u016bs sprendimai ir gerai priglundanti ne\u0161iojimo sistema u\u017etikrina, kad kiekvienas \u017eygis b\u016bt\u0173 malonus, o \u012franga \u2013 visada saugi. <\/p>\n<p>Pasisemk \u012fkv\u0117pimo kitiems nuotykiams Toidupakk  <a href=\"https:\/\/www.instagram.com\/toidupakk\/\">Instagram<\/a>  ir  <a href=\"https:\/\/www.facebook.com\/Toidupakk\/\">Facebook<\/a>.<\/p>\n<p>\u017di\u016br\u0117k \u017eygio reikmenis <a href=\"https:\/\/toidupakk.ee\/lt\/tootekategooria\/zygio-iranga\/#section-3-79\">\u010cIA<\/a>.<\/p>\n<p>Domiesi <strong data-start=\"2879\" data-end=\"2897\">\u017eygio maistu<\/strong>? \u017di\u016br\u0117k <a href=\"https:\/\/toidupakk.ee\/tootekategooria\/matkatoidud\/pearoad\/\">\u010cIA<\/a> <\/p>\n","protected":false},"excerpt":{"rendered":"<p data-start=\"132\" data-end=\"370\"><strong data-start=\"132\" data-end=\"165\">Kuprin\u0117 Norfin ADVENTURE 55<\/strong> yra patikima \u017eygi\u0173 kuprin\u0117, puikiai tinkanti ilgesniems nuotykiams gamtoje. 55 litr\u0173 t\u016bris suteikia pakankamai vietos visai \u012frangai, o pati kuprin\u0117 yra patvari ir patogi ne\u0161ti net su sunkesniu kroviniu. <\/p>\n<ul>\n<li data-start=\"274\" data-end=\"751\">55 litr\u0173 t\u016bris padeda patogiai sutalpinti visk\u0105, ko reikia kelioms dienoms<\/li>\n<li data-start=\"274\" data-end=\"751\">Itin lengva, sveria tik 1,8 kg<\/li>\n<li data-start=\"274\" data-end=\"751\">Anatominiai pamink\u0161tinti pe\u010di\u0173 dir\u017eai, juosmens dir\u017eas ir kr\u016btin\u0117s dir\u017eelis padeda tolygiai paskirstyti svor\u012f<\/li>\n<li data-start=\"274\" data-end=\"751\">Platus ir tvirtas juosmens dir\u017eas padeda perkelti kuprin\u0117s svor\u012f nuo nugaros ant klub\u0173<\/li>\n<li>Pagrindin\u012f skyri\u0173 galima pasiekti tiek i\u0161 vir\u0161aus, tiek i\u0161 apa\u010dios<\/li>\n<li data-start=\"372\" data-end=\"863\">Pagrindinis skyrius padalintas \u012f dvi dalis, kad daiktai b\u016bt\u0173 geriau organizuoti<\/li>\n<li data-start=\"372\" data-end=\"863\">Vir\u0161utinis skyrius su reguliuojamais dir\u017eeliais ir prakti\u0161kos papildomos ki\u0161en\u0117s smulkiems daiktams<\/li>\n<li>Komplekte yra u\u017edangalas nuo lietaus, esantis kuprin\u0117s ki\u0161en\u0117je<\/li>\n<li>Itin lengva aliuminio plok\u0161t\u0117 nugaros viduje padeda prilaikyti nugarin\u0119 dal\u012f<\/li>\n<li>Laikikliai \u017eygio lazdoms ir kaln\u0173 \u012frangai<\/li>\n<li data-start=\"372\" data-end=\"863\">Reguliuojamas auk\u0161tis u\u017etikrina ideal\u0173 prigludim\u0105 prie nugaros<\/li>\n<li>Angos g\u0117rimo vamzdeliui (camelpak)<\/li>\n<\/ul>\n<p data-start=\"865\" data-end=\"994\" data-is-last-node=\"\" data-is-only-node=\"\"><strong data-start=\"865\" data-end=\"876\">Matmenys:<\/strong> 72 x 35 x 26 cm<br data-start=\"892\" data-end=\"895\"><strong data-start=\"895\" data-end=\"904\">T\u016bris:<\/strong> 55 l<br data-start=\"908\" data-end=\"911\"><strong data-start=\"911\" data-end=\"924\">Med\u017eiaga:<\/strong> poliesteris 420D ripstop, 600D Oxford, su PU danga<br data-start=\"972\" data-end=\"975\" data-is-only-node=\"\"><strong data-start=\"975\" data-end=\"984\">Svoris:<\/strong> apie 1,8 kg<\/p>\n<p data-start=\"753\" data-end=\"884\"><img decoding=\"async\" class=\"alignnone size-full wp-image-37368\" src=\"https:\/\/toidupakk.ee\/wp-content\/uploads\/2025\/07\/Norfin-logo-225x100-1.png\" alt=\"\" width=\"225\" height=\"100\"><\/p>\n<p data-start=\"753\" data-end=\"884\">Norfin yra \u0160iaur\u0117s Europos oro s\u0105lygoms sukurtas lauko \u012frangos prek\u0117s \u017eenklas, jungiantis patvarum\u0105, prakti\u0161kum\u0105 ir komfort\u0105.<br \/>\nIdealus pasirinkimas \u017eygiams, \u017evejybai ir aktyviam jud\u0117jimui gamtoje bet kuriuo met\u0173 laiku.<\/p>\n<p data-start=\"886\" data-end=\"966\" data-is-last-node=\"\" data-is-only-node=\"\">\u2705 Turime sand\u0117lyje, greitas pristatymas per 1\u20133 darbo dienas<br data-start=\"925\" data-end=\"928\">\u2705 Pirk dabar, mok\u0117k v\u0117liau (pal\u016bkanos 0 %)<\/p>\n","protected":false},"featured_media":37330,"comment_status":"open","ping_status":"closed","template":"","meta":{"_acf_changed":false},"product_brand":[],"product_cat":[202,201,200,189,190],"product_tag":[],"class_list":{"0":"post-45360","1":"product","2":"type-product","3":"status-publish","4":"has-post-thumbnail","6":"product_cat-krepsiai","7":"product_cat-kuprines","8":"product_cat-praktiskos-dovanu-idejos","9":"product_cat-zygio-iranga","10":"product_cat-zygio-prekes","12":"first","13":"instock","14":"taxable","15":"shipping-taxable","16":"purchasable","17":"product-type-simple"},"bundled_by":[],"bundle_stock_status":"instock","bundle_stock_quantity":1,"bundle_virtual":false,"bundle_layout":"","bundle_add_to_cart_form_location":"","bundle_editable_in_cart":false,"bundle_sold_individually_context":"","bundle_item_grouping":"","bundle_min_size":"","bundle_max_size":"","bundle_price":[],"bundled_items":[],"bundle_sell_ids":[],"acf":[],"yoast_head":"<!-- This site is optimized with the Yoast SEO plugin v27.3 - https:\/\/yoast.com\/product\/yoast-seo-wordpress\/ -->\n<title>Kuprin\u0117 Norfin ADVENTURE 55<\/title>\n<meta name=\"description\" content=\"Kuprin\u0117 Norfin ADVENTURE 55 yra talpi ir patvari \u017eygi\u0173 kuprin\u0117, tinkanti ilgesn\u0117ms i\u0161vykoms \u012f gamt\u0105 ir u\u017etikrinanti komfort\u0105 net ne\u0161ant sunki\u0105 \u012frang\u0105.\" \/>\n<meta name=\"robots\" content=\"index, follow, max-snippet:-1, max-image-preview:large, max-video-preview:-1\" \/>\n<link rel=\"canonical\" href=\"https:\/\/toidupakk.ee\/lt\/toode\/kuprine-norfin-adventure-55\/\" \/>\n<meta property=\"og:locale\" content=\"lt_LT\" \/>\n<meta property=\"og:type\" content=\"article\" \/>\n<meta property=\"og:title\" content=\"Kuprin\u0117 Norfin ADVENTURE 55\" \/>\n<meta property=\"og:description\" content=\"Kuprin\u0117 Norfin ADVENTURE 55 yra talpi ir patvari \u017eygi\u0173 kuprin\u0117, tinkanti ilgesn\u0117ms i\u0161vykoms \u012f gamt\u0105 ir u\u017etikrinanti komfort\u0105 net ne\u0161ant sunki\u0105 \u012frang\u0105.\" \/>\n<meta property=\"og:url\" content=\"https:\/\/toidupakk.ee\/lt\/toode\/kuprine-norfin-adventure-55\/\" \/>\n<meta property=\"og:site_name\" content=\"Toidupakk.ee - Tactical Foodpack toidupakid\" \/>\n<meta property=\"article:publisher\" content=\"https:\/\/www.facebook.com\/Toidupakk\" \/>\n<meta property=\"article:modified_time\" content=\"2026-04-29T16:31:34+00:00\" \/>\n<meta property=\"og:image\" content=\"https:\/\/toidupakk.ee\/wp-content\/uploads\/2025\/07\/3-1.png\" \/>\n\t<meta property=\"og:image:width\" content=\"800\" \/>\n\t<meta property=\"og:image:height\" content=\"800\" \/>\n\t<meta property=\"og:image:type\" content=\"image\/png\" \/>\n<meta name=\"twitter:card\" content=\"summary_large_image\" \/>\n<meta name=\"twitter:label1\" content=\"Est. reading time\" \/>\n\t<meta name=\"twitter:data1\" content=\"2 minut\u0117s\" \/>\n<script type=\"application\/ld+json\" class=\"yoast-schema-graph\">{\"@context\":\"https:\\\/\\\/schema.org\",\"@graph\":[{\"@type\":\"WebPage\",\"@id\":\"https:\\\/\\\/toidupakk.ee\\\/lt\\\/toode\\\/kuprine-norfin-adventure-55\\\/\",\"url\":\"https:\\\/\\\/toidupakk.ee\\\/lt\\\/toode\\\/kuprine-norfin-adventure-55\\\/\",\"name\":\"Kuprin\u0117 Norfin ADVENTURE 55\",\"isPartOf\":{\"@id\":\"https:\\\/\\\/toidupakk.ee\\\/lt\\\/#website\"},\"primaryImageOfPage\":{\"@id\":\"https:\\\/\\\/toidupakk.ee\\\/lt\\\/toode\\\/kuprine-norfin-adventure-55\\\/#primaryimage\"},\"image\":{\"@id\":\"https:\\\/\\\/toidupakk.ee\\\/lt\\\/toode\\\/kuprine-norfin-adventure-55\\\/#primaryimage\"},\"thumbnailUrl\":\"https:\\\/\\\/toidupakk.ee\\\/wp-content\\\/uploads\\\/2025\\\/07\\\/3-1.png\",\"datePublished\":\"2025-07-16T06:47:04+00:00\",\"dateModified\":\"2026-04-29T16:31:34+00:00\",\"description\":\"Kuprin\u0117 Norfin ADVENTURE 55 yra talpi ir patvari \u017eygi\u0173 kuprin\u0117, tinkanti ilgesn\u0117ms i\u0161vykoms \u012f gamt\u0105 ir u\u017etikrinanti komfort\u0105 net ne\u0161ant sunki\u0105 \u012frang\u0105.\",\"breadcrumb\":{\"@id\":\"https:\\\/\\\/toidupakk.ee\\\/lt\\\/toode\\\/kuprine-norfin-adventure-55\\\/#breadcrumb\"},\"inLanguage\":\"lt-LT\",\"potentialAction\":[{\"@type\":\"ReadAction\",\"target\":[\"https:\\\/\\\/toidupakk.ee\\\/lt\\\/toode\\\/kuprine-norfin-adventure-55\\\/\"]}]},{\"@type\":\"ImageObject\",\"inLanguage\":\"lt-LT\",\"@id\":\"https:\\\/\\\/toidupakk.ee\\\/lt\\\/toode\\\/kuprine-norfin-adventure-55\\\/#primaryimage\",\"url\":\"https:\\\/\\\/toidupakk.ee\\\/wp-content\\\/uploads\\\/2025\\\/07\\\/3-1.png\",\"contentUrl\":\"https:\\\/\\\/toidupakk.ee\\\/wp-content\\\/uploads\\\/2025\\\/07\\\/3-1.png\",\"width\":800,\"height\":800},{\"@type\":\"BreadcrumbList\",\"@id\":\"https:\\\/\\\/toidupakk.ee\\\/lt\\\/toode\\\/kuprine-norfin-adventure-55\\\/#breadcrumb\",\"itemListElement\":[{\"@type\":\"ListItem\",\"position\":1,\"name\":\"Avaleht\",\"item\":\"https:\\\/\\\/toidupakk.ee\\\/lt\\\/\"},{\"@type\":\"ListItem\",\"position\":2,\"name\":\"El. parduotuv\u0117\",\"item\":\"https:\\\/\\\/toidupakk.ee\\\/lt\\\/el-parduotuve\\\/\"},{\"@type\":\"ListItem\",\"position\":3,\"name\":\"Kuprin\u0117 Norfin ADVENTURE 55\"}]},{\"@type\":\"WebSite\",\"@id\":\"https:\\\/\\\/toidupakk.ee\\\/lt\\\/#website\",\"url\":\"https:\\\/\\\/toidupakk.ee\\\/lt\\\/\",\"name\":\"Toidupakk.ee - Tactical Foodpack toidupakid\",\"description\":\"Tactical Foodpack k\u00fclmkuivatatud toidupakid ja matkaeined\",\"publisher\":{\"@id\":\"https:\\\/\\\/toidupakk.ee\\\/lt\\\/#organization\"},\"potentialAction\":[{\"@type\":\"SearchAction\",\"target\":{\"@type\":\"EntryPoint\",\"urlTemplate\":\"https:\\\/\\\/toidupakk.ee\\\/lt\\\/?s={search_term_string}\"},\"query-input\":{\"@type\":\"PropertyValueSpecification\",\"valueRequired\":true,\"valueName\":\"search_term_string\"}}],\"inLanguage\":\"lt-LT\"},{\"@type\":\"Organization\",\"@id\":\"https:\\\/\\\/toidupakk.ee\\\/lt\\\/#organization\",\"name\":\"Tactical Foodpack matkaeined\",\"url\":\"https:\\\/\\\/toidupakk.ee\\\/lt\\\/\",\"logo\":{\"@type\":\"ImageObject\",\"inLanguage\":\"lt-LT\",\"@id\":\"https:\\\/\\\/toidupakk.ee\\\/lt\\\/#\\\/schema\\\/logo\\\/image\\\/\",\"url\":\"https:\\\/\\\/toidupakk.ee\\\/wp-content\\\/uploads\\\/2022\\\/01\\\/Toidupakk-matkapood-logo-transparent.png\",\"contentUrl\":\"https:\\\/\\\/toidupakk.ee\\\/wp-content\\\/uploads\\\/2022\\\/01\\\/Toidupakk-matkapood-logo-transparent.png\",\"width\":500,\"height\":500,\"caption\":\"Tactical Foodpack matkaeined\"},\"image\":{\"@id\":\"https:\\\/\\\/toidupakk.ee\\\/lt\\\/#\\\/schema\\\/logo\\\/image\\\/\"},\"sameAs\":[\"https:\\\/\\\/www.facebook.com\\\/Toidupakk\",\"https:\\\/\\\/www.instagram.com\\\/toidupakk\\\/\"]}]}<\/script>\n<!-- \/ Yoast SEO plugin. -->","yoast_head_json":{"title":"Kuprin\u0117 Norfin ADVENTURE 55","description":"Kuprin\u0117 Norfin ADVENTURE 55 yra talpi ir patvari \u017eygi\u0173 kuprin\u0117, tinkanti ilgesn\u0117ms i\u0161vykoms \u012f gamt\u0105 ir u\u017etikrinanti komfort\u0105 net ne\u0161ant sunki\u0105 \u012frang\u0105.","robots":{"index":"index","follow":"follow","max-snippet":"max-snippet:-1","max-image-preview":"max-image-preview:large","max-video-preview":"max-video-preview:-1"},"canonical":"https:\/\/toidupakk.ee\/lt\/toode\/kuprine-norfin-adventure-55\/","og_locale":"lt_LT","og_type":"article","og_title":"Kuprin\u0117 Norfin ADVENTURE 55","og_description":"Kuprin\u0117 Norfin ADVENTURE 55 yra talpi ir patvari \u017eygi\u0173 kuprin\u0117, tinkanti ilgesn\u0117ms i\u0161vykoms \u012f gamt\u0105 ir u\u017etikrinanti komfort\u0105 net ne\u0161ant sunki\u0105 \u012frang\u0105.","og_url":"https:\/\/toidupakk.ee\/lt\/toode\/kuprine-norfin-adventure-55\/","og_site_name":"Toidupakk.ee - Tactical Foodpack toidupakid","article_publisher":"https:\/\/www.facebook.com\/Toidupakk","article_modified_time":"2026-04-29T16:31:34+00:00","og_image":[{"width":800,"height":800,"url":"https:\/\/toidupakk.ee\/wp-content\/uploads\/2025\/07\/3-1.png","type":"image\/png"}],"twitter_card":"summary_large_image","twitter_misc":{"Est. reading time":"2 minut\u0117s"},"schema":{"@context":"https:\/\/schema.org","@graph":[{"@type":"WebPage","@id":"https:\/\/toidupakk.ee\/lt\/toode\/kuprine-norfin-adventure-55\/","url":"https:\/\/toidupakk.ee\/lt\/toode\/kuprine-norfin-adventure-55\/","name":"Kuprin\u0117 Norfin ADVENTURE 55","isPartOf":{"@id":"https:\/\/toidupakk.ee\/lt\/#website"},"primaryImageOfPage":{"@id":"https:\/\/toidupakk.ee\/lt\/toode\/kuprine-norfin-adventure-55\/#primaryimage"},"image":{"@id":"https:\/\/toidupakk.ee\/lt\/toode\/kuprine-norfin-adventure-55\/#primaryimage"},"thumbnailUrl":"https:\/\/toidupakk.ee\/wp-content\/uploads\/2025\/07\/3-1.png","datePublished":"2025-07-16T06:47:04+00:00","dateModified":"2026-04-29T16:31:34+00:00","description":"Kuprin\u0117 Norfin ADVENTURE 55 yra talpi ir patvari \u017eygi\u0173 kuprin\u0117, tinkanti ilgesn\u0117ms i\u0161vykoms \u012f gamt\u0105 ir u\u017etikrinanti komfort\u0105 net ne\u0161ant sunki\u0105 \u012frang\u0105.","breadcrumb":{"@id":"https:\/\/toidupakk.ee\/lt\/toode\/kuprine-norfin-adventure-55\/#breadcrumb"},"inLanguage":"lt-LT","potentialAction":[{"@type":"ReadAction","target":["https:\/\/toidupakk.ee\/lt\/toode\/kuprine-norfin-adventure-55\/"]}]},{"@type":"ImageObject","inLanguage":"lt-LT","@id":"https:\/\/toidupakk.ee\/lt\/toode\/kuprine-norfin-adventure-55\/#primaryimage","url":"https:\/\/toidupakk.ee\/wp-content\/uploads\/2025\/07\/3-1.png","contentUrl":"https:\/\/toidupakk.ee\/wp-content\/uploads\/2025\/07\/3-1.png","width":800,"height":800},{"@type":"BreadcrumbList","@id":"https:\/\/toidupakk.ee\/lt\/toode\/kuprine-norfin-adventure-55\/#breadcrumb","itemListElement":[{"@type":"ListItem","position":1,"name":"Avaleht","item":"https:\/\/toidupakk.ee\/lt\/"},{"@type":"ListItem","position":2,"name":"El. parduotuv\u0117","item":"https:\/\/toidupakk.ee\/lt\/el-parduotuve\/"},{"@type":"ListItem","position":3,"name":"Kuprin\u0117 Norfin ADVENTURE 55"}]},{"@type":"WebSite","@id":"https:\/\/toidupakk.ee\/lt\/#website","url":"https:\/\/toidupakk.ee\/lt\/","name":"Toidupakk.ee - Tactical Foodpack toidupakid","description":"Tactical Foodpack k\u00fclmkuivatatud toidupakid ja matkaeined","publisher":{"@id":"https:\/\/toidupakk.ee\/lt\/#organization"},"potentialAction":[{"@type":"SearchAction","target":{"@type":"EntryPoint","urlTemplate":"https:\/\/toidupakk.ee\/lt\/?s={search_term_string}"},"query-input":{"@type":"PropertyValueSpecification","valueRequired":true,"valueName":"search_term_string"}}],"inLanguage":"lt-LT"},{"@type":"Organization","@id":"https:\/\/toidupakk.ee\/lt\/#organization","name":"Tactical Foodpack matkaeined","url":"https:\/\/toidupakk.ee\/lt\/","logo":{"@type":"ImageObject","inLanguage":"lt-LT","@id":"https:\/\/toidupakk.ee\/lt\/#\/schema\/logo\/image\/","url":"https:\/\/toidupakk.ee\/wp-content\/uploads\/2022\/01\/Toidupakk-matkapood-logo-transparent.png","contentUrl":"https:\/\/toidupakk.ee\/wp-content\/uploads\/2022\/01\/Toidupakk-matkapood-logo-transparent.png","width":500,"height":500,"caption":"Tactical Foodpack matkaeined"},"image":{"@id":"https:\/\/toidupakk.ee\/lt\/#\/schema\/logo\/image\/"},"sameAs":["https:\/\/www.facebook.com\/Toidupakk","https:\/\/www.instagram.com\/toidupakk\/"]}]}},"jetpack_sharing_enabled":true,"_links":{"self":[{"href":"https:\/\/toidupakk.ee\/lt\/wp-json\/wp\/v2\/product\/45360","targetHints":{"allow":["GET"]}}],"collection":[{"href":"https:\/\/toidupakk.ee\/lt\/wp-json\/wp\/v2\/product"}],"about":[{"href":"https:\/\/toidupakk.ee\/lt\/wp-json\/wp\/v2\/types\/product"}],"replies":[{"embeddable":true,"href":"https:\/\/toidupakk.ee\/lt\/wp-json\/wp\/v2\/comments?post=45360"}],"wp:featuredmedia":[{"embeddable":true,"href":"https:\/\/toidupakk.ee\/lt\/wp-json\/wp\/v2\/media\/37330"}],"wp:attachment":[{"href":"https:\/\/toidupakk.ee\/lt\/wp-json\/wp\/v2\/media?parent=45360"}],"wp:term":[{"taxonomy":"product_brand","embeddable":true,"href":"https:\/\/toidupakk.ee\/lt\/wp-json\/wp\/v2\/product_brand?post=45360"},{"taxonomy":"product_cat","embeddable":true,"href":"https:\/\/toidupakk.ee\/lt\/wp-json\/wp\/v2\/product_cat?post=45360"},{"taxonomy":"product_tag","embeddable":true,"href":"https:\/\/toidupakk.ee\/lt\/wp-json\/wp\/v2\/product_tag?post=45360"}],"curies":[{"name":"wp","href":"https:\/\/api.w.org\/{rel}","templated":true}]}}