{"id":45346,"date":"2025-09-05T12:00:42","date_gmt":"2025-09-05T09:00:42","guid":{"rendered":"https:\/\/toidupakk.ee\/toode\/merino-vilnos-kojines-oeko-tex\/"},"modified":"2026-04-29T15:31:50","modified_gmt":"2026-04-29T12:31:50","slug":"merino-vilnos-kojines-oeko-tex","status":"publish","type":"product","link":"https:\/\/toidupakk.ee\/lt\/toode\/merino-vilnos-kojines-oeko-tex\/","title":{"rendered":"Merino vilnos kojin\u0117s OEKO-TEX\u00ae"},"content":{"rendered":"<h1 data-start=\"145\" data-end=\"224\"><img fetchpriority=\"high\" decoding=\"async\" class=\"alignright wp-image-38759 size-thumbnail\" src=\"https:\/\/toidupakk.ee\/wp-content\/uploads\/2025\/09\/Meriinovillased-sokid-OEKO-TEX%C2%AE1-500x500.png\" alt=\"merino vilnos kojin\u0117s\" width=\"500\" height=\"500\">Merino vilnos kojin\u0117s \u2013 \u0161iltos, kv\u0117puojan\u010dios ir patvarios kiekvienam nuotykiui<\/h1>\n<p data-start=\"226\" data-end=\"646\">Merino vilnos kojin\u0117s yra geriausias pasirinkimas visiems, vertinantiems komfort\u0105, patvarum\u0105 ir nat\u016bralios med\u017eiagos privalumus. Nesvarbu, ar tavo kelias veda \u012f \u017eyg\u012f, b\u0117gimo tak\u0105, ar tiesiog \u012f \u0161alt\u0105 \u017eiemos or\u0105, merino vilnos kojin\u0117s i\u0161laikys tavo kojas \u0161iltas, sausas ir gaivias. Skirtingai nei \u012fprasta vilna, merino vilna yra i\u0161skirtinai mink\u0161ta ir maloni odai, ji negrau\u017eia ir nedirgina, tod\u0117l tinka net jautriausioms p\u0117doms.  <\/p>\n<p data-start=\"648\" data-end=\"1100\">Did\u017eiausias privalumas \u2013 i\u0161skirtinis merino vilnos geb\u0117jimas reguliuoti temperat\u016br\u0105. Tos pa\u010dios kojin\u0117s maloniai \u0161ildo \u0161altu oru, ta\u010diau leid\u017eia odai kv\u0117puoti temperat\u016brai pakilus. D\u0117l dr\u0117gm\u0119 sugerian\u010di\u0173 ir garinan\u010di\u0173 savybi\u0173 neatsiranda nemalonus dr\u0117gm\u0117s poj\u016btis, o kojos i\u0161lieka sausos net intensyviai judant. Tod\u0117l merino vilnos kojin\u0117s idealiai tinka \u017eygiams ir sportui, kur patogumas ir patvarumas vaidina svarb\u0173 vaidmen\u012f.   <\/p>\n<p data-start=\"1102\" data-end=\"1417\">Be praktini\u0173 savybi\u0173, merino vilna yra nat\u016braliai antibakterin\u0117, o tai rei\u0161kia, kad kojin\u0117s greitai ne\u012fgauna nemalonaus kvapo. \u0160i savyb\u0117 ypa\u010d vertinga ilgesniuose \u017eygiuose ar kelion\u0117se, kai kojini\u0173 ne\u012fmanoma keisti kasdien. D\u0117l to kojos i\u0161lieka gaivios ir \u0161varios net naudojant kelias dienas i\u0161 eil\u0117s.  <\/p>\n<p data-start=\"1419\" data-end=\"1737\">Kojin\u0117s sutvirtintos kulno ir p\u0117dos skliauto srityse, kad b\u016bt\u0173 u\u017etikrintas geresnis patvarumas ir atrama. Platus patogus rankogalis tvirtai laiko kojin\u0119 vietoje, nespausdamas ir nepalikdamas \u017eymi\u0173. Lygios plok\u0161\u010dios si\u016bl\u0117s apsaugo nuo trinties ir p\u016bsli\u0173 atsiradimo, tod\u0117l \u0161ios kojin\u0117s yra patikimas palydovas kiekviename \u017eingsnyje.  <\/p>\n<p>&nbsp;<\/p>\n<p data-start=\"1739\" data-end=\"2023\">Jei ie\u0161kai kojini\u0173, kurios sujungia \u0161ilum\u0105, kv\u0117pavim\u0105, mink\u0161tum\u0105 ir patvarum\u0105, merino vilnos kojin\u0117s yra b\u016btent tai, ko tau reikia. Jos sukurtos tarnauti ilgai ir suteikti maksimal\u0173 komfort\u0105 bet kokioje situacijoje \u2013 nesvarbu, ar tai b\u016bt\u0173 \u017eygis kalnuose, \u017eiemos pasivaik\u0161\u010diojimas, ar kasdienis d\u0117v\u0117jimas \u0161altuoju metu. <\/p>\n<p>Domiesi \u017eygio reikmenimis? Su\u017einok daugiau  <a href=\"https:\/\/toidupakk.ee\/lt\/tootekategooria\/zygio-iranga\/#section-3-79\">\u010cIA<\/a><\/p>\n<p>O gal domiesi \u017eygio maistu? \u017di\u016br\u0117k <a href=\"https:\/\/toidupakk.ee\/tootekategooria\/matkatoidud\/pearoad\/\">\u010cIA<\/a><\/p>\n<p>Pasisemk \u012fkv\u0117pimo kitiems nuotykiams Toidupakk <a href=\"https:\/\/www.instagram.com\/toidupakk\/\">Instagram<\/a> ir <a href=\"https:\/\/www.facebook.com\/Toidupakk\/\">Facebook<\/a> paskyrose.<\/p>\n","protected":false},"excerpt":{"rendered":"<p><strong>Merino vilnos kojin\u0117s skirtos naudoti v\u0117sesniu oru ir lauko s\u0105lygomis.<\/strong><\/p>\n<ul>\n<li>\u0160iluma ir kv\u0117pavimas \u2013 merino vilna palaiko kojas \u0161iltas net \u0161altame klimate, ta\u010diau tuo pat metu gerai kv\u0117puoja, neleisdama perkaisti.<\/li>\n<li>Dr\u0117gm\u0117s reguliavimas \u2013 merino vilna sugeria dr\u0117gm\u0119 ir l\u0117tai j\u0105 garina, tod\u0117l kojos i\u0161lieka sausesn\u0117s net didelio kr\u016bvio metu.<\/li>\n<li>Atsparumas kvapams \u2013 merino vilna yra nat\u016braliai antibakterin\u0117 ir nesugeria nemaloni\u0173 kvap\u0173, tod\u0117l kojin\u0117s idealiai tinka ilgiems \u017eygiams.<\/li>\n<li>Mink\u0161tumas ir komfortas \u2013 lyginant su \u012fprasta vilna, merino vilna yra plonapluo\u0161t\u0117 ir maloni odai, nesukelia nie\u017eulio.<\/li>\n<li>Temperat\u016bros reguliavimas \u2013 prisitaiko prie k\u016bno poreiki\u0173, suteikdama \u0161ilum\u0105 \u0161altyje ir v\u0117s\u0105 \u0161ilumoje.<\/li>\n<li>Patvarumas \u2013 d\u0117l merino vilnos ir sintetini\u0173 pluo\u0161t\u0173 mi\u0161inio kojin\u0117s ilgiau i\u0161laiko form\u0105 ir puikiai atlaiko intensyv\u0173 naudojim\u0105.<\/li>\n<li>Mink\u0161ta ir kojoms draugi\u0161ka vir\u0161utin\u0117 dalis padeda kojinei maloniai laikytis vietoje ir nesukelia perteklinio spaudimo<\/li>\n<li>Ergonomi\u0161kas dizainas padeda i\u0161vengti trinties ir u\u017etikrina mink\u0161tumo poj\u016bt\u012f<\/li>\n<li>Papildomi sutvirtinimai kulno ir p\u0117dos skliauto srityse<\/li>\n<li>Naudojamos med\u017eiagos: 40 % merino vilna, 40 % akrilas, 14 % poliesteris, 3 % nailonas, 3 % elastanas<\/li>\n<li>Gamintojas: 101INC<\/li>\n<\/ul>\n<p><img decoding=\"async\" class=\"alignnone wp-image-38758\" src=\"https:\/\/toidupakk.ee\/wp-content\/uploads\/2025\/09\/Logo-oeko-tex.jpg\" alt=\"\" width=\"224\" height=\"100\" srcset=\"https:\/\/toidupakk.ee\/wp-content\/uploads\/2025\/09\/Logo-oeko-tex.jpg 842w, https:\/\/toidupakk.ee\/wp-content\/uploads\/2025\/09\/Logo-oeko-tex-300x134.jpg 300w, https:\/\/toidupakk.ee\/wp-content\/uploads\/2025\/09\/Logo-oeko-tex-768x343.jpg 768w, https:\/\/toidupakk.ee\/wp-content\/uploads\/2025\/09\/Logo-oeko-tex-800x357.jpg 800w\" sizes=\"(max-width: 224px) 100vw, 224px\" \/><\/p>\n<p><img decoding=\"async\" class=\"emoji\" role=\"img\" draggable=\"false\" src=\"https:\/\/s.w.org\/images\/core\/emoji\/17.0.2\/svg\/2705.svg\" alt=\"\u2705\">  Turime sand\u0117lyje, pristatymas per 1\u20133 darbo dienas<\/p>\n","protected":false},"featured_media":38759,"comment_status":"open","ping_status":"closed","template":"","meta":{"_acf_changed":false},"product_brand":[],"product_cat":[191,200,199,189,198,190],"product_tag":[],"class_list":{"0":"post-45346","1":"product","2":"type-product","3":"status-publish","4":"has-post-thumbnail","6":"product_cat-drabuziai","7":"product_cat-praktiskos-dovanu-idejos","8":"product_cat-ziemos-prekes","9":"product_cat-zygio-iranga","10":"product_cat-zygio-kojines","11":"product_cat-zygio-prekes","13":"first","14":"instock","15":"sale","16":"taxable","17":"shipping-taxable","18":"purchasable","19":"product-type-variable","20":"has-default-attributes"},"bundled_by":[],"bundle_stock_status":"instock","bundle_stock_quantity":null,"bundle_virtual":false,"bundle_layout":"","bundle_add_to_cart_form_location":"","bundle_editable_in_cart":false,"bundle_sold_individually_context":"","bundle_item_grouping":"","bundle_min_size":"","bundle_max_size":"","bundle_price":[],"bundled_items":[],"bundle_sell_ids":[],"acf":[],"yoast_head":"<!-- This site is optimized with the Yoast SEO plugin v27.3 - https:\/\/yoast.com\/product\/yoast-seo-wordpress\/ -->\n<title>Merino vilnos kojin\u0117s OEKO-TEX\u00ae<\/title>\n<meta name=\"description\" content=\"Merino vilnos kojin\u0117s palaiko kojas \u0161iltas ir sausas. Idealus pasirinkimas \u017eygiams, sportui ir \u0161altoms \u017eiemos dienoms. Patogios ir patvarios.\" \/>\n<meta name=\"robots\" content=\"index, follow, max-snippet:-1, max-image-preview:large, max-video-preview:-1\" \/>\n<link rel=\"canonical\" href=\"https:\/\/toidupakk.ee\/lt\/toode\/merino-vilnos-kojines-oeko-tex\/\" \/>\n<meta property=\"og:locale\" content=\"lt_LT\" \/>\n<meta property=\"og:type\" content=\"article\" \/>\n<meta property=\"og:title\" content=\"Merino vilnos kojin\u0117s OEKO-TEX\u00ae\" \/>\n<meta property=\"og:description\" content=\"Merino vilnos kojin\u0117s palaiko kojas \u0161iltas ir sausas. Idealus pasirinkimas \u017eygiams, sportui ir \u0161altoms \u017eiemos dienoms. Patogios ir patvarios.\" \/>\n<meta property=\"og:url\" content=\"https:\/\/toidupakk.ee\/lt\/toode\/merino-vilnos-kojines-oeko-tex\/\" \/>\n<meta property=\"og:site_name\" content=\"Toidupakk.ee - Tactical Foodpack toidupakid\" \/>\n<meta property=\"article:publisher\" content=\"https:\/\/www.facebook.com\/Toidupakk\" \/>\n<meta property=\"article:modified_time\" content=\"2026-04-29T12:31:50+00:00\" \/>\n<meta property=\"og:image\" content=\"https:\/\/toidupakk.ee\/wp-content\/uploads\/2025\/09\/Meriinovillased-sokid-OEKO-TEX\u00ae1.png\" \/>\n\t<meta property=\"og:image:width\" content=\"800\" \/>\n\t<meta property=\"og:image:height\" content=\"800\" \/>\n\t<meta property=\"og:image:type\" content=\"image\/png\" \/>\n<meta name=\"twitter:card\" content=\"summary_large_image\" \/>\n<meta name=\"twitter:label1\" content=\"Est. reading time\" \/>\n\t<meta name=\"twitter:data1\" content=\"2 minut\u0117s\" \/>\n<script type=\"application\/ld+json\" class=\"yoast-schema-graph\">{\"@context\":\"https:\\\/\\\/schema.org\",\"@graph\":[{\"@type\":\"WebPage\",\"@id\":\"https:\\\/\\\/toidupakk.ee\\\/lt\\\/toode\\\/merino-vilnos-kojines-oeko-tex\\\/\",\"url\":\"https:\\\/\\\/toidupakk.ee\\\/lt\\\/toode\\\/merino-vilnos-kojines-oeko-tex\\\/\",\"name\":\"Merino vilnos kojin\u0117s OEKO-TEX\u00ae\",\"isPartOf\":{\"@id\":\"https:\\\/\\\/toidupakk.ee\\\/lt\\\/#website\"},\"primaryImageOfPage\":{\"@id\":\"https:\\\/\\\/toidupakk.ee\\\/lt\\\/toode\\\/merino-vilnos-kojines-oeko-tex\\\/#primaryimage\"},\"image\":{\"@id\":\"https:\\\/\\\/toidupakk.ee\\\/lt\\\/toode\\\/merino-vilnos-kojines-oeko-tex\\\/#primaryimage\"},\"thumbnailUrl\":\"https:\\\/\\\/toidupakk.ee\\\/wp-content\\\/uploads\\\/2025\\\/09\\\/Meriinovillased-sokid-OEKO-TEX\u00ae1.png\",\"datePublished\":\"2025-09-05T09:00:42+00:00\",\"dateModified\":\"2026-04-29T12:31:50+00:00\",\"description\":\"Merino vilnos kojin\u0117s palaiko kojas \u0161iltas ir sausas. Idealus pasirinkimas \u017eygiams, sportui ir \u0161altoms \u017eiemos dienoms. Patogios ir patvarios.\",\"breadcrumb\":{\"@id\":\"https:\\\/\\\/toidupakk.ee\\\/lt\\\/toode\\\/merino-vilnos-kojines-oeko-tex\\\/#breadcrumb\"},\"inLanguage\":\"lt-LT\",\"potentialAction\":[{\"@type\":\"ReadAction\",\"target\":[\"https:\\\/\\\/toidupakk.ee\\\/lt\\\/toode\\\/merino-vilnos-kojines-oeko-tex\\\/\"]}]},{\"@type\":\"ImageObject\",\"inLanguage\":\"lt-LT\",\"@id\":\"https:\\\/\\\/toidupakk.ee\\\/lt\\\/toode\\\/merino-vilnos-kojines-oeko-tex\\\/#primaryimage\",\"url\":\"https:\\\/\\\/toidupakk.ee\\\/wp-content\\\/uploads\\\/2025\\\/09\\\/Meriinovillased-sokid-OEKO-TEX\u00ae1.png\",\"contentUrl\":\"https:\\\/\\\/toidupakk.ee\\\/wp-content\\\/uploads\\\/2025\\\/09\\\/Meriinovillased-sokid-OEKO-TEX\u00ae1.png\",\"width\":800,\"height\":800},{\"@type\":\"BreadcrumbList\",\"@id\":\"https:\\\/\\\/toidupakk.ee\\\/lt\\\/toode\\\/merino-vilnos-kojines-oeko-tex\\\/#breadcrumb\",\"itemListElement\":[{\"@type\":\"ListItem\",\"position\":1,\"name\":\"Avaleht\",\"item\":\"https:\\\/\\\/toidupakk.ee\\\/lt\\\/\"},{\"@type\":\"ListItem\",\"position\":2,\"name\":\"El. parduotuv\u0117\",\"item\":\"https:\\\/\\\/toidupakk.ee\\\/lt\\\/el-parduotuve\\\/\"},{\"@type\":\"ListItem\",\"position\":3,\"name\":\"Merino vilnos kojin\u0117s OEKO-TEX\u00ae\"}]},{\"@type\":\"WebSite\",\"@id\":\"https:\\\/\\\/toidupakk.ee\\\/lt\\\/#website\",\"url\":\"https:\\\/\\\/toidupakk.ee\\\/lt\\\/\",\"name\":\"Toidupakk.ee - Tactical Foodpack toidupakid\",\"description\":\"Tactical Foodpack k\u00fclmkuivatatud toidupakid ja matkaeined\",\"publisher\":{\"@id\":\"https:\\\/\\\/toidupakk.ee\\\/lt\\\/#organization\"},\"potentialAction\":[{\"@type\":\"SearchAction\",\"target\":{\"@type\":\"EntryPoint\",\"urlTemplate\":\"https:\\\/\\\/toidupakk.ee\\\/lt\\\/?s={search_term_string}\"},\"query-input\":{\"@type\":\"PropertyValueSpecification\",\"valueRequired\":true,\"valueName\":\"search_term_string\"}}],\"inLanguage\":\"lt-LT\"},{\"@type\":\"Organization\",\"@id\":\"https:\\\/\\\/toidupakk.ee\\\/lt\\\/#organization\",\"name\":\"Tactical Foodpack matkaeined\",\"url\":\"https:\\\/\\\/toidupakk.ee\\\/lt\\\/\",\"logo\":{\"@type\":\"ImageObject\",\"inLanguage\":\"lt-LT\",\"@id\":\"https:\\\/\\\/toidupakk.ee\\\/lt\\\/#\\\/schema\\\/logo\\\/image\\\/\",\"url\":\"https:\\\/\\\/toidupakk.ee\\\/wp-content\\\/uploads\\\/2022\\\/01\\\/Toidupakk-matkapood-logo-transparent.png\",\"contentUrl\":\"https:\\\/\\\/toidupakk.ee\\\/wp-content\\\/uploads\\\/2022\\\/01\\\/Toidupakk-matkapood-logo-transparent.png\",\"width\":500,\"height\":500,\"caption\":\"Tactical Foodpack matkaeined\"},\"image\":{\"@id\":\"https:\\\/\\\/toidupakk.ee\\\/lt\\\/#\\\/schema\\\/logo\\\/image\\\/\"},\"sameAs\":[\"https:\\\/\\\/www.facebook.com\\\/Toidupakk\",\"https:\\\/\\\/www.instagram.com\\\/toidupakk\\\/\"]}]}<\/script>\n<!-- \/ Yoast SEO plugin. -->","yoast_head_json":{"title":"Merino vilnos kojin\u0117s OEKO-TEX\u00ae","description":"Merino vilnos kojin\u0117s palaiko kojas \u0161iltas ir sausas. Idealus pasirinkimas \u017eygiams, sportui ir \u0161altoms \u017eiemos dienoms. Patogios ir patvarios.","robots":{"index":"index","follow":"follow","max-snippet":"max-snippet:-1","max-image-preview":"max-image-preview:large","max-video-preview":"max-video-preview:-1"},"canonical":"https:\/\/toidupakk.ee\/lt\/toode\/merino-vilnos-kojines-oeko-tex\/","og_locale":"lt_LT","og_type":"article","og_title":"Merino vilnos kojin\u0117s OEKO-TEX\u00ae","og_description":"Merino vilnos kojin\u0117s palaiko kojas \u0161iltas ir sausas. Idealus pasirinkimas \u017eygiams, sportui ir \u0161altoms \u017eiemos dienoms. Patogios ir patvarios.","og_url":"https:\/\/toidupakk.ee\/lt\/toode\/merino-vilnos-kojines-oeko-tex\/","og_site_name":"Toidupakk.ee - Tactical Foodpack toidupakid","article_publisher":"https:\/\/www.facebook.com\/Toidupakk","article_modified_time":"2026-04-29T12:31:50+00:00","og_image":[{"width":800,"height":800,"url":"https:\/\/toidupakk.ee\/wp-content\/uploads\/2025\/09\/Meriinovillased-sokid-OEKO-TEX\u00ae1.png","type":"image\/png"}],"twitter_card":"summary_large_image","twitter_misc":{"Est. reading time":"2 minut\u0117s"},"schema":{"@context":"https:\/\/schema.org","@graph":[{"@type":"WebPage","@id":"https:\/\/toidupakk.ee\/lt\/toode\/merino-vilnos-kojines-oeko-tex\/","url":"https:\/\/toidupakk.ee\/lt\/toode\/merino-vilnos-kojines-oeko-tex\/","name":"Merino vilnos kojin\u0117s OEKO-TEX\u00ae","isPartOf":{"@id":"https:\/\/toidupakk.ee\/lt\/#website"},"primaryImageOfPage":{"@id":"https:\/\/toidupakk.ee\/lt\/toode\/merino-vilnos-kojines-oeko-tex\/#primaryimage"},"image":{"@id":"https:\/\/toidupakk.ee\/lt\/toode\/merino-vilnos-kojines-oeko-tex\/#primaryimage"},"thumbnailUrl":"https:\/\/toidupakk.ee\/wp-content\/uploads\/2025\/09\/Meriinovillased-sokid-OEKO-TEX\u00ae1.png","datePublished":"2025-09-05T09:00:42+00:00","dateModified":"2026-04-29T12:31:50+00:00","description":"Merino vilnos kojin\u0117s palaiko kojas \u0161iltas ir sausas. Idealus pasirinkimas \u017eygiams, sportui ir \u0161altoms \u017eiemos dienoms. Patogios ir patvarios.","breadcrumb":{"@id":"https:\/\/toidupakk.ee\/lt\/toode\/merino-vilnos-kojines-oeko-tex\/#breadcrumb"},"inLanguage":"lt-LT","potentialAction":[{"@type":"ReadAction","target":["https:\/\/toidupakk.ee\/lt\/toode\/merino-vilnos-kojines-oeko-tex\/"]}]},{"@type":"ImageObject","inLanguage":"lt-LT","@id":"https:\/\/toidupakk.ee\/lt\/toode\/merino-vilnos-kojines-oeko-tex\/#primaryimage","url":"https:\/\/toidupakk.ee\/wp-content\/uploads\/2025\/09\/Meriinovillased-sokid-OEKO-TEX\u00ae1.png","contentUrl":"https:\/\/toidupakk.ee\/wp-content\/uploads\/2025\/09\/Meriinovillased-sokid-OEKO-TEX\u00ae1.png","width":800,"height":800},{"@type":"BreadcrumbList","@id":"https:\/\/toidupakk.ee\/lt\/toode\/merino-vilnos-kojines-oeko-tex\/#breadcrumb","itemListElement":[{"@type":"ListItem","position":1,"name":"Avaleht","item":"https:\/\/toidupakk.ee\/lt\/"},{"@type":"ListItem","position":2,"name":"El. parduotuv\u0117","item":"https:\/\/toidupakk.ee\/lt\/el-parduotuve\/"},{"@type":"ListItem","position":3,"name":"Merino vilnos kojin\u0117s OEKO-TEX\u00ae"}]},{"@type":"WebSite","@id":"https:\/\/toidupakk.ee\/lt\/#website","url":"https:\/\/toidupakk.ee\/lt\/","name":"Toidupakk.ee - Tactical Foodpack toidupakid","description":"Tactical Foodpack k\u00fclmkuivatatud toidupakid ja matkaeined","publisher":{"@id":"https:\/\/toidupakk.ee\/lt\/#organization"},"potentialAction":[{"@type":"SearchAction","target":{"@type":"EntryPoint","urlTemplate":"https:\/\/toidupakk.ee\/lt\/?s={search_term_string}"},"query-input":{"@type":"PropertyValueSpecification","valueRequired":true,"valueName":"search_term_string"}}],"inLanguage":"lt-LT"},{"@type":"Organization","@id":"https:\/\/toidupakk.ee\/lt\/#organization","name":"Tactical Foodpack matkaeined","url":"https:\/\/toidupakk.ee\/lt\/","logo":{"@type":"ImageObject","inLanguage":"lt-LT","@id":"https:\/\/toidupakk.ee\/lt\/#\/schema\/logo\/image\/","url":"https:\/\/toidupakk.ee\/wp-content\/uploads\/2022\/01\/Toidupakk-matkapood-logo-transparent.png","contentUrl":"https:\/\/toidupakk.ee\/wp-content\/uploads\/2022\/01\/Toidupakk-matkapood-logo-transparent.png","width":500,"height":500,"caption":"Tactical Foodpack matkaeined"},"image":{"@id":"https:\/\/toidupakk.ee\/lt\/#\/schema\/logo\/image\/"},"sameAs":["https:\/\/www.facebook.com\/Toidupakk","https:\/\/www.instagram.com\/toidupakk\/"]}]}},"jetpack_sharing_enabled":true,"_links":{"self":[{"href":"https:\/\/toidupakk.ee\/lt\/wp-json\/wp\/v2\/product\/45346","targetHints":{"allow":["GET"]}}],"collection":[{"href":"https:\/\/toidupakk.ee\/lt\/wp-json\/wp\/v2\/product"}],"about":[{"href":"https:\/\/toidupakk.ee\/lt\/wp-json\/wp\/v2\/types\/product"}],"replies":[{"embeddable":true,"href":"https:\/\/toidupakk.ee\/lt\/wp-json\/wp\/v2\/comments?post=45346"}],"wp:featuredmedia":[{"embeddable":true,"href":"https:\/\/toidupakk.ee\/lt\/wp-json\/wp\/v2\/media\/38759"}],"wp:attachment":[{"href":"https:\/\/toidupakk.ee\/lt\/wp-json\/wp\/v2\/media?parent=45346"}],"wp:term":[{"taxonomy":"product_brand","embeddable":true,"href":"https:\/\/toidupakk.ee\/lt\/wp-json\/wp\/v2\/product_brand?post=45346"},{"taxonomy":"product_cat","embeddable":true,"href":"https:\/\/toidupakk.ee\/lt\/wp-json\/wp\/v2\/product_cat?post=45346"},{"taxonomy":"product_tag","embeddable":true,"href":"https:\/\/toidupakk.ee\/lt\/wp-json\/wp\/v2\/product_tag?post=45346"}],"curies":[{"name":"wp","href":"https:\/\/api.w.org\/{rel}","templated":true}]}}