{"id":45331,"date":"2026-02-10T11:44:37","date_gmt":"2026-02-10T09:44:37","guid":{"rendered":"https:\/\/toidupakk.ee\/toode\/tirpi-kava-kohe-brazil-10-x-18-g\/"},"modified":"2026-05-14T07:30:23","modified_gmt":"2026-05-14T04:30:23","slug":"tirpi-kava-kohe-brazil-10-x-18-g","status":"publish","type":"product","link":"https:\/\/toidupakk.ee\/lt\/toode\/tirpi-kava-kohe-brazil-10-x-18-g\/","title":{"rendered":"Tirpi kava KOHE Brazil (10 x 1,8 g)"},"content":{"rendered":"<h1 data-start=\"23\" data-end=\"328\"><strong data-start=\"23\" data-end=\"62\">Tirpi kava KOHE Brazil (10 x 1,8 g)<\/strong><\/h1>\n<p data-start=\"23\" data-end=\"328\">Tirpi kava KOHE Brazil (10 x 1,8 g) pagaminta i\u0161 kavos pupeli\u0173, u\u017eaugint\u0173 Brazilijos Cerrado Mineiro regione. Kava kilusi i\u0161 Jo\u00e3o Pinheiro auginimo vietov\u0117s ir supakuota \u012f patogi\u0105 d\u0117\u017eut\u0119, kurioje yra de\u0161imt atskir\u0173 porcij\u0173. Kiekviena porcija sveria 1,8 gramo, tod\u0117l paruo\u0161imas yra paprastas ir greitas.  <img fetchpriority=\"high\" decoding=\"async\" class=\"alignright wp-image-44900\" src=\"https:\/\/toidupakk.ee\/wp-content\/uploads\/2026\/02\/flat_bra2-1024x1024.jpg\" alt=\"Tirpi kava KOHE Brazil (10 x 1,8 g) pasi\u017eymi \u0161variu ir \u0161velniu skoniu su sald\u017eiomis lazdyno rie\u0161ut\u0173 natomis i\u0161 Brazilijos Cerrado Mineiro regiono.\" width=\"500\" height=\"500\" srcset=\"https:\/\/toidupakk.ee\/wp-content\/uploads\/2026\/02\/flat_bra2-1024x1024.jpg 1024w, https:\/\/toidupakk.ee\/wp-content\/uploads\/2026\/02\/flat_bra2-300x300.jpg 300w, https:\/\/toidupakk.ee\/wp-content\/uploads\/2026\/02\/flat_bra2-500x500.jpg 500w, https:\/\/toidupakk.ee\/wp-content\/uploads\/2026\/02\/flat_bra2-768x768.jpg 768w, https:\/\/toidupakk.ee\/wp-content\/uploads\/2026\/02\/flat_bra2-400x400.jpg 400w, https:\/\/toidupakk.ee\/wp-content\/uploads\/2026\/02\/flat_bra2-800x800.jpg 800w, https:\/\/toidupakk.ee\/wp-content\/uploads\/2026\/02\/flat_bra2-100x100.jpg 100w, https:\/\/toidupakk.ee\/wp-content\/uploads\/2026\/02\/flat_bra2-50x50.jpg 50w, https:\/\/toidupakk.ee\/wp-content\/uploads\/2026\/02\/flat_bra2.jpg 1200w\" sizes=\"(max-width: 500px) 100vw, 500px\" \/><\/p>\n<h2 data-start=\"335\" data-end=\"359\">Skonis ir savyb\u0117s \u2013 tirpi kava KOHE Brazil<\/h2>\n<p data-start=\"361\" data-end=\"605\">Kavos skonis apib\u016bdinamas kaip \u0161varus, \u0161velnus ir kompleksi\u0161kas, papildytas sald\u017eiomis lazdyno rie\u0161ut\u0173 natomis. \u0160ios savyb\u0117s sukuria subalansuot\u0105 ir maloni\u0105 kavos patirt\u012f, tinkan\u010di\u0105 tiems, kurie vertina \u0161veln\u0173, bet kartu \u012fvairiapus\u012f skon\u012f. <\/p>\n<h2 data-start=\"612\" data-end=\"648\">Kilm\u0117 ir auginimo s\u0105lygos<\/h2>\n<p data-start=\"650\" data-end=\"879\">Kava auginama 850 metr\u0173 auk\u0161tyje vir\u0161 j\u016bros lygio, geltoname dirvo\u017eemyje. Naudojama kavos r\u016b\u0161is \u2013 geltonasis burbonas. Apdorojama sausuoju b\u016bdu, kuris yra vienas tradicini\u0173 kavos pupeli\u0173 apdorojimo metod\u0173.  <\/p>\n<p data-start=\"881\" data-end=\"1008\">Cerrado Mineiro regionas kavos m\u0117g\u0117j\u0173 vertinamas kaip puiki auginimo vieta d\u0117l \u0161varaus vandens ir r\u016b\u0161i\u0173 turtingos gamtos.<\/p>\n<h2 data-start=\"1015\" data-end=\"1055\">Santa Rita \u016bkis ir tvarumas<\/h2>\n<p data-start=\"1057\" data-end=\"1267\">Kava atkeliauja i\u0161 Santa Rita \u016bkio, kuriame naudojamos \u0161iuolaikin\u0117s technologijos gamybos efektyvumui didinti ir draugi\u0161kumui aplinkai u\u017etikrinti. \u016akio veikla grind\u017eiama pagarba gamtos i\u0161tekliams ir vietos bendruomenei. <\/p>\n<p data-start=\"1269\" data-end=\"1527\">Santa Rita \u016bkis turi \u201eRainforest\u201c ir UTZ sertifikatus, patvirtinan\u010dius atsaking\u0105 gamyb\u0105. Be to, \u016bkis aktyviai dalyvauja Brazilijos mi\u0161k\u0173 atsodinimo projekte, kur per pastaruosius kelerius metus buvo pasodinta daugiau nei 129 000 med\u017ei\u0173 gamtinei aplinkai atkurti ir apsaugoti. <\/p>\n<p>Su\u017einok daugiau apie \u201eTactical Foodpack\u201c \u017eygi\u0173 maist\u0105  <a href=\"https:\/\/toidupakk.ee\/tootekategooria\/tactical-foodpack-eined\/\">\u010cIA.<\/a><\/p>\n<p>Per\u017ei\u016br\u0117k daugiau \u017eygi\u0173 reikmen\u0173 <a href=\"https:\/\/toidupakk.ee\/lt\/tootekategooria\/zygio-iranga\/#section-3-79\">\u010cIA<\/a><\/p>\n<p>Pasisemk \u012fkv\u0117pimo kitiems nuotykiams \u201eToidupakk\u201c <a href=\"https:\/\/www.instagram.com\/toidupakk\/\">Instagram<\/a> ir <a href=\"https:\/\/www.facebook.com\/Toidupakk\/\">Facebook<\/a> paskyrose.<\/p>\n","protected":false},"excerpt":{"rendered":"<p data-start=\"0\" data-end=\"233\"><strong>Tirpi kava KOHE Brazil (10 x 1,8 g) suteikia \u0161ilkin\u012f ir subalansuot\u0105 skonio potyr\u012f i\u0161 Brazilijos Cerrado Mineiro regiono su sald\u017eiomis lazdyno rie\u0161ut\u0173 natomis. Pagaminta i\u0161 geltonojo burbono pupeli\u0173 ir apdorota sausuoju b\u016bdu, kad i\u0161ry\u0161k\u0117t\u0173 \u0161varus ir kompleksi\u0161kas kavos charakteris. <\/strong><\/p>\n<ul>\n<li data-start=\"235\" data-end=\"466\"><strong data-start=\"237\" data-end=\"250\">Kilm\u0117:<\/strong> Jo\u00e3o Pinheiro, Cerrado Mineiro, Brazilija<\/li>\n<li data-start=\"235\" data-end=\"466\"><strong data-start=\"297\" data-end=\"315\">Skonio profilis:<\/strong> \u0161varus, \u0161velnus, su sald\u017eiomis rie\u0161ut\u0173 natomis<\/li>\n<li data-start=\"235\" data-end=\"466\"><strong data-start=\"363\" data-end=\"375\">Apdorojimas:<\/strong> sausasis b\u016bdas<\/li>\n<li data-start=\"235\" data-end=\"466\"><strong data-start=\"392\" data-end=\"408\">Auginimo auk\u0161tis:<\/strong> 850 m vir\u0161 j\u016bros lygio<\/li>\n<li data-start=\"235\" data-end=\"466\"><strong data-start=\"433\" data-end=\"444\">Pakuot\u0117:<\/strong> 1 d\u0117\u017eut\u0117 (10 \u00d7 1,8 g)<\/li>\n<\/ul>\n<p><img decoding=\"async\" class=\"emoji\" role=\"img\" draggable=\"false\" src=\"https:\/\/s.w.org\/images\/core\/emoji\/17.0.2\/svg\/2705.svg\" alt=\"\u2705\">  Turime sand\u0117lyje, greitas pristatymas per 1\u20133 darbo dienas<\/p>\n","protected":false},"featured_media":55008,"comment_status":"open","ping_status":"closed","template":"","meta":{"_acf_changed":false},"product_brand":[],"product_cat":[195,196,189,190],"product_tag":[194],"class_list":{"0":"post-45331","1":"product","2":"type-product","3":"status-publish","4":"has-post-thumbnail","6":"product_cat-kavos-gerimai","7":"product_cat-maisto-gaminimas","8":"product_cat-zygio-iranga","9":"product_cat-zygio-prekes","10":"product_tag-no_ads","12":"first","13":"instock","14":"sale","15":"taxable","16":"shipping-taxable","17":"purchasable","18":"product-type-simple"},"bundled_by":[],"bundle_stock_status":"instock","bundle_stock_quantity":11,"bundle_virtual":false,"bundle_layout":"","bundle_add_to_cart_form_location":"","bundle_editable_in_cart":false,"bundle_sold_individually_context":"","bundle_item_grouping":"","bundle_min_size":"","bundle_max_size":"","bundle_price":[],"bundled_items":[],"bundle_sell_ids":[],"acf":[],"yoast_head":"<!-- This site is optimized with the Yoast SEO plugin v27.3 - https:\/\/yoast.com\/product\/yoast-seo-wordpress\/ -->\n<title>Tirpi kava KOHE Brazil (10 x 1,8 g)<\/title>\n<meta name=\"description\" content=\"Tirpi kava KOHE Brazil (10 x 1,8 g) pasi\u017eymi \u0161variu ir \u0161velniu skoniu su sald\u017eiomis lazdyno rie\u0161ut\u0173 natomis i\u0161 Brazilijos Cerrado Mineiro regiono.\" \/>\n<meta name=\"robots\" content=\"index, follow, max-snippet:-1, max-image-preview:large, max-video-preview:-1\" \/>\n<link rel=\"canonical\" href=\"https:\/\/toidupakk.ee\/lt\/toode\/tirpi-kava-kohe-brazil-10-x-18-g\/\" \/>\n<meta property=\"og:locale\" content=\"lt_LT\" \/>\n<meta property=\"og:type\" content=\"article\" \/>\n<meta property=\"og:title\" content=\"Tirpi kava KOHE Brazil (10 x 1,8 g)\" \/>\n<meta property=\"og:description\" content=\"Tirpi kava KOHE Brazil (10 x 1,8 g) pasi\u017eymi \u0161variu ir \u0161velniu skoniu su sald\u017eiomis lazdyno rie\u0161ut\u0173 natomis i\u0161 Brazilijos Cerrado Mineiro regiono.\" \/>\n<meta property=\"og:url\" content=\"https:\/\/toidupakk.ee\/lt\/toode\/tirpi-kava-kohe-brazil-10-x-18-g\/\" \/>\n<meta property=\"og:site_name\" content=\"Toidupakk.ee - Tactical Foodpack toidupakid\" \/>\n<meta property=\"article:publisher\" content=\"https:\/\/www.facebook.com\/Toidupakk\" \/>\n<meta property=\"article:modified_time\" content=\"2026-05-14T04:30:23+00:00\" \/>\n<meta property=\"og:image\" content=\"https:\/\/toidupakk.ee\/wp-content\/uploads\/2026\/02\/1.png\" \/>\n\t<meta property=\"og:image:width\" content=\"800\" \/>\n\t<meta property=\"og:image:height\" content=\"800\" \/>\n\t<meta property=\"og:image:type\" content=\"image\/png\" \/>\n<meta name=\"twitter:card\" content=\"summary_large_image\" \/>\n<meta name=\"twitter:label1\" content=\"Est. reading time\" \/>\n\t<meta name=\"twitter:data1\" content=\"1 minut\u0117\" \/>\n<script type=\"application\/ld+json\" class=\"yoast-schema-graph\">{\"@context\":\"https:\\\/\\\/schema.org\",\"@graph\":[{\"@type\":\"WebPage\",\"@id\":\"https:\\\/\\\/toidupakk.ee\\\/lt\\\/toode\\\/tirpi-kava-kohe-brazil-10-x-18-g\\\/\",\"url\":\"https:\\\/\\\/toidupakk.ee\\\/lt\\\/toode\\\/tirpi-kava-kohe-brazil-10-x-18-g\\\/\",\"name\":\"Tirpi kava KOHE Brazil (10 x 1,8 g)\",\"isPartOf\":{\"@id\":\"https:\\\/\\\/toidupakk.ee\\\/lt\\\/#website\"},\"primaryImageOfPage\":{\"@id\":\"https:\\\/\\\/toidupakk.ee\\\/lt\\\/toode\\\/tirpi-kava-kohe-brazil-10-x-18-g\\\/#primaryimage\"},\"image\":{\"@id\":\"https:\\\/\\\/toidupakk.ee\\\/lt\\\/toode\\\/tirpi-kava-kohe-brazil-10-x-18-g\\\/#primaryimage\"},\"thumbnailUrl\":\"https:\\\/\\\/toidupakk.ee\\\/wp-content\\\/uploads\\\/2026\\\/02\\\/1.png\",\"datePublished\":\"2026-02-10T09:44:37+00:00\",\"dateModified\":\"2026-05-14T04:30:23+00:00\",\"description\":\"Tirpi kava KOHE Brazil (10 x 1,8 g) pasi\u017eymi \u0161variu ir \u0161velniu skoniu su sald\u017eiomis lazdyno rie\u0161ut\u0173 natomis i\u0161 Brazilijos Cerrado Mineiro regiono.\",\"breadcrumb\":{\"@id\":\"https:\\\/\\\/toidupakk.ee\\\/lt\\\/toode\\\/tirpi-kava-kohe-brazil-10-x-18-g\\\/#breadcrumb\"},\"inLanguage\":\"lt-LT\",\"potentialAction\":[{\"@type\":\"ReadAction\",\"target\":[\"https:\\\/\\\/toidupakk.ee\\\/lt\\\/toode\\\/tirpi-kava-kohe-brazil-10-x-18-g\\\/\"]}]},{\"@type\":\"ImageObject\",\"inLanguage\":\"lt-LT\",\"@id\":\"https:\\\/\\\/toidupakk.ee\\\/lt\\\/toode\\\/tirpi-kava-kohe-brazil-10-x-18-g\\\/#primaryimage\",\"url\":\"https:\\\/\\\/toidupakk.ee\\\/wp-content\\\/uploads\\\/2026\\\/02\\\/1.png\",\"contentUrl\":\"https:\\\/\\\/toidupakk.ee\\\/wp-content\\\/uploads\\\/2026\\\/02\\\/1.png\",\"width\":800,\"height\":800},{\"@type\":\"BreadcrumbList\",\"@id\":\"https:\\\/\\\/toidupakk.ee\\\/lt\\\/toode\\\/tirpi-kava-kohe-brazil-10-x-18-g\\\/#breadcrumb\",\"itemListElement\":[{\"@type\":\"ListItem\",\"position\":1,\"name\":\"Avaleht\",\"item\":\"https:\\\/\\\/toidupakk.ee\\\/lt\\\/\"},{\"@type\":\"ListItem\",\"position\":2,\"name\":\"El. parduotuv\u0117\",\"item\":\"https:\\\/\\\/toidupakk.ee\\\/lt\\\/el-parduotuve\\\/\"},{\"@type\":\"ListItem\",\"position\":3,\"name\":\"Tirpi kava KOHE Brazil (10 x 1,8 g)\"}]},{\"@type\":\"WebSite\",\"@id\":\"https:\\\/\\\/toidupakk.ee\\\/lt\\\/#website\",\"url\":\"https:\\\/\\\/toidupakk.ee\\\/lt\\\/\",\"name\":\"Toidupakk.ee - Tactical Foodpack toidupakid\",\"description\":\"Tactical Foodpack k\u00fclmkuivatatud toidupakid ja matkaeined\",\"publisher\":{\"@id\":\"https:\\\/\\\/toidupakk.ee\\\/lt\\\/#organization\"},\"potentialAction\":[{\"@type\":\"SearchAction\",\"target\":{\"@type\":\"EntryPoint\",\"urlTemplate\":\"https:\\\/\\\/toidupakk.ee\\\/lt\\\/?s={search_term_string}\"},\"query-input\":{\"@type\":\"PropertyValueSpecification\",\"valueRequired\":true,\"valueName\":\"search_term_string\"}}],\"inLanguage\":\"lt-LT\"},{\"@type\":\"Organization\",\"@id\":\"https:\\\/\\\/toidupakk.ee\\\/lt\\\/#organization\",\"name\":\"Tactical Foodpack matkaeined\",\"url\":\"https:\\\/\\\/toidupakk.ee\\\/lt\\\/\",\"logo\":{\"@type\":\"ImageObject\",\"inLanguage\":\"lt-LT\",\"@id\":\"https:\\\/\\\/toidupakk.ee\\\/lt\\\/#\\\/schema\\\/logo\\\/image\\\/\",\"url\":\"https:\\\/\\\/toidupakk.ee\\\/wp-content\\\/uploads\\\/2022\\\/01\\\/Toidupakk-matkapood-logo-transparent.png\",\"contentUrl\":\"https:\\\/\\\/toidupakk.ee\\\/wp-content\\\/uploads\\\/2022\\\/01\\\/Toidupakk-matkapood-logo-transparent.png\",\"width\":500,\"height\":500,\"caption\":\"Tactical Foodpack matkaeined\"},\"image\":{\"@id\":\"https:\\\/\\\/toidupakk.ee\\\/lt\\\/#\\\/schema\\\/logo\\\/image\\\/\"},\"sameAs\":[\"https:\\\/\\\/www.facebook.com\\\/Toidupakk\",\"https:\\\/\\\/www.instagram.com\\\/toidupakk\\\/\"]}]}<\/script>\n<!-- \/ Yoast SEO plugin. -->","yoast_head_json":{"title":"Tirpi kava KOHE Brazil (10 x 1,8 g)","description":"Tirpi kava KOHE Brazil (10 x 1,8 g) pasi\u017eymi \u0161variu ir \u0161velniu skoniu su sald\u017eiomis lazdyno rie\u0161ut\u0173 natomis i\u0161 Brazilijos Cerrado Mineiro regiono.","robots":{"index":"index","follow":"follow","max-snippet":"max-snippet:-1","max-image-preview":"max-image-preview:large","max-video-preview":"max-video-preview:-1"},"canonical":"https:\/\/toidupakk.ee\/lt\/toode\/tirpi-kava-kohe-brazil-10-x-18-g\/","og_locale":"lt_LT","og_type":"article","og_title":"Tirpi kava KOHE Brazil (10 x 1,8 g)","og_description":"Tirpi kava KOHE Brazil (10 x 1,8 g) pasi\u017eymi \u0161variu ir \u0161velniu skoniu su sald\u017eiomis lazdyno rie\u0161ut\u0173 natomis i\u0161 Brazilijos Cerrado Mineiro regiono.","og_url":"https:\/\/toidupakk.ee\/lt\/toode\/tirpi-kava-kohe-brazil-10-x-18-g\/","og_site_name":"Toidupakk.ee - Tactical Foodpack toidupakid","article_publisher":"https:\/\/www.facebook.com\/Toidupakk","article_modified_time":"2026-05-14T04:30:23+00:00","og_image":[{"width":800,"height":800,"url":"https:\/\/toidupakk.ee\/wp-content\/uploads\/2026\/02\/1.png","type":"image\/png"}],"twitter_card":"summary_large_image","twitter_misc":{"Est. reading time":"1 minut\u0117"},"schema":{"@context":"https:\/\/schema.org","@graph":[{"@type":"WebPage","@id":"https:\/\/toidupakk.ee\/lt\/toode\/tirpi-kava-kohe-brazil-10-x-18-g\/","url":"https:\/\/toidupakk.ee\/lt\/toode\/tirpi-kava-kohe-brazil-10-x-18-g\/","name":"Tirpi kava KOHE Brazil (10 x 1,8 g)","isPartOf":{"@id":"https:\/\/toidupakk.ee\/lt\/#website"},"primaryImageOfPage":{"@id":"https:\/\/toidupakk.ee\/lt\/toode\/tirpi-kava-kohe-brazil-10-x-18-g\/#primaryimage"},"image":{"@id":"https:\/\/toidupakk.ee\/lt\/toode\/tirpi-kava-kohe-brazil-10-x-18-g\/#primaryimage"},"thumbnailUrl":"https:\/\/toidupakk.ee\/wp-content\/uploads\/2026\/02\/1.png","datePublished":"2026-02-10T09:44:37+00:00","dateModified":"2026-05-14T04:30:23+00:00","description":"Tirpi kava KOHE Brazil (10 x 1,8 g) pasi\u017eymi \u0161variu ir \u0161velniu skoniu su sald\u017eiomis lazdyno rie\u0161ut\u0173 natomis i\u0161 Brazilijos Cerrado Mineiro regiono.","breadcrumb":{"@id":"https:\/\/toidupakk.ee\/lt\/toode\/tirpi-kava-kohe-brazil-10-x-18-g\/#breadcrumb"},"inLanguage":"lt-LT","potentialAction":[{"@type":"ReadAction","target":["https:\/\/toidupakk.ee\/lt\/toode\/tirpi-kava-kohe-brazil-10-x-18-g\/"]}]},{"@type":"ImageObject","inLanguage":"lt-LT","@id":"https:\/\/toidupakk.ee\/lt\/toode\/tirpi-kava-kohe-brazil-10-x-18-g\/#primaryimage","url":"https:\/\/toidupakk.ee\/wp-content\/uploads\/2026\/02\/1.png","contentUrl":"https:\/\/toidupakk.ee\/wp-content\/uploads\/2026\/02\/1.png","width":800,"height":800},{"@type":"BreadcrumbList","@id":"https:\/\/toidupakk.ee\/lt\/toode\/tirpi-kava-kohe-brazil-10-x-18-g\/#breadcrumb","itemListElement":[{"@type":"ListItem","position":1,"name":"Avaleht","item":"https:\/\/toidupakk.ee\/lt\/"},{"@type":"ListItem","position":2,"name":"El. parduotuv\u0117","item":"https:\/\/toidupakk.ee\/lt\/el-parduotuve\/"},{"@type":"ListItem","position":3,"name":"Tirpi kava KOHE Brazil (10 x 1,8 g)"}]},{"@type":"WebSite","@id":"https:\/\/toidupakk.ee\/lt\/#website","url":"https:\/\/toidupakk.ee\/lt\/","name":"Toidupakk.ee - Tactical Foodpack toidupakid","description":"Tactical Foodpack k\u00fclmkuivatatud toidupakid ja matkaeined","publisher":{"@id":"https:\/\/toidupakk.ee\/lt\/#organization"},"potentialAction":[{"@type":"SearchAction","target":{"@type":"EntryPoint","urlTemplate":"https:\/\/toidupakk.ee\/lt\/?s={search_term_string}"},"query-input":{"@type":"PropertyValueSpecification","valueRequired":true,"valueName":"search_term_string"}}],"inLanguage":"lt-LT"},{"@type":"Organization","@id":"https:\/\/toidupakk.ee\/lt\/#organization","name":"Tactical Foodpack matkaeined","url":"https:\/\/toidupakk.ee\/lt\/","logo":{"@type":"ImageObject","inLanguage":"lt-LT","@id":"https:\/\/toidupakk.ee\/lt\/#\/schema\/logo\/image\/","url":"https:\/\/toidupakk.ee\/wp-content\/uploads\/2022\/01\/Toidupakk-matkapood-logo-transparent.png","contentUrl":"https:\/\/toidupakk.ee\/wp-content\/uploads\/2022\/01\/Toidupakk-matkapood-logo-transparent.png","width":500,"height":500,"caption":"Tactical Foodpack matkaeined"},"image":{"@id":"https:\/\/toidupakk.ee\/lt\/#\/schema\/logo\/image\/"},"sameAs":["https:\/\/www.facebook.com\/Toidupakk","https:\/\/www.instagram.com\/toidupakk\/"]}]}},"jetpack_sharing_enabled":true,"_links":{"self":[{"href":"https:\/\/toidupakk.ee\/lt\/wp-json\/wp\/v2\/product\/45331","targetHints":{"allow":["GET"]}}],"collection":[{"href":"https:\/\/toidupakk.ee\/lt\/wp-json\/wp\/v2\/product"}],"about":[{"href":"https:\/\/toidupakk.ee\/lt\/wp-json\/wp\/v2\/types\/product"}],"replies":[{"embeddable":true,"href":"https:\/\/toidupakk.ee\/lt\/wp-json\/wp\/v2\/comments?post=45331"}],"wp:featuredmedia":[{"embeddable":true,"href":"https:\/\/toidupakk.ee\/lt\/wp-json\/wp\/v2\/media\/55008"}],"wp:attachment":[{"href":"https:\/\/toidupakk.ee\/lt\/wp-json\/wp\/v2\/media?parent=45331"}],"wp:term":[{"taxonomy":"product_brand","embeddable":true,"href":"https:\/\/toidupakk.ee\/lt\/wp-json\/wp\/v2\/product_brand?post=45331"},{"taxonomy":"product_cat","embeddable":true,"href":"https:\/\/toidupakk.ee\/lt\/wp-json\/wp\/v2\/product_cat?post=45331"},{"taxonomy":"product_tag","embeddable":true,"href":"https:\/\/toidupakk.ee\/lt\/wp-json\/wp\/v2\/product_tag?post=45331"}],"curies":[{"name":"wp","href":"https:\/\/api.w.org\/{rel}","templated":true}]}}