{"id":45305,"date":"2021-08-29T07:00:24","date_gmt":"2021-08-29T04:00:24","guid":{"rendered":"https:\/\/toidupakk.ee\/pardavimo-salygos\/"},"modified":"2026-02-18T15:25:49","modified_gmt":"2026-02-18T13:25:49","slug":"pardavimo-salygos","status":"publish","type":"page","link":"https:\/\/toidupakk.ee\/lt\/pardavimo-salygos\/","title":{"rendered":"Pardavimo s\u0105lygos"},"content":{"rendered":"\t\t<div data-elementor-type=\"wp-page\" data-elementor-id=\"45305\" class=\"elementor elementor-45305 elementor-45\" data-elementor-post-type=\"page\">\n\t\t\t\t<div class=\"elementor-element elementor-element-519b9186 e-flex e-con-boxed e-con e-parent\" data-id=\"519b9186\" data-element_type=\"container\" data-e-type=\"container\">\n\t\t\t\t\t<div class=\"e-con-inner\">\n\t\t\t\t<div class=\"elementor-element elementor-element-54d8405b elementor-widget elementor-widget-text-editor\" data-id=\"54d8405b\" data-element_type=\"widget\" data-e-type=\"widget\" data-widget_type=\"text-editor.default\">\n\t\t\t\t\t\t\t\t\t\n<p>Interneto parduotuv\u0117s toidupakk.ee (toliau \u2013 Interneto parduotuv\u0117) valdytojas yra O\u00dc Unicorn Digital (registracijos kodas 16219924), buvein\u0117s adresas Veski 5, Kiili.<\/p>\n<p> <\/p>\n\n<p><strong>Pirkimo-pardavimo sutarties galiojimas, informacija apie prekes ir kainas<\/strong><\/p>\n<p> <\/p>\n\n<p>Pardavimo s\u0105lygos galioja perkant prekes Interneto parduotuv\u0117je.<\/p>\n\n<p>Interneto parduotuv\u0117je parduodam\u0173 produkt\u0173 kainos nurodytos prie produkt\u0173. Prie kainos pridedamas mokestis u\u017e preki\u0173 pristatym\u0105. Visos Interneto parduotuv\u0117je parduodam\u0173 preki\u0173 kainos nurodytos eurais.  <\/p>\n\n<p>Preki\u0173 pristatymo mokestis priklauso nuo pirk\u0117jo buvimo vietos ir pristatymo b\u016bdo. Pristatymo mokestis pirk\u0117jui parodomas formuojant u\u017esakym\u0105. <\/p>\n\n<p>Informacija apie prek\u0119 pateikiama Interneto parduotuv\u0117je tiesiogiai prie prek\u0117s.<\/p>\n<p> <\/p>\n\n<p><strong>U\u017esakymo formavimas<\/strong><\/p>\n<p> <\/p>\n\n<p>Nor\u0117damas u\u017esisakyti prek\u0119, \u012fsid\u0117k norimus produktus \u012f krep\u0161el\u012f. Nor\u0117damas suformuoti u\u017esakym\u0105, u\u017epildyk reikiamus duomen\u0173 laukus ir pasirink tinkam\u0105 produkt\u0173 pristatymo b\u016bd\u0105. Tuomet ekrane pasirodys mok\u0117tina suma, kuri\u0105 galima saugiai sumok\u0117ti \u0161iais mok\u0117jimo b\u016bdais:  <\/p>\n\n<p>Banko nuorodos: Swedbank, SEB, Luminor, LHV, Coop Pank, Citadele, Revolut.<\/p>\n\n<p>Mok\u0117jimai Visa \/ Mastercard kortel\u0117mis, Google Pay, Apple Pay.<\/p>\n\n<p>Galimyb\u0117 u\u017e prekes atsiskaityti v\u0117liau per Inbank arba Esto.<\/p>\n\n<p>Jei u\u017esakytos prek\u0117s ne\u012fmanoma pristatyti d\u0117l to, kad ji pasibaig\u0117, ar d\u0117l kit\u0173 prie\u017eas\u010di\u0173, pirk\u0117jas apie tai informuojamas artimiausiu metu ir sumok\u0117ti pinigai (\u012fskaitant preki\u0173 pristatymo i\u0161laidas) gr\u0105\u017einami nedelsiant, bet ne v\u0117liau kaip per 14 dien\u0173 nuo prane\u0161imo i\u0161siuntimo.<\/p>\n\n<p> <\/p>\n<p><strong>Pristatymas<\/strong><\/p>\n\n<p> <\/p>\n<p>Prek\u0117s siun\u010diamos \u012f \u0161ias \u0161alis: Estija<\/p>\n\n<p>Norint u\u017esisakyti prekes u\u017e Estijos rib\u0173, u\u017esakymas pateikiamas el. pa\u0161tu, o pristatymo i\u0161laidos tikslinamos atskirai.<\/p>\n\n<p>Prek\u0117ms atsiimti pirk\u0117jas turi \u0161iuos pasirinkimus: Omniva pa\u0161tomatai visoje Estijoje, Itella Smartpost pa\u0161tomatai visoje Estijoje, Venipak automatai, DPD kurjeris arba atsi\u0117mimas patiems.<\/p>\n\n<p>Preki\u0173 siuntimo i\u0161laidas apmoka pirk\u0117jas, o atitinkama informacija apie kain\u0105 pateikiama prie siuntimo b\u016bdo.<\/p>\n\n<p>Siuntos Estijos viduje pirk\u0117jo nurodyt\u0105 tiksl\u0105 paprastai pasiekia per 1\u20133 darbo dienas nuo pirkimo atlikimo. U\u017e Estijos rib\u0173 pristatymas vyksta pagal susitarim\u0105. <\/p>\n\n<p>Omniva ir Itella pa\u0161tomatai siunt\u0105 automate paprastai saugo iki 7 dien\u0173. Prekei pasiekus pa\u0161tomat\u0105, vartotojas privalo j\u0105 atsiimti per 7 dienas. <\/p>\n\n<p> <\/p>\n<p><strong>Sutarties atsisakymo teis\u0117<\/strong><\/p>\n<p> <\/p>\n\n<p>Gav\u0119s u\u017esakym\u0105, pirk\u0117jas turi teis\u0119 per 14 dien\u0173 atsisakyti el. parduotuv\u0117je sudarytos sutarties.<\/p>\n\n<p>NB! Priklausomai nuo produkt\u0173, pirk\u0117jas gali netur\u0117ti atsisakymo teis\u0117s; tokie produktai ir paslaugos tokiu atveju turi b\u016bti i\u0161vardyti ir jie turi atitikti Prievoli\u0173 teis\u0117s \u012fstatymo 53 str. 4 d. nurodytas s\u0105lygas. <\/p>\n\n<p>Atsisakymo teis\u0117 netaikoma, jei pirk\u0117jas yra juridinis asmuo.<\/p>\n\n<p>Norint pasinaudoti 14 dien\u0173 gr\u0105\u017einimo teise, u\u017esakyta prek\u0117 negali b\u016bti naudojama kitu b\u016bdu, nei b\u016btina \u012fsitikinti prek\u0117s pob\u016bd\u017eiu, savyb\u0117mis ir veikimu taip, kaip tai leid\u017eiama testuojant prek\u0119 fizin\u0117je parduotuv\u0117je.<\/p>\n\n<p>Jei Klientas prek\u0119 naudojo kitiems tikslams, nei buvo b\u016btina \u012fsitikinti prek\u0117s pob\u016bd\u017eiu, savyb\u0117mis ir veikimu, arba yra prek\u0117s naudojimo ar nusid\u0117v\u0117jimo \u017eymi\u0173, Interneto parduotuv\u0117 turi teis\u0119 suma\u017einti gr\u0105\u017einam\u0105 sum\u0105 pagal prek\u0117s vert\u0117s suma\u017e\u0117jim\u0105. Gr\u0105\u017einama prek\u0117 turi b\u016bti nenaudota, su etiket\u0117mis ir originalioje pakuot\u0117je, bat\u0173 d\u0117\u017eut\u0117 supakuota \u012f pl\u0117vel\u0119 ar pan. <\/p>\n\n<p>Norint gr\u0105\u017einti prek\u0119, reikia pateikti pra\u0161ym\u0105 d\u0117l prek\u0117s pirkimo atsisakymo ir i\u0161si\u0173sti j\u012f el. pa\u0161to adresu <a href=\"mailto:tellimus@toidupakk.ee\">tellimus@toidupakk.ee<\/a> ne v\u0117liau kaip per 14 dien\u0173 nuo prek\u0117s gavimo.<\/p>\n\n<p>Pirk\u0117jas privalo gr\u0105\u017einti prek\u0119 per 14 dien\u0173 nuo pra\u0161ymo pateikimo arba pateikti \u012frodym\u0105, kad per min\u0117t\u0105 laikotarp\u012f perdav\u0117 prek\u0119 ve\u017e\u0117jui.<\/p>\n\n<p>Interneto parduotuv\u0117, gavusi gr\u0105\u017einam\u0105 prek\u0119, nedelsdama, bet ne v\u0117liau kaip per 14 dien\u0173 nuo prane\u0161imo apie sutarties atsisakym\u0105 gavimo, gr\u0105\u017eina pirk\u0117jui visas pagal sutart\u012f gautas \u012fmokas.<\/p>\n\n<p>Interneto parduotuv\u0117 gali atsisakyti atlikti gr\u0105\u017einim\u0105 tol, kol atgaus sutarties objektu esant\u012f daikt\u0105 arba kol pirk\u0117jas pateiks \u012frodym\u0173, kad daikt\u0105 i\u0161siunt\u0117 atgal, priklausomai nuo to, kas \u012fvyks anks\u010diau.<\/p>\n\n<p>Jei pirk\u0117jas ai\u0161kiai pasirinko kit\u0105 nei Interneto parduotuv\u0117s si\u016blomas pigiausias \u012fprastas daikto pristatymo b\u016bdas, Interneto parduotuv\u0117 neprivalo vartotojui gr\u0105\u017einti i\u0161laid\u0173, vir\u0161ijan\u010di\u0173 \u012fprasto pristatymo b\u016bdo i\u0161laidas.<\/p>\n\n<p>Interneto parduotuv\u0117 turi teis\u0119 atsisakyti pardavimo sandorio ir reikalauti i\u0161 pirk\u0117jo gr\u0105\u017einti prek\u0119, jei prek\u0117s kaina interneto parduotuv\u0117je d\u0117l klaidos nurodyta gerokai ma\u017eesn\u0117 u\u017e prek\u0117s rinkos kain\u0105.<\/p>\n\n<p> <\/p>\n<p><strong>Teis\u0117 pateikti pretenzij\u0105<\/strong><\/p>\n\n<p> <\/p>\n<p>Interneto parduotuv\u0117 atsako u\u017e pirk\u0117jui parduotos prek\u0117s neatitikim\u0105 sutarties s\u0105lygoms ar tr\u016bkumus, kurie jau buvo daikto perdavimo momentu ir kurie paai\u0161k\u0117ja per dvejus metus nuo prek\u0117s perdavimo pirk\u0117jui. Per pirmuosius \u0161e\u0161is m\u0117nesius nuo daikto perdavimo pirk\u0117jui laikoma, kad tr\u016bkumas jau buvo daikto perdavimo metu. \u0160ios prielaidos paneigimas yra Interneto parduotuv\u0117s pareiga.  <\/p>\n\n<p>Paai\u0161k\u0117jus tr\u016bkumui, pirk\u0117jas turi teis\u0119 ne v\u0117liau kaip per du m\u0117nesius kreiptis \u012f interneto parduotuv\u0119, si\u0173sdamas el. lai\u0161k\u0105 adresu tellimus@toidupakk.ee<\/p>\n\n<p>Interneto parduotuv\u0117 neatsako u\u017e tr\u016bkumus, atsiradusius po prek\u0117s perdavimo.<\/p>\n\n<p>Jei i\u0161 Interneto parduotuv\u0117s pirkta prek\u0117 turi tr\u016bkum\u0173, u\u017e kuriuos Interneto parduotuv\u0117 atsako, Interneto parduotuv\u0117 pataiso arba pakei\u010dia nekokybi\u0161k\u0105 prek\u0119. Jei prek\u0117s ne\u012fmanoma pataisyti ar pakeisti, Interneto parduotuv\u0117 gr\u0105\u017eina pirk\u0117jui visas su pirkimo-pardavimo sutartimi susijusias \u012fmokas. <\/p>\n\n<p>Interneto parduotuv\u0117 \u012f vartotojo pateikt\u0105 skund\u0105 atsako ra\u0161tu arba ra\u0161ytine forma per 15 dien\u0173.<\/p>\n\n<p> <\/p>\n<p><strong>Tiesiogin\u0117 rinkodara ir asmens duomen\u0173 tvarkymas<\/strong><\/p>\n\n<p> <\/p>\n<p>Interneto parduotuv\u0117 naudoja pirk\u0117jo \u012fvestus asmens duomenis u\u017esakymui apdoroti, prekei pirk\u0117jui i\u0161si\u0173sti ir rinkodaros veiklai. Interneto parduotuv\u0117 perduoda asmens duomenis transporto paslaugas teikian\u010dioms \u012fmon\u0117ms, kad b\u016bt\u0173 pristatyta prek\u0117. <\/p>\n\n<p>Interneto parduotuv\u0117 siun\u010dia pirk\u0117jui naujienlai\u0161kius ir informacij\u0105 apie kampanijas (\u012fskaitant SMS), jei pirk\u0117jas i\u0161rei\u0161k\u0117 tok\u012f nor\u0105, svetain\u0117je \u012fvesdamas savo kontaktinius duomenis.<\/p>\n\n<p>Pirk\u0117jas bet kuriuo metu gali atsisakyti el. pa\u0161tu siun\u010diam\u0173 pasi\u016blym\u0173 ir naujienlai\u0161ki\u0173, apie tai prane\u0161damas mums el. pa\u0161tu, SMS \u017einute arba laikydamasis pasi\u016blym\u0173 el. lai\u0161ke pateikt\u0173 nurodym\u0173.<\/p>\n\n<p> <\/p>\n<p><strong>Gin\u010d\u0173 sprendimas<\/strong><\/p>\n\n<p> <\/p>\n<p>Jei pirk\u0117jas turi pretenzij\u0173 d\u0117l Interneto parduotuv\u0117s, jas reikia si\u0173sti el. pa\u0161to adresu tellimus arba susisiekti per kitus svetain\u0117je nurodytus kanalus.<\/p>\n\n<p>Jei pirk\u0117jui ir Interneto parduotuvei nepavyksta i\u0161spr\u0119sti gin\u010do susitarimu, pirk\u0117jas gali kreiptis \u012f Vartotoj\u0173 gin\u010d\u0173 komisij\u0105. Vartotoj\u0173 gin\u010d\u0173 komisijos kompetencijai priklauso spr\u0119sti gin\u010dus, kylan\u010dius i\u0161 pirk\u0117jo ir Interneto parduotuv\u0117s sudarytos sutarties. Pirk\u0117jo skundo nagrin\u0117jimas komisijoje yra nemokamas.  <\/p>\n\n<p>Pirk\u0117jas gali kreiptis \u012f Europos S\u0105jungos vartotoj\u0173 gin\u010d\u0173 sprendimo platform\u0105.<\/p>\n\t\t\t\t\t\t\t\t<\/div>\n\t\t\t\t\t<\/div>\n\t\t\t\t<\/div>\n\t\t\t\t<\/div>\n\t\t","protected":false},"excerpt":{"rendered":"<p>Interneto parduotuv\u0117s toidupakk.ee (toliau \u2013 Interneto parduotuv\u0117) valdytojas yra O\u00dc Unicorn Digital (registracijos kodas 16219924), buvein\u0117s adresas Veski 5, Kiili. Pirkimo-pardavimo sutarties galiojimas, informacija apie prekes ir kainas Pardavimo s\u0105lygos galioja perkant prekes Interneto parduotuv\u0117je. Interneto parduotuv\u0117je parduodam\u0173 produkt\u0173 kainos nurodytos prie produkt\u0173. Prie kainos pridedamas mokestis u\u017e preki\u0173 pristatym\u0105. Visos Interneto parduotuv\u0117je parduodam\u0173 preki\u0173 [&hellip;]<\/p>\n","protected":false},"author":1,"featured_media":0,"parent":0,"menu_order":0,"comment_status":"closed","ping_status":"closed","template":"","meta":{"_acf_changed":false,"footnotes":""},"class_list":["post-45305","page","type-page","status-publish","hentry"],"acf":[],"yoast_head":"<!-- This site is optimized with the Yoast SEO plugin v27.3 - https:\/\/yoast.com\/product\/yoast-seo-wordpress\/ -->\n<title>Pardavimo s\u0105lygos - Toidupakk.ee - Tactical Foodpack toidupakid<\/title>\n<meta name=\"robots\" content=\"index, follow, max-snippet:-1, max-image-preview:large, max-video-preview:-1\" \/>\n<link rel=\"canonical\" href=\"https:\/\/toidupakk.ee\/lt\/pardavimo-salygos\/\" \/>\n<meta property=\"og:locale\" content=\"lt_LT\" \/>\n<meta property=\"og:type\" content=\"article\" \/>\n<meta property=\"og:title\" content=\"Pardavimo s\u0105lygos - Toidupakk.ee - Tactical Foodpack toidupakid\" \/>\n<meta property=\"og:description\" content=\"Interneto parduotuv\u0117s toidupakk.ee (toliau \u2013 Interneto parduotuv\u0117) valdytojas yra O\u00dc Unicorn Digital (registracijos kodas 16219924), buvein\u0117s adresas Veski 5, Kiili. Pirkimo-pardavimo sutarties galiojimas, informacija apie prekes ir kainas Pardavimo s\u0105lygos galioja perkant prekes Interneto parduotuv\u0117je. Interneto parduotuv\u0117je parduodam\u0173 produkt\u0173 kainos nurodytos prie produkt\u0173. Prie kainos pridedamas mokestis u\u017e preki\u0173 pristatym\u0105. Visos Interneto parduotuv\u0117je parduodam\u0173 preki\u0173 [&hellip;]\" \/>\n<meta property=\"og:url\" content=\"https:\/\/toidupakk.ee\/lt\/pardavimo-salygos\/\" \/>\n<meta property=\"og:site_name\" content=\"Toidupakk.ee - Tactical Foodpack toidupakid\" \/>\n<meta property=\"article:publisher\" content=\"https:\/\/www.facebook.com\/Toidupakk\" \/>\n<meta property=\"article:modified_time\" content=\"2026-02-18T13:25:49+00:00\" \/>\n<meta property=\"og:image\" content=\"https:\/\/toidupakk.ee\/wp-content\/uploads\/2026\/02\/Toidupakk-ee-MatkaPRO-matkatoidud-matkavarustus.jpg\" \/>\n\t<meta property=\"og:image:width\" content=\"1200\" \/>\n\t<meta property=\"og:image:height\" content=\"675\" \/>\n\t<meta property=\"og:image:type\" content=\"image\/jpeg\" \/>\n<meta name=\"twitter:card\" content=\"summary_large_image\" \/>\n<meta name=\"twitter:label1\" content=\"Est. reading time\" \/>\n\t<meta name=\"twitter:data1\" content=\"5 minut\u0117s\" \/>\n<script type=\"application\/ld+json\" class=\"yoast-schema-graph\">{\"@context\":\"https:\\\/\\\/schema.org\",\"@graph\":[{\"@type\":\"WebPage\",\"@id\":\"https:\\\/\\\/toidupakk.ee\\\/lt\\\/pardavimo-salygos\\\/\",\"url\":\"https:\\\/\\\/toidupakk.ee\\\/lt\\\/pardavimo-salygos\\\/\",\"name\":\"Pardavimo s\u0105lygos - Toidupakk.ee - Tactical Foodpack toidupakid\",\"isPartOf\":{\"@id\":\"https:\\\/\\\/toidupakk.ee\\\/lt\\\/#website\"},\"datePublished\":\"2021-08-29T04:00:24+00:00\",\"dateModified\":\"2026-02-18T13:25:49+00:00\",\"breadcrumb\":{\"@id\":\"https:\\\/\\\/toidupakk.ee\\\/lt\\\/pardavimo-salygos\\\/#breadcrumb\"},\"inLanguage\":\"lt-LT\",\"potentialAction\":[{\"@type\":\"ReadAction\",\"target\":[\"https:\\\/\\\/toidupakk.ee\\\/lt\\\/pardavimo-salygos\\\/\"]}]},{\"@type\":\"BreadcrumbList\",\"@id\":\"https:\\\/\\\/toidupakk.ee\\\/lt\\\/pardavimo-salygos\\\/#breadcrumb\",\"itemListElement\":[{\"@type\":\"ListItem\",\"position\":1,\"name\":\"Avaleht\",\"item\":\"https:\\\/\\\/toidupakk.ee\\\/lt\\\/\"},{\"@type\":\"ListItem\",\"position\":2,\"name\":\"Pardavimo s\u0105lygos\"}]},{\"@type\":\"WebSite\",\"@id\":\"https:\\\/\\\/toidupakk.ee\\\/lt\\\/#website\",\"url\":\"https:\\\/\\\/toidupakk.ee\\\/lt\\\/\",\"name\":\"Toidupakk.ee - Tactical Foodpack toidupakid\",\"description\":\"Tactical Foodpack k\u00fclmkuivatatud toidupakid ja matkaeined\",\"publisher\":{\"@id\":\"https:\\\/\\\/toidupakk.ee\\\/lt\\\/#organization\"},\"potentialAction\":[{\"@type\":\"SearchAction\",\"target\":{\"@type\":\"EntryPoint\",\"urlTemplate\":\"https:\\\/\\\/toidupakk.ee\\\/lt\\\/?s={search_term_string}\"},\"query-input\":{\"@type\":\"PropertyValueSpecification\",\"valueRequired\":true,\"valueName\":\"search_term_string\"}}],\"inLanguage\":\"lt-LT\"},{\"@type\":\"Organization\",\"@id\":\"https:\\\/\\\/toidupakk.ee\\\/lt\\\/#organization\",\"name\":\"Tactical Foodpack matkaeined\",\"url\":\"https:\\\/\\\/toidupakk.ee\\\/lt\\\/\",\"logo\":{\"@type\":\"ImageObject\",\"inLanguage\":\"lt-LT\",\"@id\":\"https:\\\/\\\/toidupakk.ee\\\/lt\\\/#\\\/schema\\\/logo\\\/image\\\/\",\"url\":\"https:\\\/\\\/toidupakk.ee\\\/wp-content\\\/uploads\\\/2022\\\/01\\\/Toidupakk-matkapood-logo-transparent.png\",\"contentUrl\":\"https:\\\/\\\/toidupakk.ee\\\/wp-content\\\/uploads\\\/2022\\\/01\\\/Toidupakk-matkapood-logo-transparent.png\",\"width\":500,\"height\":500,\"caption\":\"Tactical Foodpack matkaeined\"},\"image\":{\"@id\":\"https:\\\/\\\/toidupakk.ee\\\/lt\\\/#\\\/schema\\\/logo\\\/image\\\/\"},\"sameAs\":[\"https:\\\/\\\/www.facebook.com\\\/Toidupakk\",\"https:\\\/\\\/www.instagram.com\\\/toidupakk\\\/\"]}]}<\/script>\n<!-- \/ Yoast SEO plugin. -->","yoast_head_json":{"title":"Pardavimo s\u0105lygos - Toidupakk.ee - Tactical Foodpack toidupakid","robots":{"index":"index","follow":"follow","max-snippet":"max-snippet:-1","max-image-preview":"max-image-preview:large","max-video-preview":"max-video-preview:-1"},"canonical":"https:\/\/toidupakk.ee\/lt\/pardavimo-salygos\/","og_locale":"lt_LT","og_type":"article","og_title":"Pardavimo s\u0105lygos - Toidupakk.ee - Tactical Foodpack toidupakid","og_description":"Interneto parduotuv\u0117s toidupakk.ee (toliau \u2013 Interneto parduotuv\u0117) valdytojas yra O\u00dc Unicorn Digital (registracijos kodas 16219924), buvein\u0117s adresas Veski 5, Kiili. Pirkimo-pardavimo sutarties galiojimas, informacija apie prekes ir kainas Pardavimo s\u0105lygos galioja perkant prekes Interneto parduotuv\u0117je. Interneto parduotuv\u0117je parduodam\u0173 produkt\u0173 kainos nurodytos prie produkt\u0173. Prie kainos pridedamas mokestis u\u017e preki\u0173 pristatym\u0105. Visos Interneto parduotuv\u0117je parduodam\u0173 preki\u0173 [&hellip;]","og_url":"https:\/\/toidupakk.ee\/lt\/pardavimo-salygos\/","og_site_name":"Toidupakk.ee - Tactical Foodpack toidupakid","article_publisher":"https:\/\/www.facebook.com\/Toidupakk","article_modified_time":"2026-02-18T13:25:49+00:00","og_image":[{"width":1200,"height":675,"url":"https:\/\/toidupakk.ee\/wp-content\/uploads\/2026\/02\/Toidupakk-ee-MatkaPRO-matkatoidud-matkavarustus.jpg","type":"image\/jpeg"}],"twitter_card":"summary_large_image","twitter_misc":{"Est. reading time":"5 minut\u0117s"},"schema":{"@context":"https:\/\/schema.org","@graph":[{"@type":"WebPage","@id":"https:\/\/toidupakk.ee\/lt\/pardavimo-salygos\/","url":"https:\/\/toidupakk.ee\/lt\/pardavimo-salygos\/","name":"Pardavimo s\u0105lygos - Toidupakk.ee - Tactical Foodpack toidupakid","isPartOf":{"@id":"https:\/\/toidupakk.ee\/lt\/#website"},"datePublished":"2021-08-29T04:00:24+00:00","dateModified":"2026-02-18T13:25:49+00:00","breadcrumb":{"@id":"https:\/\/toidupakk.ee\/lt\/pardavimo-salygos\/#breadcrumb"},"inLanguage":"lt-LT","potentialAction":[{"@type":"ReadAction","target":["https:\/\/toidupakk.ee\/lt\/pardavimo-salygos\/"]}]},{"@type":"BreadcrumbList","@id":"https:\/\/toidupakk.ee\/lt\/pardavimo-salygos\/#breadcrumb","itemListElement":[{"@type":"ListItem","position":1,"name":"Avaleht","item":"https:\/\/toidupakk.ee\/lt\/"},{"@type":"ListItem","position":2,"name":"Pardavimo s\u0105lygos"}]},{"@type":"WebSite","@id":"https:\/\/toidupakk.ee\/lt\/#website","url":"https:\/\/toidupakk.ee\/lt\/","name":"Toidupakk.ee - Tactical Foodpack toidupakid","description":"Tactical Foodpack k\u00fclmkuivatatud toidupakid ja matkaeined","publisher":{"@id":"https:\/\/toidupakk.ee\/lt\/#organization"},"potentialAction":[{"@type":"SearchAction","target":{"@type":"EntryPoint","urlTemplate":"https:\/\/toidupakk.ee\/lt\/?s={search_term_string}"},"query-input":{"@type":"PropertyValueSpecification","valueRequired":true,"valueName":"search_term_string"}}],"inLanguage":"lt-LT"},{"@type":"Organization","@id":"https:\/\/toidupakk.ee\/lt\/#organization","name":"Tactical Foodpack matkaeined","url":"https:\/\/toidupakk.ee\/lt\/","logo":{"@type":"ImageObject","inLanguage":"lt-LT","@id":"https:\/\/toidupakk.ee\/lt\/#\/schema\/logo\/image\/","url":"https:\/\/toidupakk.ee\/wp-content\/uploads\/2022\/01\/Toidupakk-matkapood-logo-transparent.png","contentUrl":"https:\/\/toidupakk.ee\/wp-content\/uploads\/2022\/01\/Toidupakk-matkapood-logo-transparent.png","width":500,"height":500,"caption":"Tactical Foodpack matkaeined"},"image":{"@id":"https:\/\/toidupakk.ee\/lt\/#\/schema\/logo\/image\/"},"sameAs":["https:\/\/www.facebook.com\/Toidupakk","https:\/\/www.instagram.com\/toidupakk\/"]}]}},"jetpack_sharing_enabled":true,"_links":{"self":[{"href":"https:\/\/toidupakk.ee\/lt\/wp-json\/wp\/v2\/pages\/45305","targetHints":{"allow":["GET"]}}],"collection":[{"href":"https:\/\/toidupakk.ee\/lt\/wp-json\/wp\/v2\/pages"}],"about":[{"href":"https:\/\/toidupakk.ee\/lt\/wp-json\/wp\/v2\/types\/page"}],"author":[{"embeddable":true,"href":"https:\/\/toidupakk.ee\/lt\/wp-json\/wp\/v2\/users\/1"}],"replies":[{"embeddable":true,"href":"https:\/\/toidupakk.ee\/lt\/wp-json\/wp\/v2\/comments?post=45305"}],"version-history":[{"count":3,"href":"https:\/\/toidupakk.ee\/lt\/wp-json\/wp\/v2\/pages\/45305\/revisions"}],"predecessor-version":[{"id":45310,"href":"https:\/\/toidupakk.ee\/lt\/wp-json\/wp\/v2\/pages\/45305\/revisions\/45310"}],"wp:attachment":[{"href":"https:\/\/toidupakk.ee\/lt\/wp-json\/wp\/v2\/media?parent=45305"}],"curies":[{"name":"wp","href":"https:\/\/api.w.org\/{rel}","templated":true}]}}