{"id":45301,"date":"2021-08-23T15:09:01","date_gmt":"2021-08-23T12:09:01","guid":{"rendered":"https:\/\/toidupakk.ee\/privatumo-politika\/"},"modified":"2026-02-18T15:25:49","modified_gmt":"2026-02-18T13:25:49","slug":"privatumo-politika","status":"publish","type":"page","link":"https:\/\/toidupakk.ee\/lt\/privatumo-politika\/","title":{"rendered":"Privatumo politika"},"content":{"rendered":"\t\t<div data-elementor-type=\"wp-page\" data-elementor-id=\"45301\" class=\"elementor elementor-45301 elementor-3\" data-elementor-post-type=\"page\">\n\t\t\t\t<div class=\"elementor-element elementor-element-79c41e0d e-flex e-con-boxed e-con e-parent\" data-id=\"79c41e0d\" data-element_type=\"container\" data-e-type=\"container\">\n\t\t\t\t\t<div class=\"e-con-inner\">\n\t\t\t\t<div class=\"elementor-element elementor-element-6f416fcc elementor-widget elementor-widget-text-editor\" data-id=\"6f416fcc\" data-element_type=\"widget\" data-e-type=\"widget\" data-widget_type=\"text-editor.default\">\n\t\t\t\t\t\t\t\t\t\n<h1>Privatumo politika<\/h1>\n\n<p>1. <strong>Bendrosios nuostatos<br><br><\/strong><\/p>\n\n<p>1.1. \u0160i privatumo politika reglamentuoja asmens duomen\u0173 rinkimo, tvarkymo ir saugojimo principus. Asmens duomenis renka, tvarko ir saugo duomen\u0173 valdytojas \u201eUnicorn Digital O\u00dc\u201c (toliau \u2013 duomen\u0173 tvarkytojas). <\/p>\n\n<p>1.2. Duomen\u0173 subjektas privatumo politikos prasme yra klientas ar kitas fizinis asmuo, kurio asmens duomenis tvarko duomen\u0173 tvarkytojas.<\/p>\n\n<p>1.3. Klientas privatumo politikos prasme yra kiekvienas asmuo, kuris perka prekes ar paslaugas duomen\u0173 tvarkytojo svetain\u0117je.<\/p>\n\n<p>1.4. Duomen\u0173 tvarkytojas laikosi teis\u0117s aktuose nustatyt\u0173 duomen\u0173 tvarkymo princip\u0173, be kita ko, asmens duomenis tvarko teis\u0117tai, s\u0105\u017einingai ir saugiai. Duomen\u0173 tvarkytojas gali patvirtinti, kad asmens duomenys buvo tvarkomi laikantis teis\u0117s akt\u0173 reikalavim\u0173. <\/p>\n<p> <\/p>\n\n<p><strong>2. Asmens duomen\u0173 rinkimas, tvarkymas ir saugojimas<\/strong><\/p>\n<p> <\/p>\n\n<p>2.1. Asmens duomenys, kuriuos duomen\u0173 tvarkytojas renka, tvarko ir saugo, yra surenkami elektroniniu b\u016bdu, daugiausia per interneto svetain\u0119 ir el. pa\u0161t\u0105.<\/p>\n\n<p>2.2. Dalindamasis savo asmens duomenimis, duomen\u0173 subjektas suteikia duomen\u0173 tvarkytojui teis\u0119 rinkti, organizuoti, naudoti ir valdyti privatumo politikoje nustatytais tikslais asmens duomenis, kuriais duomen\u0173 subjektas tiesiogiai ar netiesiogiai pasidalina su duomen\u0173 tvarkytoju pirkdamas prekes ar paslaugas svetain\u0117je.<\/p>\n\n<p>2.3. Duomen\u0173 subjektas atsako u\u017e tai, kad jo pateikti duomenys b\u016bt\u0173 tiksl\u016bs, teisingi ir i\u0161sam\u016bs. S\u0105moningas klaiding\u0173 duomen\u0173 pateikimas laikomas privatumo politikos pa\u017eeidimu. Duomen\u0173 subjektas privalo nedelsdamas informuoti duomen\u0173 tvarkytoj\u0105 apie pateikt\u0173 duomen\u0173 pasikeitim\u0105.  <\/p>\n\n<p>2.4. Duomen\u0173 tvarkytojas neatsako u\u017e \u017eal\u0105, padaryt\u0105 duomen\u0173 subjektui ar tre\u010diosioms \u0161alims d\u0117l to, kad duomen\u0173 subjektas pateik\u0117 klaidingus duomenis.<\/p>\n<p> <\/p>\n\n<p><strong>3. Klient\u0173 asmens duomen\u0173 tvarkymas<\/strong><\/p>\n<p> <\/p>\n\n<p>3.1. Duomen\u0173 tvarkytojas gali tvarkyti \u0161iuos duomen\u0173 subjekto asmens duomenis:<\/p>\n\n<p>3.1.1. Vardas ir pavard\u0117;<\/p>\n\n<p>3.1.2. Gimimo data;<\/p>\n\n<p>3.1.3. Telefono numeris;<\/p>\n\n<p>3.1.4. El. pa\u0161to adresas;<\/p>\n\n<p>3.1.5. Pristatymo adresas;<\/p>\n\n<p>3.1.6. Atsiskaitomosios s\u0105skaitos numeris;<\/p>\n\n<p>3.1.7. Mok\u0117jimo kortel\u0117s duomenys;<\/p>\n\n<p>3.2. Be to, kas i\u0161vardyta auk\u0161\u010diau, duomen\u0173 tvarkytojas turi teis\u0119 rinkti duomenis apie klient\u0105, kurie yra prieinami vie\u0161uosiuose registruose.<\/p>\n\n<p>3.3. Teisinis asmens duomen\u0173 tvarkymo pagrindas yra Bendrojo duomen\u0173 apsaugos reglamento 6 straipsnio 1 dalies a, b, c ir f punktai:   <\/p>\n\n<p>a) duomen\u0173 subjektas dav\u0117 sutikim\u0105, kad jo asmens duomenys b\u016bt\u0173 tvarkomi vienu ar keliais konkre\u010diais tikslais;<\/p>\n\n<p>b) tvarkyti duomenis b\u016btina siekiant \u012fvykdyti sutart\u012f, kurios \u0161alis yra duomen\u0173 subjektas, arba siekiant imtis veiksm\u0173 duomen\u0173 subjekto pra\u0161ymu prie\u0161 sudarant sutart\u012f;<\/p>\n\n<p>c) tvarkyti duomenis b\u016btina, kad b\u016bt\u0173 \u012fvykdyta duomen\u0173 valdytojui taikoma teisin\u0117 prievol\u0117;<\/p>\n\n<p>f) tvarkyti duomenis b\u016btina siekiant teis\u0117t\u0173 duomen\u0173 valdytojo arba tre\u010diosios \u0161alies interes\u0173, i\u0161skyrus atvejus, kai tokie duomen\u0173 subjekto interesai arba pagrindin\u0117s teis\u0117s ir laisv\u0117s, kurioms reikalinga asmens duomen\u0173 apsauga, yra u\u017e juos vir\u0161esni, ypa\u010d kai duomen\u0173 subjektas yra vaikas.<\/p>\n\n<p>3.4. Asmens duomen\u0173 tvarkymas pagal tvarkymo tiksl\u0105:<\/p>\n\n<p>3.4.1. Tvarkymo tikslas \u2013 saugumas ir u\u017etikrinimas<\/p>\n\n<p>Maksimalus asmens duomen\u0173 saugojimo laikas \u2013 pagal \u012fstatymuose nustatytus terminus<\/p>\n\n<p>3.4.2. Tvarkymo tikslas \u2013 u\u017esakymo apdorojimas<\/p>\n\n<p>Maksimalus asmens duomen\u0173 saugojimo laikas \u2013 7 metai<\/p>\n\n<p>3.4.3. Tvarkymo tikslas \u2013 el. parduotuv\u0117s paslaug\u0173 veikimo u\u017etikrinimas<\/p>\n\n<p>Maksimalus asmens duomen\u0173 saugojimo laikas \u2013 7 metai<\/p>\n\n<p>3.4.4. Tvarkymo tikslas \u2013 klient\u0173 valdymas<\/p>\n\n<p>Maksimalus asmens duomen\u0173 saugojimo laikas \u2013 7 metai<\/p>\n\n<p>3.4.5. Tvarkymo tikslas \u2013 finansin\u0117 veikla, buhalterin\u0117 apskaita<\/p>\n\n<p>Maksimalus asmens duomen\u0173 saugojimo laikas \u2013 7 metai<\/p>\n\n<p>3.4.6. Tvarkymo tikslas \u2013 rinkodara<\/p>\n\n<p>Maksimalus asmens duomen\u0173 saugojimo laikas \u2013 7 metai<\/p>\n\n<p>3.5. Duomen\u0173 tvarkytojas turi teis\u0119 dalintis klient\u0173 asmens duomenimis su tre\u010diaisiais asmenimis, pavyzd\u017eiui, \u012fgaliotaisiais duomen\u0173 tvarkytojais, buhalteriais, transporto ir kurjeri\u0173 \u012fmon\u0117mis, pervedimo paslaugas teikian\u010diomis \u012fmon\u0117mis. Duomen\u0173 tvarkytojas yra asmens duomen\u0173 valdytojas. Duomen\u0173 tvarkytojas perduoda mok\u0117jimams vykdyti b\u016btinus asmens duomenis \u012fgaliotajam tvarkytojui \u201eMaksekeskus AS\u201c. <\/p>\n\n<p>3.6. Tvarkydamas ir saugodamas duomen\u0173 subjekto asmens duomenis, duomen\u0173 tvarkytojas \u012fgyvendina organizacines ir technines priemones, kurios u\u017etikrina asmens duomen\u0173 apsaug\u0105 nuo atsitiktinio ar neteis\u0117to sunaikinimo, pakeitimo, atskleidimo ir bet kokio kito neteis\u0117to tvarkymo.<\/p>\n\n<p>3.7. Duomen\u0173 tvarkytojas saugo duomen\u0173 subjekt\u0173 duomenis priklausomai nuo tvarkymo tikslo, bet ne ilgiau kaip 7 metus.<\/p>\n<p> <\/p>\n\n<p><strong>4. Duomen\u0173 subjekto teis\u0117s<\/strong><\/p>\n<p> <\/p>\n\n<p>4.1. Duomen\u0173 subjektas turi teis\u0119 gauti prieig\u0105 prie savo asmens duomen\u0173 ir su jais susipa\u017einti.<\/p>\n\n<p>4.2. Duomen\u0173 subjektas turi teis\u0119 gauti informacij\u0105 apie jo asmens duomen\u0173 tvarkym\u0105.<\/p>\n\n<p>4.3. Duomen\u0173 subjektas turi teis\u0119 papildyti arba i\u0161taisyti netikslius duomenis.<\/p>\n\n<p>4.4. Jei duomen\u0173 tvarkytojas tvarko duomen\u0173 subjekto asmens duomenis remdamasis duomen\u0173 subjekto sutikimu, duomen\u0173 subjektas turi teis\u0119 bet kuriuo metu at\u0161aukti sutikim\u0105.<\/p>\n\n<p>4.5. Siekdamas pasinaudoti savo teis\u0117mis, duomen\u0173 subjektas gali kreiptis \u012f el. parduotuv\u0117s klient\u0173 aptarnavimo skyri\u0173 adresu tellimus@toidupakk.ee<\/p>\n\n<p>4.6. Siekdamas apginti savo teises, duomen\u0173 subjektas gali pateikti skund\u0105 Duomen\u0173 apsaugos inspekcijai.<\/p>\n<p> <\/p>\n\n<p><strong>5. Baigiamosios nuostatos<\/strong><\/p>\n<p> <\/p>\n\n<p>5.1. \u0160ios duomen\u0173 apsaugos s\u0105lygos parengtos vadovaujantis Europos Parlamento ir Tarybos reglamentu (ES) Nr. 2016\/679 d\u0117l fizini\u0173 asmen\u0173 apsaugos tvarkant asmens duomenis ir d\u0117l laisvo toki\u0173 duomen\u0173 jud\u0117jimo ir kuriuo panaikinama Direktyva 95\/46\/EB (Bendrasis duomen\u0173 apsaugos reglamentas), Estijos Respublikos asmens duomen\u0173 apsaugos \u012fstatymu bei Estijos Respublikos ir Europos S\u0105jungos teis\u0117s aktais.<\/p>\n\n<p>5.2. Duomen\u0173 tvarkytojas turi teis\u0119 i\u0161 dalies arba visi\u0161kai pakeisti duomen\u0173 apsaugos s\u0105lygas, apie pakeitimus informuodamas duomen\u0173 subjektus per svetain\u0119 toidupakk.ee.<\/p>\n\t\t\t\t\t\t\t\t<\/div>\n\t\t\t\t\t<\/div>\n\t\t\t\t<\/div>\n\t\t\t\t<\/div>\n\t\t","protected":false},"excerpt":{"rendered":"<p>Privatumo politika 1. Bendrosios nuostatos 1.1. \u0160i privatumo politika reglamentuoja asmens duomen\u0173 rinkimo, tvarkymo ir saugojimo principus. Asmens duomenis renka, tvarko ir saugo duomen\u0173 valdytojas \u201eUnicorn Digital O\u00dc\u201c (toliau \u2013 duomen\u0173 tvarkytojas). 1.2. Duomen\u0173 subjektas privatumo politikos prasme yra klientas ar kitas fizinis asmuo, kurio asmens duomenis tvarko duomen\u0173 tvarkytojas. 1.3. Klientas privatumo politikos prasme [&hellip;]<\/p>\n","protected":false},"author":1,"featured_media":0,"parent":0,"menu_order":0,"comment_status":"closed","ping_status":"closed","template":"","meta":{"_acf_changed":false,"footnotes":""},"class_list":["post-45301","page","type-page","status-publish","hentry"],"acf":[],"yoast_head":"<!-- This site is optimized with the Yoast SEO plugin v27.3 - https:\/\/yoast.com\/product\/yoast-seo-wordpress\/ -->\n<title>Privatumo politika - Toidupakk.ee - Tactical Foodpack toidupakid<\/title>\n<meta name=\"robots\" content=\"index, follow, max-snippet:-1, max-image-preview:large, max-video-preview:-1\" \/>\n<link rel=\"canonical\" href=\"https:\/\/toidupakk.ee\/lt\/privatumo-politika\/\" \/>\n<meta property=\"og:locale\" content=\"lt_LT\" \/>\n<meta property=\"og:type\" content=\"article\" \/>\n<meta property=\"og:title\" content=\"Privatumo politika - Toidupakk.ee - Tactical Foodpack toidupakid\" \/>\n<meta property=\"og:description\" content=\"Privatumo politika 1. Bendrosios nuostatos 1.1. \u0160i privatumo politika reglamentuoja asmens duomen\u0173 rinkimo, tvarkymo ir saugojimo principus. Asmens duomenis renka, tvarko ir saugo duomen\u0173 valdytojas \u201eUnicorn Digital O\u00dc\u201c (toliau \u2013 duomen\u0173 tvarkytojas). 1.2. Duomen\u0173 subjektas privatumo politikos prasme yra klientas ar kitas fizinis asmuo, kurio asmens duomenis tvarko duomen\u0173 tvarkytojas. 1.3. Klientas privatumo politikos prasme [&hellip;]\" \/>\n<meta property=\"og:url\" content=\"https:\/\/toidupakk.ee\/lt\/privatumo-politika\/\" \/>\n<meta property=\"og:site_name\" content=\"Toidupakk.ee - Tactical Foodpack toidupakid\" \/>\n<meta property=\"article:publisher\" content=\"https:\/\/www.facebook.com\/Toidupakk\" \/>\n<meta property=\"article:modified_time\" content=\"2026-02-18T13:25:49+00:00\" \/>\n<meta property=\"og:image\" content=\"https:\/\/toidupakk.ee\/wp-content\/uploads\/2026\/02\/Toidupakk-ee-MatkaPRO-matkatoidud-matkavarustus.jpg\" \/>\n\t<meta property=\"og:image:width\" content=\"1200\" \/>\n\t<meta property=\"og:image:height\" content=\"675\" \/>\n\t<meta property=\"og:image:type\" content=\"image\/jpeg\" \/>\n<meta name=\"twitter:card\" content=\"summary_large_image\" \/>\n<meta name=\"twitter:label1\" content=\"Est. reading time\" \/>\n\t<meta name=\"twitter:data1\" content=\"4 minut\u0117s\" \/>\n<script type=\"application\/ld+json\" class=\"yoast-schema-graph\">{\"@context\":\"https:\\\/\\\/schema.org\",\"@graph\":[{\"@type\":\"WebPage\",\"@id\":\"https:\\\/\\\/toidupakk.ee\\\/lt\\\/privatumo-politika\\\/\",\"url\":\"https:\\\/\\\/toidupakk.ee\\\/lt\\\/privatumo-politika\\\/\",\"name\":\"Privatumo politika - Toidupakk.ee - Tactical Foodpack toidupakid\",\"isPartOf\":{\"@id\":\"https:\\\/\\\/toidupakk.ee\\\/lt\\\/#website\"},\"datePublished\":\"2021-08-23T12:09:01+00:00\",\"dateModified\":\"2026-02-18T13:25:49+00:00\",\"breadcrumb\":{\"@id\":\"https:\\\/\\\/toidupakk.ee\\\/lt\\\/privatumo-politika\\\/#breadcrumb\"},\"inLanguage\":\"lt-LT\",\"potentialAction\":[{\"@type\":\"ReadAction\",\"target\":[\"https:\\\/\\\/toidupakk.ee\\\/lt\\\/privatumo-politika\\\/\"]}]},{\"@type\":\"BreadcrumbList\",\"@id\":\"https:\\\/\\\/toidupakk.ee\\\/lt\\\/privatumo-politika\\\/#breadcrumb\",\"itemListElement\":[{\"@type\":\"ListItem\",\"position\":1,\"name\":\"Avaleht\",\"item\":\"https:\\\/\\\/toidupakk.ee\\\/lt\\\/\"},{\"@type\":\"ListItem\",\"position\":2,\"name\":\"Privatumo politika\"}]},{\"@type\":\"WebSite\",\"@id\":\"https:\\\/\\\/toidupakk.ee\\\/lt\\\/#website\",\"url\":\"https:\\\/\\\/toidupakk.ee\\\/lt\\\/\",\"name\":\"Toidupakk.ee - Tactical Foodpack toidupakid\",\"description\":\"Tactical Foodpack k\u00fclmkuivatatud toidupakid ja matkaeined\",\"publisher\":{\"@id\":\"https:\\\/\\\/toidupakk.ee\\\/lt\\\/#organization\"},\"potentialAction\":[{\"@type\":\"SearchAction\",\"target\":{\"@type\":\"EntryPoint\",\"urlTemplate\":\"https:\\\/\\\/toidupakk.ee\\\/lt\\\/?s={search_term_string}\"},\"query-input\":{\"@type\":\"PropertyValueSpecification\",\"valueRequired\":true,\"valueName\":\"search_term_string\"}}],\"inLanguage\":\"lt-LT\"},{\"@type\":\"Organization\",\"@id\":\"https:\\\/\\\/toidupakk.ee\\\/lt\\\/#organization\",\"name\":\"Tactical Foodpack matkaeined\",\"url\":\"https:\\\/\\\/toidupakk.ee\\\/lt\\\/\",\"logo\":{\"@type\":\"ImageObject\",\"inLanguage\":\"lt-LT\",\"@id\":\"https:\\\/\\\/toidupakk.ee\\\/lt\\\/#\\\/schema\\\/logo\\\/image\\\/\",\"url\":\"https:\\\/\\\/toidupakk.ee\\\/wp-content\\\/uploads\\\/2022\\\/01\\\/Toidupakk-matkapood-logo-transparent.png\",\"contentUrl\":\"https:\\\/\\\/toidupakk.ee\\\/wp-content\\\/uploads\\\/2022\\\/01\\\/Toidupakk-matkapood-logo-transparent.png\",\"width\":500,\"height\":500,\"caption\":\"Tactical Foodpack matkaeined\"},\"image\":{\"@id\":\"https:\\\/\\\/toidupakk.ee\\\/lt\\\/#\\\/schema\\\/logo\\\/image\\\/\"},\"sameAs\":[\"https:\\\/\\\/www.facebook.com\\\/Toidupakk\",\"https:\\\/\\\/www.instagram.com\\\/toidupakk\\\/\"]}]}<\/script>\n<!-- \/ Yoast SEO plugin. -->","yoast_head_json":{"title":"Privatumo politika - Toidupakk.ee - Tactical Foodpack toidupakid","robots":{"index":"index","follow":"follow","max-snippet":"max-snippet:-1","max-image-preview":"max-image-preview:large","max-video-preview":"max-video-preview:-1"},"canonical":"https:\/\/toidupakk.ee\/lt\/privatumo-politika\/","og_locale":"lt_LT","og_type":"article","og_title":"Privatumo politika - Toidupakk.ee - Tactical Foodpack toidupakid","og_description":"Privatumo politika 1. Bendrosios nuostatos 1.1. \u0160i privatumo politika reglamentuoja asmens duomen\u0173 rinkimo, tvarkymo ir saugojimo principus. Asmens duomenis renka, tvarko ir saugo duomen\u0173 valdytojas \u201eUnicorn Digital O\u00dc\u201c (toliau \u2013 duomen\u0173 tvarkytojas). 1.2. Duomen\u0173 subjektas privatumo politikos prasme yra klientas ar kitas fizinis asmuo, kurio asmens duomenis tvarko duomen\u0173 tvarkytojas. 1.3. Klientas privatumo politikos prasme [&hellip;]","og_url":"https:\/\/toidupakk.ee\/lt\/privatumo-politika\/","og_site_name":"Toidupakk.ee - Tactical Foodpack toidupakid","article_publisher":"https:\/\/www.facebook.com\/Toidupakk","article_modified_time":"2026-02-18T13:25:49+00:00","og_image":[{"width":1200,"height":675,"url":"https:\/\/toidupakk.ee\/wp-content\/uploads\/2026\/02\/Toidupakk-ee-MatkaPRO-matkatoidud-matkavarustus.jpg","type":"image\/jpeg"}],"twitter_card":"summary_large_image","twitter_misc":{"Est. reading time":"4 minut\u0117s"},"schema":{"@context":"https:\/\/schema.org","@graph":[{"@type":"WebPage","@id":"https:\/\/toidupakk.ee\/lt\/privatumo-politika\/","url":"https:\/\/toidupakk.ee\/lt\/privatumo-politika\/","name":"Privatumo politika - Toidupakk.ee - Tactical Foodpack toidupakid","isPartOf":{"@id":"https:\/\/toidupakk.ee\/lt\/#website"},"datePublished":"2021-08-23T12:09:01+00:00","dateModified":"2026-02-18T13:25:49+00:00","breadcrumb":{"@id":"https:\/\/toidupakk.ee\/lt\/privatumo-politika\/#breadcrumb"},"inLanguage":"lt-LT","potentialAction":[{"@type":"ReadAction","target":["https:\/\/toidupakk.ee\/lt\/privatumo-politika\/"]}]},{"@type":"BreadcrumbList","@id":"https:\/\/toidupakk.ee\/lt\/privatumo-politika\/#breadcrumb","itemListElement":[{"@type":"ListItem","position":1,"name":"Avaleht","item":"https:\/\/toidupakk.ee\/lt\/"},{"@type":"ListItem","position":2,"name":"Privatumo politika"}]},{"@type":"WebSite","@id":"https:\/\/toidupakk.ee\/lt\/#website","url":"https:\/\/toidupakk.ee\/lt\/","name":"Toidupakk.ee - Tactical Foodpack toidupakid","description":"Tactical Foodpack k\u00fclmkuivatatud toidupakid ja matkaeined","publisher":{"@id":"https:\/\/toidupakk.ee\/lt\/#organization"},"potentialAction":[{"@type":"SearchAction","target":{"@type":"EntryPoint","urlTemplate":"https:\/\/toidupakk.ee\/lt\/?s={search_term_string}"},"query-input":{"@type":"PropertyValueSpecification","valueRequired":true,"valueName":"search_term_string"}}],"inLanguage":"lt-LT"},{"@type":"Organization","@id":"https:\/\/toidupakk.ee\/lt\/#organization","name":"Tactical Foodpack matkaeined","url":"https:\/\/toidupakk.ee\/lt\/","logo":{"@type":"ImageObject","inLanguage":"lt-LT","@id":"https:\/\/toidupakk.ee\/lt\/#\/schema\/logo\/image\/","url":"https:\/\/toidupakk.ee\/wp-content\/uploads\/2022\/01\/Toidupakk-matkapood-logo-transparent.png","contentUrl":"https:\/\/toidupakk.ee\/wp-content\/uploads\/2022\/01\/Toidupakk-matkapood-logo-transparent.png","width":500,"height":500,"caption":"Tactical Foodpack matkaeined"},"image":{"@id":"https:\/\/toidupakk.ee\/lt\/#\/schema\/logo\/image\/"},"sameAs":["https:\/\/www.facebook.com\/Toidupakk","https:\/\/www.instagram.com\/toidupakk\/"]}]}},"jetpack_sharing_enabled":true,"_links":{"self":[{"href":"https:\/\/toidupakk.ee\/lt\/wp-json\/wp\/v2\/pages\/45301","targetHints":{"allow":["GET"]}}],"collection":[{"href":"https:\/\/toidupakk.ee\/lt\/wp-json\/wp\/v2\/pages"}],"about":[{"href":"https:\/\/toidupakk.ee\/lt\/wp-json\/wp\/v2\/types\/page"}],"author":[{"embeddable":true,"href":"https:\/\/toidupakk.ee\/lt\/wp-json\/wp\/v2\/users\/1"}],"replies":[{"embeddable":true,"href":"https:\/\/toidupakk.ee\/lt\/wp-json\/wp\/v2\/comments?post=45301"}],"version-history":[{"count":5,"href":"https:\/\/toidupakk.ee\/lt\/wp-json\/wp\/v2\/pages\/45301\/revisions"}],"predecessor-version":[{"id":45308,"href":"https:\/\/toidupakk.ee\/lt\/wp-json\/wp\/v2\/pages\/45301\/revisions\/45308"}],"wp:attachment":[{"href":"https:\/\/toidupakk.ee\/lt\/wp-json\/wp\/v2\/media?parent=45301"}],"curies":[{"name":"wp","href":"https:\/\/api.w.org\/{rel}","templated":true}]}}