{"id":45254,"date":"2021-09-15T14:45:46","date_gmt":"2021-09-15T11:45:46","guid":{"rendered":"https:\/\/toidupakk.ee\/slapukai\/"},"modified":"2026-02-18T15:25:05","modified_gmt":"2026-02-18T13:25:05","slug":"slapukai","status":"publish","type":"page","link":"https:\/\/toidupakk.ee\/lt\/slapukai\/","title":{"rendered":"Slapukai"},"content":{"rendered":"\t\t<div data-elementor-type=\"wp-page\" data-elementor-id=\"45254\" class=\"elementor elementor-45254 elementor-200\" data-elementor-post-type=\"page\">\n\t\t\t\t<div class=\"elementor-element elementor-element-5679078a e-flex e-con-boxed e-con e-parent\" data-id=\"5679078a\" data-element_type=\"container\" data-e-type=\"container\">\n\t\t\t\t\t<div class=\"e-con-inner\">\n\t\t\t\t<div class=\"elementor-element elementor-element-3a911fd3 elementor-widget elementor-widget-text-editor\" data-id=\"3a911fd3\" data-element_type=\"widget\" data-e-type=\"widget\" data-widget_type=\"text-editor.default\">\n\t\t\t\t\t\t\t\t\t\n<h3><strong>Kas yra slapukai?<\/strong><\/h3>\n\n\n\n<p>Slapukas yra failas, \u012fra\u0161omas \u012f tavo kompiuter\u012f ar \u012frengin\u012f apsilankius svetain\u0117je, kuris \u012fsimena tavo veiksmus ir parinktis (prisijungim\u0105, kalbos pasirinkim\u0105 ir kt.), kad lankantis svetain\u0117je pakartotinai tau nereik\u0117t\u0173 j\u0173 \u012fvesti i\u0161 naujo.<\/p>\n\n\n\n<p><strong>Slapuk\u0173 tipai<\/strong><\/p>\n\n\n\n<ul><li><strong>Techniniai slapukai <\/strong>u\u017etikrina svetain\u0117s veikim\u0105, be j\u0173 negalima naudotis svarbiomis svetain\u0117s dalimis.<\/li><li><strong>Funkciniai slapukai <\/strong>leid\u017eia pasi\u016blyti specialias funkcijas ir personalizuoti svetain\u0119.<\/li><li><strong>Analitiniai slapukai <\/strong>renka nuasmenint\u0105 informacij\u0105 apie svetain\u0117s lankytojus ir naudojim\u0105si svetaine, kad b\u016bt\u0173 galima i\u0161matuoti ir pagerinti svetain\u0117s veikim\u0105.<\/li><li><strong>Reklaminiai arba rinkodaros slapukai<\/strong> padeda lankytojui rodyti kuo aktualesn\u0119 reklam\u0105, matuoti reklamos kampanij\u0173 poveik\u012f ir kurti profil\u012f, pagal kur\u012f b\u016bt\u0173 rodoma interesams pritaikyta reklama kitose svetain\u0117se. Informacija renkama nuasmeninta forma.<\/li><\/ul>\n\n\n\n<h3><strong>Slapuk\u0173 valdymas, ribojimas arba pa\u0161alinimas i\u0161 \u012frenginio<\/strong><\/h3>\n\n\n\n<p>Slapukus galima u\u017eblokuoti nar\u0161ykl\u0117je aktyvavus nustatymus, kurie draud\u017eia vis\u0173 ar dalies slapuk\u0173 \u012fra\u0161ym\u0105. Atkreipk d\u0117mes\u012f, kad slapuk\u0173 ribojimas \u0161ioje svetain\u0117je gali \u0161iek tiek ar labiau paveikti kai kurias funkcijas. Nepaisant to, el. parduotuv\u0117je vis tiek galima u\u017esisakyti preki\u0173 ir u\u017ebaigti pirkim\u0105. Daugiau informacijos apie slapukus, j\u0173 valdym\u0105 ir trynim\u0105 rasi adresuose&nbsp;<a rel=\"noreferrer noopener\" href=\"http:\/\/www.allaboutcookies.org\/\" target=\"_blank\">www.allaboutcookies.org<\/a> ir&nbsp;<a rel=\"noreferrer noopener\" href=\"http:\/\/www.youronlinechoices.com\/\" target=\"_blank\">www.youronlinechoices.com<\/a> bei savo nar\u0161ykl\u0117s skiltyje \u201ePagalba\u201c.<\/p>\n\n\n\n<h3><strong>Slapuk\u0173 politikos pakeitimai<\/strong><\/h3>\n\n\n\n<p>Pasiliekame teis\u0119 keisti \u0161i\u0105 slapuk\u0173 politik\u0105. Pakeist\u0105 politik\u0105 paskelbsime savo svetain\u0117je ir, jei reik\u0117s, nar\u0161ykl\u0117je parodysime atitinkam\u0105 prane\u0161im\u0105. Kilus klausimams, <a href=\"mailto:tellimus@toidupakk.ee\">susisiek su mumis.<\/a><\/p>\n\t\t\t\t\t\t\t\t<\/div>\n\t\t\t\t\t<\/div>\n\t\t\t\t<\/div>\n\t\t\t\t<\/div>\n\t\t","protected":false},"excerpt":{"rendered":"<p>Kas yra slapukai? Slapukas yra failas, \u012fra\u0161omas \u012f tavo kompiuter\u012f ar \u012frengin\u012f apsilankius svetain\u0117je, kuris \u012fsimena tavo veiksmus ir parinktis (prisijungim\u0105, kalbos pasirinkim\u0105 ir kt.), kad lankantis svetain\u0117je pakartotinai tau nereik\u0117t\u0173 j\u0173 \u012fvesti i\u0161 naujo. Slapuk\u0173 tipai Techniniai slapukai u\u017etikrina svetain\u0117s veikim\u0105, be j\u0173 negalima naudotis svarbiomis svetain\u0117s dalimis. Funkciniai slapukai leid\u017eia pasi\u016blyti specialias funkcijas [&hellip;]<\/p>\n","protected":false},"author":1,"featured_media":0,"parent":0,"menu_order":0,"comment_status":"closed","ping_status":"closed","template":"","meta":{"_acf_changed":false,"footnotes":""},"class_list":["post-45254","page","type-page","status-publish","hentry"],"acf":[],"yoast_head":"<!-- This site is optimized with the Yoast SEO plugin v27.1.1 - https:\/\/yoast.com\/product\/yoast-seo-wordpress\/ -->\n<title>Slapukai - Toidupakk.ee - Tactical Foodpack toidupakid<\/title>\n<meta name=\"robots\" content=\"index, follow, max-snippet:-1, max-image-preview:large, max-video-preview:-1\" \/>\n<link rel=\"canonical\" href=\"https:\/\/toidupakk.ee\/lt\/slapukai\/\" \/>\n<meta property=\"og:locale\" content=\"lt_LT\" \/>\n<meta property=\"og:type\" content=\"article\" \/>\n<meta property=\"og:title\" content=\"Slapukai - Toidupakk.ee - Tactical Foodpack toidupakid\" \/>\n<meta property=\"og:description\" content=\"Kas yra slapukai? Slapukas yra failas, \u012fra\u0161omas \u012f tavo kompiuter\u012f ar \u012frengin\u012f apsilankius svetain\u0117je, kuris \u012fsimena tavo veiksmus ir parinktis (prisijungim\u0105, kalbos pasirinkim\u0105 ir kt.), kad lankantis svetain\u0117je pakartotinai tau nereik\u0117t\u0173 j\u0173 \u012fvesti i\u0161 naujo. Slapuk\u0173 tipai Techniniai slapukai u\u017etikrina svetain\u0117s veikim\u0105, be j\u0173 negalima naudotis svarbiomis svetain\u0117s dalimis. Funkciniai slapukai leid\u017eia pasi\u016blyti specialias funkcijas [&hellip;]\" \/>\n<meta property=\"og:url\" content=\"https:\/\/toidupakk.ee\/lt\/slapukai\/\" \/>\n<meta property=\"og:site_name\" content=\"Toidupakk.ee - Tactical Foodpack toidupakid\" \/>\n<meta property=\"article:publisher\" content=\"https:\/\/www.facebook.com\/Toidupakk\" \/>\n<meta property=\"article:modified_time\" content=\"2026-02-18T13:25:05+00:00\" \/>\n<meta property=\"og:image\" content=\"https:\/\/toidupakk.ee\/wp-content\/uploads\/2026\/02\/Toidupakk-ee-MatkaPRO-matkatoidud-matkavarustus.jpg\" \/>\n\t<meta property=\"og:image:width\" content=\"1200\" \/>\n\t<meta property=\"og:image:height\" content=\"675\" \/>\n\t<meta property=\"og:image:type\" content=\"image\/jpeg\" \/>\n<meta name=\"twitter:card\" content=\"summary_large_image\" \/>\n<meta name=\"twitter:label1\" content=\"Est. reading time\" \/>\n\t<meta name=\"twitter:data1\" content=\"1 minut\u0117\" \/>\n<script type=\"application\/ld+json\" class=\"yoast-schema-graph\">{\"@context\":\"https:\/\/schema.org\",\"@graph\":[{\"@type\":\"WebPage\",\"@id\":\"https:\/\/toidupakk.ee\/lt\/slapukai\/\",\"url\":\"https:\/\/toidupakk.ee\/lt\/slapukai\/\",\"name\":\"Slapukai - Toidupakk.ee - Tactical Foodpack toidupakid\",\"isPartOf\":{\"@id\":\"https:\/\/toidupakk.ee\/lt\/#website\"},\"datePublished\":\"2021-09-15T11:45:46+00:00\",\"dateModified\":\"2026-02-18T13:25:05+00:00\",\"breadcrumb\":{\"@id\":\"https:\/\/toidupakk.ee\/lt\/slapukai\/#breadcrumb\"},\"inLanguage\":\"lt-LT\",\"potentialAction\":[{\"@type\":\"ReadAction\",\"target\":[\"https:\/\/toidupakk.ee\/lt\/slapukai\/\"]}]},{\"@type\":\"BreadcrumbList\",\"@id\":\"https:\/\/toidupakk.ee\/lt\/slapukai\/#breadcrumb\",\"itemListElement\":[{\"@type\":\"ListItem\",\"position\":1,\"name\":\"Avaleht\",\"item\":\"https:\/\/toidupakk.ee\/lt\/\"},{\"@type\":\"ListItem\",\"position\":2,\"name\":\"Slapukai\"}]},{\"@type\":\"WebSite\",\"@id\":\"https:\/\/toidupakk.ee\/lt\/#website\",\"url\":\"https:\/\/toidupakk.ee\/lt\/\",\"name\":\"Toidupakk.ee - Tactical Foodpack toidupakid\",\"description\":\"Tactical Foodpack k\u00fclmkuivatatud toidupakid ja matkaeined\",\"publisher\":{\"@id\":\"https:\/\/toidupakk.ee\/lt\/#organization\"},\"potentialAction\":[{\"@type\":\"SearchAction\",\"target\":{\"@type\":\"EntryPoint\",\"urlTemplate\":\"https:\/\/toidupakk.ee\/lt\/?s={search_term_string}\"},\"query-input\":{\"@type\":\"PropertyValueSpecification\",\"valueRequired\":true,\"valueName\":\"search_term_string\"}}],\"inLanguage\":\"lt-LT\"},{\"@type\":\"Organization\",\"@id\":\"https:\/\/toidupakk.ee\/lt\/#organization\",\"name\":\"Tactical Foodpack matkaeined\",\"url\":\"https:\/\/toidupakk.ee\/lt\/\",\"logo\":{\"@type\":\"ImageObject\",\"inLanguage\":\"lt-LT\",\"@id\":\"https:\/\/toidupakk.ee\/lt\/#\/schema\/logo\/image\/\",\"url\":\"https:\/\/toidupakk.ee\/wp-content\/uploads\/2022\/01\/Toidupakk-matkapood-logo-transparent.png\",\"contentUrl\":\"https:\/\/toidupakk.ee\/wp-content\/uploads\/2022\/01\/Toidupakk-matkapood-logo-transparent.png\",\"width\":500,\"height\":500,\"caption\":\"Tactical Foodpack matkaeined\"},\"image\":{\"@id\":\"https:\/\/toidupakk.ee\/lt\/#\/schema\/logo\/image\/\"},\"sameAs\":[\"https:\/\/www.facebook.com\/Toidupakk\",\"https:\/\/www.instagram.com\/toidupakk\/\"]}]}<\/script>\n<!-- \/ Yoast SEO plugin. -->","yoast_head_json":{"title":"Slapukai - Toidupakk.ee - Tactical Foodpack toidupakid","robots":{"index":"index","follow":"follow","max-snippet":"max-snippet:-1","max-image-preview":"max-image-preview:large","max-video-preview":"max-video-preview:-1"},"canonical":"https:\/\/toidupakk.ee\/lt\/slapukai\/","og_locale":"lt_LT","og_type":"article","og_title":"Slapukai - Toidupakk.ee - Tactical Foodpack toidupakid","og_description":"Kas yra slapukai? Slapukas yra failas, \u012fra\u0161omas \u012f tavo kompiuter\u012f ar \u012frengin\u012f apsilankius svetain\u0117je, kuris \u012fsimena tavo veiksmus ir parinktis (prisijungim\u0105, kalbos pasirinkim\u0105 ir kt.), kad lankantis svetain\u0117je pakartotinai tau nereik\u0117t\u0173 j\u0173 \u012fvesti i\u0161 naujo. Slapuk\u0173 tipai Techniniai slapukai u\u017etikrina svetain\u0117s veikim\u0105, be j\u0173 negalima naudotis svarbiomis svetain\u0117s dalimis. Funkciniai slapukai leid\u017eia pasi\u016blyti specialias funkcijas [&hellip;]","og_url":"https:\/\/toidupakk.ee\/lt\/slapukai\/","og_site_name":"Toidupakk.ee - Tactical Foodpack toidupakid","article_publisher":"https:\/\/www.facebook.com\/Toidupakk","article_modified_time":"2026-02-18T13:25:05+00:00","og_image":[{"width":1200,"height":675,"url":"https:\/\/toidupakk.ee\/wp-content\/uploads\/2026\/02\/Toidupakk-ee-MatkaPRO-matkatoidud-matkavarustus.jpg","type":"image\/jpeg"}],"twitter_card":"summary_large_image","twitter_misc":{"Est. reading time":"1 minut\u0117"},"schema":{"@context":"https:\/\/schema.org","@graph":[{"@type":"WebPage","@id":"https:\/\/toidupakk.ee\/lt\/slapukai\/","url":"https:\/\/toidupakk.ee\/lt\/slapukai\/","name":"Slapukai - Toidupakk.ee - Tactical Foodpack toidupakid","isPartOf":{"@id":"https:\/\/toidupakk.ee\/lt\/#website"},"datePublished":"2021-09-15T11:45:46+00:00","dateModified":"2026-02-18T13:25:05+00:00","breadcrumb":{"@id":"https:\/\/toidupakk.ee\/lt\/slapukai\/#breadcrumb"},"inLanguage":"lt-LT","potentialAction":[{"@type":"ReadAction","target":["https:\/\/toidupakk.ee\/lt\/slapukai\/"]}]},{"@type":"BreadcrumbList","@id":"https:\/\/toidupakk.ee\/lt\/slapukai\/#breadcrumb","itemListElement":[{"@type":"ListItem","position":1,"name":"Avaleht","item":"https:\/\/toidupakk.ee\/lt\/"},{"@type":"ListItem","position":2,"name":"Slapukai"}]},{"@type":"WebSite","@id":"https:\/\/toidupakk.ee\/lt\/#website","url":"https:\/\/toidupakk.ee\/lt\/","name":"Toidupakk.ee - Tactical Foodpack toidupakid","description":"Tactical Foodpack k\u00fclmkuivatatud toidupakid ja matkaeined","publisher":{"@id":"https:\/\/toidupakk.ee\/lt\/#organization"},"potentialAction":[{"@type":"SearchAction","target":{"@type":"EntryPoint","urlTemplate":"https:\/\/toidupakk.ee\/lt\/?s={search_term_string}"},"query-input":{"@type":"PropertyValueSpecification","valueRequired":true,"valueName":"search_term_string"}}],"inLanguage":"lt-LT"},{"@type":"Organization","@id":"https:\/\/toidupakk.ee\/lt\/#organization","name":"Tactical Foodpack matkaeined","url":"https:\/\/toidupakk.ee\/lt\/","logo":{"@type":"ImageObject","inLanguage":"lt-LT","@id":"https:\/\/toidupakk.ee\/lt\/#\/schema\/logo\/image\/","url":"https:\/\/toidupakk.ee\/wp-content\/uploads\/2022\/01\/Toidupakk-matkapood-logo-transparent.png","contentUrl":"https:\/\/toidupakk.ee\/wp-content\/uploads\/2022\/01\/Toidupakk-matkapood-logo-transparent.png","width":500,"height":500,"caption":"Tactical Foodpack matkaeined"},"image":{"@id":"https:\/\/toidupakk.ee\/lt\/#\/schema\/logo\/image\/"},"sameAs":["https:\/\/www.facebook.com\/Toidupakk","https:\/\/www.instagram.com\/toidupakk\/"]}]}},"jetpack_sharing_enabled":true,"_links":{"self":[{"href":"https:\/\/toidupakk.ee\/lt\/wp-json\/wp\/v2\/pages\/45254","targetHints":{"allow":["GET"]}}],"collection":[{"href":"https:\/\/toidupakk.ee\/lt\/wp-json\/wp\/v2\/pages"}],"about":[{"href":"https:\/\/toidupakk.ee\/lt\/wp-json\/wp\/v2\/types\/page"}],"author":[{"embeddable":true,"href":"https:\/\/toidupakk.ee\/lt\/wp-json\/wp\/v2\/users\/1"}],"replies":[{"embeddable":true,"href":"https:\/\/toidupakk.ee\/lt\/wp-json\/wp\/v2\/comments?post=45254"}],"version-history":[{"count":3,"href":"https:\/\/toidupakk.ee\/lt\/wp-json\/wp\/v2\/pages\/45254\/revisions"}],"predecessor-version":[{"id":45257,"href":"https:\/\/toidupakk.ee\/lt\/wp-json\/wp\/v2\/pages\/45254\/revisions\/45257"}],"wp:attachment":[{"href":"https:\/\/toidupakk.ee\/lt\/wp-json\/wp\/v2\/media?parent=45254"}],"curies":[{"name":"wp","href":"https:\/\/api.w.org\/{rel}","templated":true}]}}