{"id":45251,"date":"2021-09-01T10:05:42","date_gmt":"2021-09-01T07:05:42","guid":{"rendered":"https:\/\/toidupakk.ee\/kontaktai\/"},"modified":"2026-02-19T12:19:51","modified_gmt":"2026-02-19T10:19:51","slug":"kontaktai","status":"publish","type":"page","link":"https:\/\/toidupakk.ee\/lt\/kontaktai\/","title":{"rendered":"Kontaktai"},"content":{"rendered":"\t\t<div data-elementor-type=\"wp-page\" data-elementor-id=\"45251\" class=\"elementor elementor-45251 elementor-64\" data-elementor-post-type=\"page\">\n\t\t\t\t<div class=\"elementor-element elementor-element-454dd5a e-flex e-con-boxed e-con e-parent\" data-id=\"454dd5a\" data-element_type=\"container\" data-e-type=\"container\">\n\t\t\t\t\t<div class=\"e-con-inner\">\n\t\t<div class=\"elementor-element elementor-element-5cc9810 e-con-full e-flex e-con e-child\" data-id=\"5cc9810\" data-element_type=\"container\" data-e-type=\"container\">\n\t\t\t\t<div class=\"elementor-element elementor-element-e6b6560 elementor-widget elementor-widget-text-editor\" data-id=\"e6b6560\" data-element_type=\"widget\" data-e-type=\"widget\" data-widget_type=\"text-editor.default\">\n\t\t\t\t\t\t\t\t\t<p>Ar \u017einojai, kad Toidupakk.ee \u017eygi\u0173 parduotuv\u0117je parduodamas prekes galima ap\u017ei\u016br\u0117ti ir \u012fsigyti ir vietoje?<\/p>\t\t\t\t\t\t\t\t<\/div>\n\t\t\t\t<div class=\"elementor-element elementor-element-0b90f70 elementor-widget elementor-widget-text-editor\" data-id=\"0b90f70\" data-element_type=\"widget\" data-e-type=\"widget\" data-widget_type=\"text-editor.default\">\n\t\t\t\t\t\t\t\t\t<p>Toidupakk.ee \u017eygi\u0173 parduotuv\u0117 \/ ekspozicij\u0173 sal\u0117<\/p>\t\t\t\t\t\t\t\t<\/div>\n\t\t\t\t<div class=\"elementor-element elementor-element-25ce509 elementor-widget elementor-widget-text-editor\" data-id=\"25ce509\" data-element_type=\"widget\" data-e-type=\"widget\" data-widget_type=\"text-editor.default\">\n\t\t\t\t\t\t\t\t\t<p>Vieta: Veski 5, Kiili<br>Dirbame: P\u2013Pn 09:00\u201317:00<br>Kontaktinis numeris: +372 5836 0083<br>El. pa\u0161tas: tellimus@toidupakk.ee<\/p>\t\t\t\t\t\t\t\t<\/div>\n\t\t\t\t<div class=\"elementor-element elementor-element-a5920c3 elementor-widget elementor-widget-image\" data-id=\"a5920c3\" data-element_type=\"widget\" data-e-type=\"widget\" data-widget_type=\"image.default\">\n\t\t\t\t\t\t\t\t\t\t\t\t\t\t\t<img fetchpriority=\"high\" decoding=\"async\" width=\"768\" height=\"432\" src=\"https:\/\/toidupakk.ee\/wp-content\/uploads\/2025\/11\/Toidupaki-showroom-pildid-768x432-1.jpg\" class=\"attachment-large size-large wp-image-45252\" alt=\"\" srcset=\"https:\/\/toidupakk.ee\/wp-content\/uploads\/2025\/11\/Toidupaki-showroom-pildid-768x432-1.jpg 768w, https:\/\/toidupakk.ee\/wp-content\/uploads\/2025\/11\/Toidupaki-showroom-pildid-768x432-1-300x169.jpg 300w\" sizes=\"(max-width: 768px) 100vw, 768px\" \/>\t\t\t\t\t\t\t\t\t\t\t\t\t\t\t<\/div>\n\t\t\t\t<div class=\"elementor-element elementor-element-d28bb0a elementor-widget elementor-widget-text-editor\" data-id=\"d28bb0a\" data-element_type=\"widget\" data-e-type=\"widget\" data-widget_type=\"text-editor.default\">\n\t\t\t\t\t\t\t\t\t<p>El. parduotuv\u0117s valdytojas:<\/p>\t\t\t\t\t\t\t\t<\/div>\n\t\t\t\t<div class=\"elementor-element elementor-element-08f74d6 elementor-widget elementor-widget-text-editor\" data-id=\"08f74d6\" data-element_type=\"widget\" data-e-type=\"widget\" data-widget_type=\"text-editor.default\">\n\t\t\t\t\t\t\t\t\t<p>Unicorn Digital O\u00dc<br>Reg. Nr. 16219924<br>PVM mok\u0117tojo kodas \u2013 EE102444959<br>Atsiskaitomoji s\u0105skaita:<br>EE262200221076615033<br>Swedbank<\/p>\t\t\t\t\t\t\t\t<\/div>\n\t\t\t\t<\/div>\n\t\t<div class=\"elementor-element elementor-element-d019097 e-con-full e-flex e-con e-child\" data-id=\"d019097\" data-element_type=\"container\" data-e-type=\"container\">\n\t\t\t\t<div class=\"elementor-element elementor-element-773a4d5 elementor-widget elementor-widget-shortcode\" data-id=\"773a4d5\" data-element_type=\"widget\" data-e-type=\"widget\" data-widget_type=\"shortcode.default\">\n\t\t\t\t\t\t\t<div class=\"elementor-shortcode\"><div class=\"frm_forms  with_frm_style frm_style_formidable-style\" id=\"frm_form_2_container\" >\n<form enctype=\"multipart\/form-data\" method=\"post\" class=\"frm-show-form \" id=\"form_contact-form2\" >\n<div class=\"frm_form_fields \">\n<fieldset>\n<legend class=\"frm_screen_reader\">Contact Us LT<\/legend>\r\n\r\n<div class=\"frm_fields_container\">\n<input type=\"hidden\" name=\"frm_action\" value=\"create\" \/>\n<input type=\"hidden\" name=\"form_id\" value=\"2\" \/>\n<input type=\"hidden\" name=\"frm_hide_fields_2\" id=\"frm_hide_fields_2\" value=\"\" \/>\n<input type=\"hidden\" name=\"form_key\" value=\"contact-form2\" \/>\n<input type=\"hidden\" name=\"item_meta[0]\" value=\"\" \/>\n<input type=\"hidden\" id=\"frm_submit_entry_2\" name=\"frm_submit_entry_2\" value=\"888dc22bb2\" \/><input type=\"hidden\" name=\"_wp_http_referer\" value=\"\/lt\/wp-json\/wp\/v2\/pages\/45251\" \/><div id=\"frm_field_6_container\" class=\"frm_form_field form-field  frm_required_field frm_top_container frm12 frm_first\">\r\n    <label for=\"field_qh4icy2\" id=\"field_qh4icy2_label\" class=\"frm_primary_label\">Vardas\r\n        <span class=\"frm_required\" aria-hidden=\"true\">*<\/span>\r\n    <\/label>\r\n    <input type=\"text\" id=\"field_qh4icy2\" name=\"item_meta[6]\" value=\"\"  data-reqmsg=\"Palun t\u00e4itke k\u00f5ik v\u00e4ljad korrektselt.\" aria-required=\"true\" data-invmsg=\"Name is invalid\" aria-invalid=\"false\"  \/>\r\n    \r\n    \r\n<\/div>\n<div id=\"frm_field_7_container\" class=\"frm_form_field form-field  frm_required_field frm_top_container frm_full\">\r\n    <label for=\"field_29yf4d2\" id=\"field_29yf4d2_label\" class=\"frm_primary_label\">El. pa\u0161tas\r\n        <span class=\"frm_required\" aria-hidden=\"true\">*<\/span>\r\n    <\/label>\r\n    <input type=\"email\" id=\"field_29yf4d2\" name=\"item_meta[7]\" value=\"\"  data-reqmsg=\"Palun t\u00e4itke k\u00f5ik v\u00e4ljad korrektselt.\" aria-required=\"true\" data-invmsg=\"El. pa\u0161tas is invalid\" aria-invalid=\"false\"  \/>\r\n    \r\n    \r\n<\/div>\n<div id=\"frm_field_8_container\" class=\"frm_form_field form-field  frm_required_field frm_top_container frm_full\">\r\n    <label for=\"field_e6lis62\" id=\"field_e6lis62_label\" class=\"frm_primary_label\">Pavadinimas\r\n        <span class=\"frm_required\" aria-hidden=\"true\">*<\/span>\r\n    <\/label>\r\n    <input type=\"text\" id=\"field_e6lis62\" name=\"item_meta[8]\" value=\"\"  data-reqmsg=\"Palun t\u00e4itke k\u00f5ik v\u00e4ljad korrektselt.\" aria-required=\"true\" data-invmsg=\"Subject is invalid\" aria-invalid=\"false\"  \/>\r\n    \r\n    \r\n<\/div>\n<div id=\"frm_field_9_container\" class=\"frm_form_field form-field  frm_required_field frm_top_container frm_full\">\r\n    <label for=\"field_9jv0r12\" id=\"field_9jv0r12_label\" class=\"frm_primary_label\">Lai\u0161ko turinys\r\n        <span class=\"frm_required\" aria-hidden=\"true\">*<\/span>\r\n    <\/label>\r\n    <textarea name=\"item_meta[9]\" id=\"field_9jv0r12\" rows=\"5\"  data-reqmsg=\"Palun t\u00e4itke k\u00f5ik v\u00e4ljad korrektselt.\" aria-required=\"true\" data-invmsg=\"Lai\u0161ko turinys is invalid\" aria-invalid=\"false\"  ><\/textarea>\r\n    \r\n    \r\n<\/div>\n<div id=\"frm_field_10_container\" class=\"frm_form_field form-field \">\r\n\t<div class=\"frm_submit\">\r\n\r\n<button class=\"frm_button_submit\" type=\"submit\"  >Si\u0173sti lai\u0161k\u0105<\/button>\r\n\r\n<\/div>\r\n<\/div>\n\t<input type=\"hidden\" name=\"item_key\" value=\"\" \/>\n\t\t\t<div id=\"frm_field_17_container\">\n\t\t\t<label for=\"field_96a58\" >\n\t\t\t\tIf you are human, leave this field blank.\t\t\t<\/label>\n\t\t\t<input  id=\"field_96a58\" type=\"text\" class=\"frm_form_field form-field frm_verify\" name=\"item_meta[17]\" value=\"\"  \/>\n\t\t<\/div>\n\t\t<input name=\"frm_state\" type=\"hidden\" value=\"x1G6p8T8Wgm+aVzgLMewS1aS6WQg99FYxxl4UH1xFhc=\" \/><\/div>\n<\/fieldset>\n<\/div>\n\n<\/form>\n<\/div>\n<\/div>\n\t\t\t\t\t\t<\/div>\n\t\t\t\t<\/div>\n\t\t\t\t\t<\/div>\n\t\t\t\t<\/div>\n\t\t<div class=\"elementor-element elementor-element-dd95533 e-flex e-con-boxed e-con e-parent\" data-id=\"dd95533\" data-element_type=\"container\" data-e-type=\"container\">\n\t\t\t\t\t<div class=\"e-con-inner\">\n\t\t<div class=\"elementor-element elementor-element-f234b0d e-con-full e-flex e-con e-child\" data-id=\"f234b0d\" data-element_type=\"container\" data-e-type=\"container\">\n\t\t\t\t<div class=\"elementor-element elementor-element-2e68ff3 elementor-widget elementor-widget-heading\" data-id=\"2e68ff3\" data-element_type=\"widget\" data-e-type=\"widget\" data-widget_type=\"heading.default\">\n\t\t\t\t\t<h2 class=\"elementor-heading-title elementor-size-default\">El. pa\u0161tas: tellimus@toidupakk.ee<\/h2>\t\t\t\t<\/div>\n\t\t\t\t<div class=\"elementor-element elementor-element-b02d3eb elementor-widget elementor-widget-heading\" data-id=\"b02d3eb\" data-element_type=\"widget\" data-e-type=\"widget\" data-widget_type=\"heading.default\">\n\t\t\t\t\t<h2 class=\"elementor-heading-title elementor-size-default\">Tel.: (+372) 5836 0083<\/h2>\t\t\t\t<\/div>\n\t\t\t\t<div class=\"elementor-element elementor-element-27242f3 elementor-widget elementor-widget-heading\" data-id=\"27242f3\" data-element_type=\"widget\" data-e-type=\"widget\" data-widget_type=\"heading.default\">\n\t\t\t\t\t<h2 class=\"elementor-heading-title elementor-size-default\">Pa\u0161to adresas: Veski g. 5, Kiili, 75401<\/h2>\t\t\t\t<\/div>\n\t\t\t\t<\/div>\n\t\t\t\t\t<\/div>\n\t\t\t\t<\/div>\n\t\t\t\t<\/div>\n\t\t","protected":false},"excerpt":{"rendered":"<p>Ar \u017einojai, kad Toidupakk.ee \u017eygi\u0173 parduotuv\u0117je parduodamas prekes galima ap\u017ei\u016br\u0117ti ir \u012fsigyti ir vietoje? Toidupakk.ee \u017eygi\u0173 parduotuv\u0117 \/ ekspozicij\u0173 sal\u0117 Vieta: Veski 5, KiiliDirbame: P\u2013Pn 09:00\u201317:00Kontaktinis numeris: +372 5836 0083El. pa\u0161tas: tellimus@toidupakk.ee El. parduotuv\u0117s valdytojas: Unicorn Digital O\u00dcReg. Nr. 16219924PVM mok\u0117tojo kodas \u2013 EE102444959Atsiskaitomoji s\u0105skaita:EE262200221076615033Swedbank El. pa\u0161tas: tellimus@toidupakk.ee Tel.: (+372) 5836 0083 Pa\u0161to adresas: Veski [&hellip;]<\/p>\n","protected":false},"author":1,"featured_media":0,"parent":0,"menu_order":0,"comment_status":"closed","ping_status":"closed","template":"","meta":{"_acf_changed":false,"footnotes":""},"class_list":["post-45251","page","type-page","status-publish","hentry"],"acf":[],"yoast_head":"<!-- This site is optimized with the Yoast SEO plugin v27.1.1 - https:\/\/yoast.com\/product\/yoast-seo-wordpress\/ -->\n<title>Kontaktai - Toidupakk.ee - Tactical Foodpack toidupakid<\/title>\n<meta name=\"robots\" content=\"index, follow, max-snippet:-1, max-image-preview:large, max-video-preview:-1\" \/>\n<link rel=\"canonical\" href=\"https:\/\/toidupakk.ee\/lt\/kontaktai\/\" \/>\n<meta property=\"og:locale\" content=\"lt_LT\" \/>\n<meta property=\"og:type\" content=\"article\" \/>\n<meta property=\"og:title\" content=\"Kontaktai - Toidupakk.ee - Tactical Foodpack toidupakid\" \/>\n<meta property=\"og:description\" content=\"Ar \u017einojai, kad Toidupakk.ee \u017eygi\u0173 parduotuv\u0117je parduodamas prekes galima ap\u017ei\u016br\u0117ti ir \u012fsigyti ir vietoje? Toidupakk.ee \u017eygi\u0173 parduotuv\u0117 \/ ekspozicij\u0173 sal\u0117 Vieta: Veski 5, KiiliDirbame: P\u2013Pn 09:00\u201317:00Kontaktinis numeris: +372 5836 0083El. pa\u0161tas: tellimus@toidupakk.ee El. parduotuv\u0117s valdytojas: Unicorn Digital O\u00dcReg. Nr. 16219924PVM mok\u0117tojo kodas \u2013 EE102444959Atsiskaitomoji s\u0105skaita:EE262200221076615033Swedbank El. pa\u0161tas: tellimus@toidupakk.ee Tel.: (+372) 5836 0083 Pa\u0161to adresas: Veski [&hellip;]\" \/>\n<meta property=\"og:url\" content=\"https:\/\/toidupakk.ee\/lt\/kontaktai\/\" \/>\n<meta property=\"og:site_name\" content=\"Toidupakk.ee - Tactical Foodpack toidupakid\" \/>\n<meta property=\"article:publisher\" content=\"https:\/\/www.facebook.com\/Toidupakk\" \/>\n<meta property=\"article:modified_time\" content=\"2026-02-19T10:19:51+00:00\" \/>\n<meta property=\"og:image\" content=\"https:\/\/toidupakk.ee\/wp-content\/uploads\/2025\/11\/Toidupaki-showroom-pildid-768x432-1.jpg\" \/>\n\t<meta property=\"og:image:width\" content=\"768\" \/>\n\t<meta property=\"og:image:height\" content=\"432\" \/>\n\t<meta property=\"og:image:type\" content=\"image\/jpeg\" \/>\n<meta name=\"twitter:card\" content=\"summary_large_image\" \/>\n<meta name=\"twitter:label1\" content=\"Est. reading time\" \/>\n\t<meta name=\"twitter:data1\" content=\"1 minut\u0117\" \/>\n<script type=\"application\/ld+json\" class=\"yoast-schema-graph\">{\"@context\":\"https:\/\/schema.org\",\"@graph\":[{\"@type\":\"WebPage\",\"@id\":\"https:\/\/toidupakk.ee\/lt\/kontaktai\/\",\"url\":\"https:\/\/toidupakk.ee\/lt\/kontaktai\/\",\"name\":\"Kontaktai - Toidupakk.ee - Tactical Foodpack toidupakid\",\"isPartOf\":{\"@id\":\"https:\/\/toidupakk.ee\/lt\/#website\"},\"primaryImageOfPage\":{\"@id\":\"https:\/\/toidupakk.ee\/lt\/kontaktai\/#primaryimage\"},\"image\":{\"@id\":\"https:\/\/toidupakk.ee\/lt\/kontaktai\/#primaryimage\"},\"thumbnailUrl\":\"https:\/\/toidupakk.ee\/wp-content\/uploads\/2025\/11\/Toidupaki-showroom-pildid-768x432-1.jpg\",\"datePublished\":\"2021-09-01T07:05:42+00:00\",\"dateModified\":\"2026-02-19T10:19:51+00:00\",\"breadcrumb\":{\"@id\":\"https:\/\/toidupakk.ee\/lt\/kontaktai\/#breadcrumb\"},\"inLanguage\":\"lt-LT\",\"potentialAction\":[{\"@type\":\"ReadAction\",\"target\":[\"https:\/\/toidupakk.ee\/lt\/kontaktai\/\"]}]},{\"@type\":\"ImageObject\",\"inLanguage\":\"lt-LT\",\"@id\":\"https:\/\/toidupakk.ee\/lt\/kontaktai\/#primaryimage\",\"url\":\"https:\/\/toidupakk.ee\/wp-content\/uploads\/2025\/11\/Toidupaki-showroom-pildid-768x432-1.jpg\",\"contentUrl\":\"https:\/\/toidupakk.ee\/wp-content\/uploads\/2025\/11\/Toidupaki-showroom-pildid-768x432-1.jpg\"},{\"@type\":\"BreadcrumbList\",\"@id\":\"https:\/\/toidupakk.ee\/lt\/kontaktai\/#breadcrumb\",\"itemListElement\":[{\"@type\":\"ListItem\",\"position\":1,\"name\":\"Avaleht\",\"item\":\"https:\/\/toidupakk.ee\/lt\/\"},{\"@type\":\"ListItem\",\"position\":2,\"name\":\"Kontaktai\"}]},{\"@type\":\"WebSite\",\"@id\":\"https:\/\/toidupakk.ee\/lt\/#website\",\"url\":\"https:\/\/toidupakk.ee\/lt\/\",\"name\":\"Toidupakk.ee - Tactical Foodpack toidupakid\",\"description\":\"Tactical Foodpack k\u00fclmkuivatatud toidupakid ja matkaeined\",\"publisher\":{\"@id\":\"https:\/\/toidupakk.ee\/lt\/#organization\"},\"potentialAction\":[{\"@type\":\"SearchAction\",\"target\":{\"@type\":\"EntryPoint\",\"urlTemplate\":\"https:\/\/toidupakk.ee\/lt\/?s={search_term_string}\"},\"query-input\":{\"@type\":\"PropertyValueSpecification\",\"valueRequired\":true,\"valueName\":\"search_term_string\"}}],\"inLanguage\":\"lt-LT\"},{\"@type\":\"Organization\",\"@id\":\"https:\/\/toidupakk.ee\/lt\/#organization\",\"name\":\"Tactical Foodpack matkaeined\",\"url\":\"https:\/\/toidupakk.ee\/lt\/\",\"logo\":{\"@type\":\"ImageObject\",\"inLanguage\":\"lt-LT\",\"@id\":\"https:\/\/toidupakk.ee\/lt\/#\/schema\/logo\/image\/\",\"url\":\"https:\/\/toidupakk.ee\/wp-content\/uploads\/2022\/01\/Toidupakk-matkapood-logo-transparent.png\",\"contentUrl\":\"https:\/\/toidupakk.ee\/wp-content\/uploads\/2022\/01\/Toidupakk-matkapood-logo-transparent.png\",\"width\":500,\"height\":500,\"caption\":\"Tactical Foodpack matkaeined\"},\"image\":{\"@id\":\"https:\/\/toidupakk.ee\/lt\/#\/schema\/logo\/image\/\"},\"sameAs\":[\"https:\/\/www.facebook.com\/Toidupakk\",\"https:\/\/www.instagram.com\/toidupakk\/\"]}]}<\/script>\n<!-- \/ Yoast SEO plugin. -->","yoast_head_json":{"title":"Kontaktai - Toidupakk.ee - Tactical Foodpack toidupakid","robots":{"index":"index","follow":"follow","max-snippet":"max-snippet:-1","max-image-preview":"max-image-preview:large","max-video-preview":"max-video-preview:-1"},"canonical":"https:\/\/toidupakk.ee\/lt\/kontaktai\/","og_locale":"lt_LT","og_type":"article","og_title":"Kontaktai - Toidupakk.ee - Tactical Foodpack toidupakid","og_description":"Ar \u017einojai, kad Toidupakk.ee \u017eygi\u0173 parduotuv\u0117je parduodamas prekes galima ap\u017ei\u016br\u0117ti ir \u012fsigyti ir vietoje? Toidupakk.ee \u017eygi\u0173 parduotuv\u0117 \/ ekspozicij\u0173 sal\u0117 Vieta: Veski 5, KiiliDirbame: P\u2013Pn 09:00\u201317:00Kontaktinis numeris: +372 5836 0083El. pa\u0161tas: tellimus@toidupakk.ee El. parduotuv\u0117s valdytojas: Unicorn Digital O\u00dcReg. Nr. 16219924PVM mok\u0117tojo kodas \u2013 EE102444959Atsiskaitomoji s\u0105skaita:EE262200221076615033Swedbank El. pa\u0161tas: tellimus@toidupakk.ee Tel.: (+372) 5836 0083 Pa\u0161to adresas: Veski [&hellip;]","og_url":"https:\/\/toidupakk.ee\/lt\/kontaktai\/","og_site_name":"Toidupakk.ee - Tactical Foodpack toidupakid","article_publisher":"https:\/\/www.facebook.com\/Toidupakk","article_modified_time":"2026-02-19T10:19:51+00:00","og_image":[{"width":768,"height":432,"url":"https:\/\/toidupakk.ee\/wp-content\/uploads\/2025\/11\/Toidupaki-showroom-pildid-768x432-1.jpg","type":"image\/jpeg"}],"twitter_card":"summary_large_image","twitter_misc":{"Est. reading time":"1 minut\u0117"},"schema":{"@context":"https:\/\/schema.org","@graph":[{"@type":"WebPage","@id":"https:\/\/toidupakk.ee\/lt\/kontaktai\/","url":"https:\/\/toidupakk.ee\/lt\/kontaktai\/","name":"Kontaktai - Toidupakk.ee - Tactical Foodpack toidupakid","isPartOf":{"@id":"https:\/\/toidupakk.ee\/lt\/#website"},"primaryImageOfPage":{"@id":"https:\/\/toidupakk.ee\/lt\/kontaktai\/#primaryimage"},"image":{"@id":"https:\/\/toidupakk.ee\/lt\/kontaktai\/#primaryimage"},"thumbnailUrl":"https:\/\/toidupakk.ee\/wp-content\/uploads\/2025\/11\/Toidupaki-showroom-pildid-768x432-1.jpg","datePublished":"2021-09-01T07:05:42+00:00","dateModified":"2026-02-19T10:19:51+00:00","breadcrumb":{"@id":"https:\/\/toidupakk.ee\/lt\/kontaktai\/#breadcrumb"},"inLanguage":"lt-LT","potentialAction":[{"@type":"ReadAction","target":["https:\/\/toidupakk.ee\/lt\/kontaktai\/"]}]},{"@type":"ImageObject","inLanguage":"lt-LT","@id":"https:\/\/toidupakk.ee\/lt\/kontaktai\/#primaryimage","url":"https:\/\/toidupakk.ee\/wp-content\/uploads\/2025\/11\/Toidupaki-showroom-pildid-768x432-1.jpg","contentUrl":"https:\/\/toidupakk.ee\/wp-content\/uploads\/2025\/11\/Toidupaki-showroom-pildid-768x432-1.jpg"},{"@type":"BreadcrumbList","@id":"https:\/\/toidupakk.ee\/lt\/kontaktai\/#breadcrumb","itemListElement":[{"@type":"ListItem","position":1,"name":"Avaleht","item":"https:\/\/toidupakk.ee\/lt\/"},{"@type":"ListItem","position":2,"name":"Kontaktai"}]},{"@type":"WebSite","@id":"https:\/\/toidupakk.ee\/lt\/#website","url":"https:\/\/toidupakk.ee\/lt\/","name":"Toidupakk.ee - Tactical Foodpack toidupakid","description":"Tactical Foodpack k\u00fclmkuivatatud toidupakid ja matkaeined","publisher":{"@id":"https:\/\/toidupakk.ee\/lt\/#organization"},"potentialAction":[{"@type":"SearchAction","target":{"@type":"EntryPoint","urlTemplate":"https:\/\/toidupakk.ee\/lt\/?s={search_term_string}"},"query-input":{"@type":"PropertyValueSpecification","valueRequired":true,"valueName":"search_term_string"}}],"inLanguage":"lt-LT"},{"@type":"Organization","@id":"https:\/\/toidupakk.ee\/lt\/#organization","name":"Tactical Foodpack matkaeined","url":"https:\/\/toidupakk.ee\/lt\/","logo":{"@type":"ImageObject","inLanguage":"lt-LT","@id":"https:\/\/toidupakk.ee\/lt\/#\/schema\/logo\/image\/","url":"https:\/\/toidupakk.ee\/wp-content\/uploads\/2022\/01\/Toidupakk-matkapood-logo-transparent.png","contentUrl":"https:\/\/toidupakk.ee\/wp-content\/uploads\/2022\/01\/Toidupakk-matkapood-logo-transparent.png","width":500,"height":500,"caption":"Tactical Foodpack matkaeined"},"image":{"@id":"https:\/\/toidupakk.ee\/lt\/#\/schema\/logo\/image\/"},"sameAs":["https:\/\/www.facebook.com\/Toidupakk","https:\/\/www.instagram.com\/toidupakk\/"]}]}},"jetpack_sharing_enabled":true,"_links":{"self":[{"href":"https:\/\/toidupakk.ee\/lt\/wp-json\/wp\/v2\/pages\/45251","targetHints":{"allow":["GET"]}}],"collection":[{"href":"https:\/\/toidupakk.ee\/lt\/wp-json\/wp\/v2\/pages"}],"about":[{"href":"https:\/\/toidupakk.ee\/lt\/wp-json\/wp\/v2\/types\/page"}],"author":[{"embeddable":true,"href":"https:\/\/toidupakk.ee\/lt\/wp-json\/wp\/v2\/users\/1"}],"replies":[{"embeddable":true,"href":"https:\/\/toidupakk.ee\/lt\/wp-json\/wp\/v2\/comments?post=45251"}],"version-history":[{"count":4,"href":"https:\/\/toidupakk.ee\/lt\/wp-json\/wp\/v2\/pages\/45251\/revisions"}],"predecessor-version":[{"id":49248,"href":"https:\/\/toidupakk.ee\/lt\/wp-json\/wp\/v2\/pages\/45251\/revisions\/49248"}],"wp:attachment":[{"href":"https:\/\/toidupakk.ee\/lt\/wp-json\/wp\/v2\/media?parent=45251"}],"curies":[{"name":"wp","href":"https:\/\/api.w.org\/{rel}","templated":true}]}}